{"id":2807,"date":"2017-05-16T15:52:02","date_gmt":"2017-05-16T15:52:02","guid":{"rendered":"http:\/\/saver.dbkldp.com\/?page_id=7"},"modified":"2021-01-25T10:22:22","modified_gmt":"2021-01-25T09:22:22","slug":"leben-ohne-pornografie","status":"publish","type":"page","link":"https:\/\/www.safersurfing.org\/be-real\/","title":{"rendered":"Be real"},"content":{"rendered":"<p><div class=\"fusion-fullwidth fullwidth-box fusion-builder-row-1 fusion-flex-container nonhundred-percent-fullwidth non-hundred-percent-height-scrolling\" style=\"--awb-border-radius-top-left:0px;--awb-border-radius-top-right:0px;--awb-border-radius-bottom-right:0px;--awb-border-radius-bottom-left:0px;--awb-flex-wrap:wrap;\" ><div class=\"fusion-builder-row fusion-row fusion-flex-align-items-flex-start fusion-flex-content-wrap\" style=\"max-width:1216.8px;margin-left: calc(-4% \/ 2 );margin-right: calc(-4% \/ 2 );\"><div class=\"fusion-layout-column fusion_builder_column fusion-builder-column-0 fusion_builder_column_1_5 1_5 fusion-flex-column\" style=\"--awb-bg-size:cover;--awb-width-large:20%;--awb-margin-top-large:0px;--awb-spacing-right-large:9.6%;--awb-margin-bottom-large:20px;--awb-spacing-left-large:9.6%;--awb-width-medium:100%;--awb-spacing-right-medium:1.92%;--awb-spacing-left-medium:1.92%;--awb-width-small:100%;--awb-spacing-right-small:1.92%;--awb-spacing-left-small:1.92%;\"><div class=\"fusion-column-wrapper fusion-flex-justify-content-flex-start fusion-content-layout-column\"><div class=\"fusion-text fusion-text-1\"><h1>Be Real.<\/h1>\n<\/div><\/div><\/div><div class=\"fusion-layout-column fusion_builder_column fusion-builder-column-1 fusion_builder_column_2_5 2_5 fusion-flex-column\" style=\"--awb-bg-size:cover;--awb-width-large:40%;--awb-margin-top-large:0px;--awb-spacing-right-large:4.8%;--awb-margin-bottom-large:20px;--awb-spacing-left-large:4.8%;--awb-width-medium:100%;--awb-spacing-right-medium:1.92%;--awb-spacing-left-medium:1.92%;--awb-width-small:100%;--awb-spacing-right-small:1.92%;--awb-spacing-left-small:1.92%;\"><div class=\"fusion-column-wrapper fusion-flex-justify-content-flex-start fusion-content-layout-column\"><div class=\"fusion-text fusion-text-2\"><h2>Say no to Porn.<\/h2>\n<\/div><\/div><\/div><div class=\"fusion-layout-column fusion_builder_column fusion-builder-column-2 fusion_builder_column_2_5 2_5 fusion-flex-column\" style=\"--awb-bg-size:cover;--awb-width-large:40%;--awb-margin-top-large:40px;--awb-spacing-right-large:4.8%;--awb-margin-bottom-large:20px;--awb-spacing-left-large:4.8%;--awb-width-medium:100%;--awb-spacing-right-medium:1.92%;--awb-spacing-left-medium:1.92%;--awb-width-small:100%;--awb-spacing-right-small:1.92%;--awb-spacing-left-small:1.92%;\"><div class=\"fusion-column-wrapper fusion-flex-justify-content-center fusion-content-layout-column\"><\/div><\/div><\/div><\/div><div class=\"fusion-fullwidth fullwidth-box fusion-builder-row-2 fusion-flex-container nonhundred-percent-fullwidth non-hundred-percent-height-scrolling\" style=\"--awb-border-radius-top-left:0px;--awb-border-radius-top-right:0px;--awb-border-radius-bottom-right:0px;--awb-border-radius-bottom-left:0px;--awb-flex-wrap:wrap;\" ><div class=\"fusion-builder-row fusion-row fusion-flex-align-items-flex-start fusion-flex-content-wrap\" style=\"max-width:calc( 1170px + 0px );margin-left: calc(-0px \/ 2 );margin-right: calc(-0px \/ 2 );\"><div class=\"fusion-layout-column fusion_builder_column fusion-builder-column-3 fusion_builder_column_1_1 1_1 fusion-flex-column\" style=\"--awb-padding-top:4%;--awb-padding-right:4%;--awb-padding-bottom:4%;--awb-padding-left:4%;--awb-bg-color:#ffffff;--awb-bg-color-hover:#ffffff;--awb-bg-size:cover;--awb-border-color:#bababa;--awb-border-bottom:0;--awb-border-style:solid;--awb-width-large:100%;--awb-margin-top-large:0px;--awb-spacing-right-large:0px;--awb-margin-bottom-large:20px;--awb-spacing-left-large:0px;--awb-width-medium:100%;--awb-spacing-right-medium:0px;--awb-spacing-left-medium:0px;--awb-width-small:100%;--awb-spacing-right-small:0px;--awb-spacing-left-small:0px;\"><div class=\"fusion-column-wrapper fusion-flex-justify-content-flex-start fusion-content-layout-column\"><div class=\"fusion-blog-shortcode fusion-blog-shortcode-1 fusion-blog-archive fusion-blog-layout-large fusion-blog-no\"><div class=\"fusion-posts-container fusion-posts-container-no fusion-no-meta-info\" data-pages=\"1\"><article id=\"blog-1-post-3353\" class=\"fusion-post-large has-post-thumbnail post-3353 post type-post status-publish format-video hentry category-allgemein post_format-post-format-video\">\n\t<style type=\"text\/css\">\n\t\t\n\t\t\n\t\t\n\t\t\n\t\t\t<\/style>\n\n\n\t\t\t<div class=\"fusion-flexslider flexslider fusion-flexslider-loading fusion-post-slideshow\" style=\"\">\n\t\t<ul class=\"slides\">\n\t\t\t\t\t\t\t<li>\n\t\t\t\t\t<div class=\"full-video\"><iframe id=\"ytplayer\" type=\"text\/html\" width=\"560\" height=\"315\" src=\"https:\/\/www.youtube-nocookie.com\/embed\/UvLnETFWZmk?cc_load_policy=1&autohide=1&modestbranding=1&rel=0\" frameborder=\"0\" allow=\"autoplay; encrypted-media\" allowfullscreen><\/iframe><\/div>\n\t\t\t\t<\/li>\n\t\t\t\n\t\t\t\t\t\t\n\t\t\t\n\t\t\t\t\t\t\t\t\t\t\t\t\t\t\t\t\t\t\t\t\t\t\t\t\t\t\t\t\t\t\t\t\t\t\t\t\t\t\t\t\t\t\t\t\t\t\t\t\t\t\t\t\t\t\t\t\t\t\t\t\t\t\t\t\t\t\t\t<\/ul>\n\t<\/div>\n\t<div class=\"fusion-post-content post-content\"><h2 class=\"blog-shortcode-post-title entry-title\"><a href=\"https:\/\/www.safersurfing.org\/be-real\/was-macht-pornos-mit-dir\/\">Was machen Pornos mit mir?<\/a><\/h2><div class=\"fusion-post-content-container\"><p>Unser Gehirn und die Hormone k\u00f6nnen nicht unterscheiden zwischen einem Porno und einer richtigen Beziehung.\r\n<br>\r\n<\/p><div><a class=\"fusion-button button-flat fusion-button-default-size button-default fusion-button-default button-1 fusion-button-default-span fusion-button-default-type fusion-lightbox-link\" target=\"_self\" href=\"https:\/\/www.youtube.com\/watch?v=UvLnETFWZmk?rel=0\"><span class=\"fusion-button-text awb-button__text awb-button__text--default\">Video ansehen<\/span><\/a><\/div><\/div><\/div><div class=\"fusion-clearfix\"><\/div><\/article>\n<article id=\"blog-1-post-3362\" class=\"fusion-post-large has-post-thumbnail post-3362 post type-post status-publish format-video hentry category-allgemein post_format-post-format-video\">\n\t<style type=\"text\/css\">\n\t\t\n\t\t\n\t\t\n\t\t\n\t\t\t<\/style>\n\n\n\t\t\t<div class=\"fusion-flexslider flexslider fusion-flexslider-loading fusion-post-slideshow\" style=\"\">\n\t\t<ul class=\"slides\">\n\t\t\t\t\t\t\t<li>\n\t\t\t\t\t<div class=\"full-video\"><iframe id=\"ytplayer\" type=\"text\/html\" width=\"560\" height=\"315\" src=\"https:\/\/www.youtube-nocookie.com\/embed\/KzQ2BrmMORE?cc_load_policy=1&autohide=1&modestbranding=1&rel=0\" frameborder=\"0\" allow=\"autoplay; encrypted-media\" allowfullscreen><\/iframe><\/div>\n\t\t\t\t<\/li>\n\t\t\t\n\t\t\t\t\t\t\n\t\t\t\n\t\t\t\t\t\t\t\t\t\t\t\t\t\t\t\t\t\t\t\t\t\t\t\t\t\t\t\t\t\t\t\t\t\t\t\t\t\t\t\t\t\t\t\t\t\t\t\t\t\t\t\t\t\t\t\t\t\t\t\t\t\t\t\t\t\t\t\t<\/ul>\n\t<\/div>\n\t<div class=\"fusion-post-content post-content\"><h2 class=\"blog-shortcode-post-title entry-title\"><a href=\"https:\/\/www.safersurfing.org\/be-real\/die-kampfansage\/\">Die Kampfansage<\/a><\/h2><div class=\"fusion-post-content-container\"><p>Stress, \u00fcberall ist Stress. In der Arbeitswelt, in der Schule, du hetzt von Termin zu Termin, von Treffen zu Treffen. Irgendwann willst du nur abschalten und Druck ablassen.\r\n<br>\r\n<\/p><div><a class=\"fusion-button button-flat fusion-button-default-size button-default fusion-button-default button-2 fusion-button-default-span fusion-button-default-type fusion-lightbox-link\" target=\"_self\" href=\"https:\/\/www.youtube.com\/watch?v=KzQ2BrmMORE\"><span class=\"fusion-button-text awb-button__text awb-button__text--default\">Video ansehen<\/span><\/a><\/div><\/div><\/div><div class=\"fusion-clearfix\"><\/div><\/article>\n<article id=\"blog-1-post-3365\" class=\"fusion-post-large has-post-thumbnail post-3365 post type-post status-publish format-video hentry category-allgemein post_format-post-format-video\">\n\t<style type=\"text\/css\">\n\t\t\n\t\t\n\t\t\n\t\t\n\t\t\t<\/style>\n\n\n\t\t\t<div class=\"fusion-flexslider flexslider fusion-flexslider-loading fusion-post-slideshow\" style=\"\">\n\t\t<ul class=\"slides\">\n\t\t\t\t\t\t\t<li>\n\t\t\t\t\t<div class=\"full-video\"><iframe id=\"ytplayer\" type=\"text\/html\" width=\"560\" height=\"315\" src=\"https:\/\/www.youtube-nocookie.com\/embed\/iT3BQjD5Otk?cc_load_policy=1&autohide=1&modestbranding=1&rel=0\" frameborder=\"0\" allow=\"autoplay; encrypted-media\" allowfullscreen><\/iframe><\/div>\n\t\t\t\t<\/li>\n\t\t\t\n\t\t\t\t\t\t\n\t\t\t\n\t\t\t\t\t\t\t\t\t\t\t\t\t\t\t\t\t\t\t\t\t\t\t\t\t\t\t\t\t\t\t\t\t\t\t\t\t\t\t\t\t\t\t\t\t\t\t\t\t\t\t\t\t\t\t\t\t\t\t\t\t\t\t\t\t\t\t\t<\/ul>\n\t<\/div>\n\t<div class=\"fusion-post-content post-content\"><h2 class=\"blog-shortcode-post-title entry-title\"><a href=\"https:\/\/www.safersurfing.org\/be-real\/die-sucht\/\">Die Sucht<\/a><\/h2><div class=\"fusion-post-content-container\"><p>Je mehr du Pornos schaust, desto mehr Dopamin wird dein K\u00f6rper aussch\u00fctten,\u00a0was dir einerseits einen kurzen Gl\u00fccksmoment gibt, aber dich nicht auf Dauer befriedigen kann. Der K\u00f6rper verkn\u00fcpft mit Sex (den du gedanklich mit dem Porno ja hast) eine Beziehung. \u00a0\r\n<br>\r\n<\/p><div><a class=\"fusion-button button-flat fusion-button-default-size button-default fusion-button-default button-3 fusion-button-default-span fusion-button-default-type fusion-lightbox-link\" target=\"_self\" href=\"https:\/\/www.youtube.com\/watch?v=iT3BQjD5Otk\"><span class=\"fusion-button-text awb-button__text awb-button__text--default\">Video ansehen<\/span><\/a><\/div><\/div><\/div><div class=\"fusion-clearfix\"><\/div><\/article>\n<article id=\"blog-1-post-3364\" class=\"fusion-post-large has-post-thumbnail post-3364 post type-post status-publish format-standard hentry category-allgemein\">\n\t<style type=\"text\/css\">\n\t\t\n\t\t\n\t\t\n\t\t\n\t\t\t<\/style>\n\n\n\t\t\t<div class=\"fusion-flexslider flexslider fusion-flexslider-loading fusion-post-slideshow\" style=\"\">\n\t\t<ul class=\"slides\">\n\t\t\t\t\t\t\t<li>\n\t\t\t\t\t<div class=\"full-video\"><iframe id=\"ytplayer\" type=\"text\/html\" width=\"560\" height=\"315\" src=\"https:\/\/www.youtube-nocookie.com\/embed\/5KhjaLAaRb4?cc_load_policy=1&autohide=1&modestbranding=1&rel=0\" frameborder=\"0\" allow=\"autoplay; encrypted-media\" allowfullscreen><\/iframe><\/div>\n\t\t\t\t<\/li>\n\t\t\t\n\t\t\t\t\t\t\n\t\t\t\n\t\t\t\t\t\t\t\t\t\t\t\t\t\t\t\t\t\t\t\t\t\t\t\t\t\t\t\t\t\t\t\t\t\t\t\t\t\t\t\t\t\t\t\t\t\t\t\t\t\t\t\t\t\t\t\t\t\t\t\t\t\t\t\t\t\t\t\t<\/ul>\n\t<\/div>\n\t<div class=\"fusion-post-content post-content\"><h2 class=\"blog-shortcode-post-title entry-title\"><a href=\"https:\/\/www.safersurfing.org\/be-real\/deine-identitaet\/\">Deine Identit\u00e4t<\/a><\/h2><div class=\"fusion-post-content-container\"><p>Wer bin ich? Was definiert mich? Was kann ich? Was will ich? Wenn wir Kinder sind, antworten wir auf die Frage immer mit unserem Namen.\r\n<br>\r\n<\/p><div><a class=\"fusion-button button-flat fusion-button-default-size button-default fusion-button-default button-4 fusion-button-default-span fusion-button-default-type fusion-lightbox-link\" target=\"_self\" href=\"https:\/\/www.youtube.com\/watch?v=5KhjaLAaRb4\"><span class=\"fusion-button-text awb-button__text awb-button__text--default\">Video ansehen<\/span><\/a><\/div><\/div><\/div><div class=\"fusion-clearfix\"><\/div><\/article>\n<article id=\"blog-1-post-3368\" class=\"fusion-post-large has-post-thumbnail post-3368 post type-post status-publish format-video hentry category-allgemein post_format-post-format-video\">\n\t<style type=\"text\/css\">\n\t\t\n\t\t\n\t\t\n\t\t\n\t\t\t<\/style>\n\n\n\t\t\t<div class=\"fusion-flexslider flexslider fusion-flexslider-loading fusion-post-slideshow\" style=\"\">\n\t\t<ul class=\"slides\">\n\t\t\t\t\t\t\t<li>\n\t\t\t\t\t<div class=\"full-video\"><iframe id=\"ytplayer\" type=\"text\/html\" width=\"560\" height=\"315\" src=\"https:\/\/www.youtube-nocookie.com\/embed\/egAbREy5-y8?cc_load_policy=1&autohide=1&modestbranding=1&rel=0\" frameborder=\"0\" allow=\"autoplay; encrypted-media\" allowfullscreen><\/iframe>\r\n<\/div>\n\t\t\t\t<\/li>\n\t\t\t\n\t\t\t\t\t\t\n\t\t\t\n\t\t\t\t\t\t\t\t\t\t\t\t\t\t\t\t\t\t\t\t\t\t\t\t\t\t\t\t\t\t\t\t\t\t\t\t\t\t\t\t\t\t\t\t\t\t\t\t\t\t\t\t\t\t\t\t\t\t\t\t\t\t\t\t\t\t\t\t<\/ul>\n\t<\/div>\n\t<div class=\"fusion-post-content post-content\"><h2 class=\"blog-shortcode-post-title entry-title\"><a href=\"https:\/\/www.safersurfing.org\/be-real\/gesunde-sexualitaet\/\">Gesunde Sexualit\u00e4t<\/a><\/h2><div class=\"fusion-post-content-container\"><p>Eine gesunde Sexualit\u00e4t ist eine positive Kraft. Sie hat mit meinen Gef\u00fchlen, meinem K\u00f6rper, meinem Verstand, meinem Umfeld und auch und vor allem mit meiner Seele, meinem Geist zu tun.\r\n<br>\r\n<\/p><div><a class=\"fusion-button button-flat fusion-button-default-size button-default fusion-button-default button-5 fusion-button-default-span fusion-button-default-type fusion-lightbox-link\" target=\"_self\" href=\"https:\/\/www.youtube.com\/watch?v=egAbREy5-y8\"><span class=\"fusion-button-text awb-button__text awb-button__text--default\">Video ansehen<\/span><\/a><\/div><\/div><\/div><div class=\"fusion-clearfix\"><\/div><\/article>\n<article id=\"blog-1-post-3370\" class=\"fusion-post-large has-post-thumbnail post-3370 post type-post status-publish format-video hentry category-allgemein post_format-post-format-video\">\n\t<style type=\"text\/css\">\n\t\t\n\t\t\n\t\t\n\t\t\n\t\t\t<\/style>\n\n\n\t\t\t<div class=\"fusion-flexslider flexslider fusion-flexslider-loading fusion-post-slideshow\" style=\"\">\n\t\t<ul class=\"slides\">\n\t\t\t\t\t\t\t<li>\n\t\t\t\t\t<div class=\"full-video\"><iframe id=\"ytplayer\" type=\"text\/html\" width=\"560\" height=\"315\" src=\"https:\/\/www.youtube-nocookie.com\/embed\/j1TSbR1kzag?cc_load_policy=1&autohide=1&modestbranding=1&rel=0\" frameborder=\"0\" allow=\"autoplay; encrypted-media\" allowfullscreen><\/iframe>\r\n<\/div>\n\t\t\t\t<\/li>\n\t\t\t\n\t\t\t\t\t\t\n\t\t\t\n\t\t\t\t\t\t\t\t\t\t\t\t\t\t\t\t\t\t\t\t\t\t\t\t\t\t\t\t\t\t\t\t\t\t\t\t\t\t\t\t\t\t\t\t\t\t\t\t\t\t\t\t\t\t\t\t\t\t\t\t\t\t\t\t\t\t\t\t<\/ul>\n\t<\/div>\n\t<div class=\"fusion-post-content post-content\"><h2 class=\"blog-shortcode-post-title entry-title\"><a href=\"https:\/\/www.safersurfing.org\/be-real\/single-sein\/\">Single Sein<\/a><\/h2><div class=\"fusion-post-content-container\"><p>Single sein, tut nicht weh und funktioniert. Ich bin aber Single?! Das ist nicht schlimm. Genie\u00dfe dein Singleleben. Lerne dich kennen! Finde dich selbst. Bereise die Welt. Sei ein Entdecker.\r\n<br>\r\n<\/p><div><a class=\"fusion-button button-flat fusion-button-default-size button-default fusion-button-default button-6 fusion-button-default-span fusion-button-default-type fusion-lightbox-link\" target=\"_self\" href=\"https:\/\/www.youtube.com\/watch?v=j1TSbR1kzag\"><span class=\"fusion-button-text awb-button__text awb-button__text--default\">Video ansehen<\/span><\/a><\/div><\/div><\/div><div class=\"fusion-clearfix\"><\/div><\/article>\n<article id=\"blog-1-post-3372\" class=\"fusion-post-large has-post-thumbnail post-3372 post type-post status-publish format-standard hentry category-allgemein\">\n\t<style type=\"text\/css\">\n\t\t\n\t\t\n\t\t\n\t\t\n\t\t\t<\/style>\n\n\n\t\t\t<div class=\"fusion-flexslider flexslider fusion-flexslider-loading fusion-post-slideshow\" style=\"\">\n\t\t<ul class=\"slides\">\n\t\t\t\t\t\t\t<li>\n\t\t\t\t\t<div class=\"full-video\"><iframe id=\"ytplayer\" type=\"text\/html\" width=\"560\" height=\"315\" src=\"https:\/\/www.youtube-nocookie.com\/embed\/dpI2e--3AeU?cc_load_policy=1&autohide=1&modestbranding=1&rel=0\" frameborder=\"0\" allow=\"autoplay; encrypted-media\" allowfullscreen><\/iframe><\/div>\n\t\t\t\t<\/li>\n\t\t\t\n\t\t\t\t\t\t\n\t\t\t\n\t\t\t\t\t\t\t\t\t\t\t\t\t\t\t\t\t\t\t\t\t\t\t\t\t\t\t\t\t\t\t\t\t\t\t\t\t\t\t\t\t\t\t\t\t\t\t\t\t\t\t\t\t\t\t\t\t\t\t\t\t\t\t\t\t\t\t\t<\/ul>\n\t<\/div>\n\t<div class=\"fusion-post-content post-content\"><h2 class=\"blog-shortcode-post-title entry-title\"><a href=\"https:\/\/www.safersurfing.org\/be-real\/menschenhandel\/\">Menschenhandel<\/a><\/h2><div class=\"fusion-post-content-container\"><p>Ein Mensch ist eine Mensch ist ein Mensch ... Menschen sind nicht Ware, sie k\u00f6nnen nicht gekauft werden.\u00a0\r\n<br>\r\n<\/p><div><a class=\"fusion-button button-flat fusion-button-default-size button-default fusion-button-default button-7 fusion-button-default-span fusion-button-default-type fusion-lightbox-link\" target=\"_self\" href=\"https:\/\/www.youtube.com\/watch?v=dpI2e--3AeU\"><span class=\"fusion-button-text awb-button__text awb-button__text--default\">Video ansehen<\/span><\/a><\/div><\/div><\/div><div class=\"fusion-clearfix\"><\/div><\/article>\n<\/div><\/div><\/div><\/div><\/div><\/div><\/p>\n","protected":false},"excerpt":{"rendered":"","protected":false},"author":1,"featured_media":0,"parent":0,"menu_order":0,"comment_status":"closed","ping_status":"open","template":"100-width.php","meta":{"footnotes":""},"class_list":["post-2807","page","type-page","status-publish","hentry"],"yoast_head":"<!-- This site is optimized with the Yoast SEO Premium plugin v27.0 (Yoast SEO v27.0) - https:\/\/yoast.com\/product\/yoast-seo-premium-wordpress\/ -->\n<title>Be real - Say no to Porn - Eine Kampagne von Safersurfing<\/title>\n<meta name=\"robots\" content=\"index, follow, max-snippet:-1, max-image-preview:large, max-video-preview:-1\" \/>\n<link rel=\"canonical\" href=\"https:\/\/www.safersurfing.org\/be-real\/\" \/>\n<meta property=\"og:locale\" content=\"de_DE\" \/>\n<meta property=\"og:type\" content=\"article\" \/>\n<meta property=\"og:title\" content=\"Be real\" \/>\n<meta property=\"og:url\" content=\"https:\/\/www.safersurfing.org\/be-real\/\" \/>\n<meta property=\"og:site_name\" content=\"Be Real\" \/>\n<meta property=\"article:modified_time\" content=\"2021-01-25T09:22:22+00:00\" \/>\n<meta name=\"twitter:card\" content=\"summary_large_image\" \/>\n<meta name=\"twitter:label1\" content=\"Gesch\u00e4tzte Lesezeit\" \/>\n\t<meta name=\"twitter:data1\" content=\"3\u00a0Minuten\" \/>\n<script type=\"application\/ld+json\" class=\"yoast-schema-graph\">{\"@context\":\"https:\/\/schema.org\",\"@graph\":[{\"@type\":\"WebPage\",\"@id\":\"https:\/\/www.safersurfing.org\/be-real\/\",\"url\":\"https:\/\/www.safersurfing.org\/be-real\/\",\"name\":\"Be real - Say no to Porn - Eine Kampagne von Safersurfing\",\"isPartOf\":{\"@id\":\"https:\/\/www.safersurfing.org\/be-real\/#website\"},\"datePublished\":\"2017-05-16T15:52:02+00:00\",\"dateModified\":\"2021-01-25T09:22:22+00:00\",\"breadcrumb\":{\"@id\":\"https:\/\/www.safersurfing.org\/be-real\/#breadcrumb\"},\"inLanguage\":\"de\",\"potentialAction\":[{\"@type\":\"ReadAction\",\"target\":[\"https:\/\/www.safersurfing.org\/be-real\/\"]}]},{\"@type\":\"BreadcrumbList\",\"@id\":\"https:\/\/www.safersurfing.org\/be-real\/#breadcrumb\",\"itemListElement\":[{\"@type\":\"ListItem\",\"position\":1,\"name\":\"Startseite\",\"item\":\"https:\/\/www.safersurfing.org\/be-real\/\"},{\"@type\":\"ListItem\",\"position\":2,\"name\":\"Be real\"}]},{\"@type\":\"WebSite\",\"@id\":\"https:\/\/www.safersurfing.org\/be-real\/#website\",\"url\":\"https:\/\/www.safersurfing.org\/be-real\/\",\"name\":\"Be Real\",\"description\":\"\",\"potentialAction\":[{\"@type\":\"SearchAction\",\"target\":{\"@type\":\"EntryPoint\",\"urlTemplate\":\"https:\/\/www.safersurfing.org\/be-real\/?s={search_term_string}\"},\"query-input\":{\"@type\":\"PropertyValueSpecification\",\"valueRequired\":true,\"valueName\":\"search_term_string\"}}],\"inLanguage\":\"de\"}]}<\/script>\n<!-- \/ Yoast SEO Premium plugin. -->","yoast_head_json":{"title":"Be real - Say no to Porn - Eine Kampagne von Safersurfing","robots":{"index":"index","follow":"follow","max-snippet":"max-snippet:-1","max-image-preview":"max-image-preview:large","max-video-preview":"max-video-preview:-1"},"canonical":"https:\/\/www.safersurfing.org\/be-real\/","og_locale":"de_DE","og_type":"article","og_title":"Be real","og_url":"https:\/\/www.safersurfing.org\/be-real\/","og_site_name":"Be Real","article_modified_time":"2021-01-25T09:22:22+00:00","twitter_card":"summary_large_image","twitter_misc":{"Gesch\u00e4tzte Lesezeit":"3\u00a0Minuten"},"schema":{"@context":"https:\/\/schema.org","@graph":[{"@type":"WebPage","@id":"https:\/\/www.safersurfing.org\/be-real\/","url":"https:\/\/www.safersurfing.org\/be-real\/","name":"Be real - Say no to Porn - Eine Kampagne von Safersurfing","isPartOf":{"@id":"https:\/\/www.safersurfing.org\/be-real\/#website"},"datePublished":"2017-05-16T15:52:02+00:00","dateModified":"2021-01-25T09:22:22+00:00","breadcrumb":{"@id":"https:\/\/www.safersurfing.org\/be-real\/#breadcrumb"},"inLanguage":"de","potentialAction":[{"@type":"ReadAction","target":["https:\/\/www.safersurfing.org\/be-real\/"]}]},{"@type":"BreadcrumbList","@id":"https:\/\/www.safersurfing.org\/be-real\/#breadcrumb","itemListElement":[{"@type":"ListItem","position":1,"name":"Startseite","item":"https:\/\/www.safersurfing.org\/be-real\/"},{"@type":"ListItem","position":2,"name":"Be real"}]},{"@type":"WebSite","@id":"https:\/\/www.safersurfing.org\/be-real\/#website","url":"https:\/\/www.safersurfing.org\/be-real\/","name":"Be Real","description":"","potentialAction":[{"@type":"SearchAction","target":{"@type":"EntryPoint","urlTemplate":"https:\/\/www.safersurfing.org\/be-real\/?s={search_term_string}"},"query-input":{"@type":"PropertyValueSpecification","valueRequired":true,"valueName":"search_term_string"}}],"inLanguage":"de"}]}},"_links":{"self":[{"href":"https:\/\/www.safersurfing.org\/be-real\/wp-json\/wp\/v2\/pages\/2807","targetHints":{"allow":["GET"]}}],"collection":[{"href":"https:\/\/www.safersurfing.org\/be-real\/wp-json\/wp\/v2\/pages"}],"about":[{"href":"https:\/\/www.safersurfing.org\/be-real\/wp-json\/wp\/v2\/types\/page"}],"author":[{"embeddable":true,"href":"https:\/\/www.safersurfing.org\/be-real\/wp-json\/wp\/v2\/users\/1"}],"replies":[{"embeddable":true,"href":"https:\/\/www.safersurfing.org\/be-real\/wp-json\/wp\/v2\/comments?post=2807"}],"version-history":[{"count":0,"href":"https:\/\/www.safersurfing.org\/be-real\/wp-json\/wp\/v2\/pages\/2807\/revisions"}],"wp:attachment":[{"href":"https:\/\/www.safersurfing.org\/be-real\/wp-json\/wp\/v2\/media?parent=2807"}],"curies":[{"name":"wp","href":"https:\/\/api.w.org\/{rel}","templated":true}]}}