{"id":2818,"date":"2017-07-05T13:05:37","date_gmt":"2017-07-05T13:05:37","guid":{"rendered":"http:\/\/safer.dbkldp.com\/?page_id=155"},"modified":"2025-03-04T21:39:31","modified_gmt":"2025-03-04T20:39:31","slug":"imprint","status":"publish","type":"page","link":"https:\/\/www.safersurfing.org\/loveismore-en\/imprint\/","title":{"rendered":"Imprint"},"content":{"rendered":"<header class=\"entry-header\">\n<h1>Imprint<\/h1>\n<p>Disclosure in accordance with \u00a725 Media Act<\/p>\n<h2>Owner of this Media<\/h2>\n<\/header>\n<p>Safersurfing<br \/>\nEnzersdorfer Stra\u00dfe 43\/106<br \/>\n2340 M\u00f6dling<\/p>\n<p>ZVR-Nr.: 730044457<\/p>\n<p><strong>Represented by:<\/strong><br \/>\nBarbara Zoklits (Obfrau)<\/p>\n<p>This website is the common website of<\/p>\n<p style=\"padding-left: 30px;\">\u25cf\u00a0 Safersurfing Austria and<br \/>\n\u25cf\u00a0 Safersurfing e.V. Germany<\/p>\n<p>and is financed by the above mentioned organizations.<\/p>\n<h3>Safersurfing Austria is responsible for the content.<\/h3>\n<h3>Scientific Advisory Board<\/h3>\n<p>Prof. (US) Dr. Jakob M. Past\u00f6tter, M.A.<br \/>\nPrim. Univ. Prof. Dr. Wolfgang Sperl<br \/>\nDr. Dominik Batthy\u00e1ny<\/p>\n<h3>The NPO is represented by<\/h3>\n<p>Barbara Zoklits (Chairwoman)<\/p>\n<h3>Safersurfing is a member of<\/h3>\n<ul>\n<li><a href=\"http:\/\/www.kinderjugendgesundheit.at\/\">\u00d6sterreichische Liga f\u00fcr Kinder- und Jugendgesundheit<\/a><\/li>\n<li><a href=\"http:\/\/www.fundraising.at\/\">FVA Fundraising Verband Austria<\/a><\/li>\n<\/ul>\n<h3><strong>Safersurfing is a partner of<\/strong><\/h3>\n<ul>\n<li><a href=\"http:\/\/www.return-mediensucht.de\/\">return \u2013 Fachstelle Mediensucht<\/a><\/li>\n<li><a href=\"http:\/\/www.noe.gv.at\/noe\/index.html\">Landesregierung Nieder\u00f6sterreich<\/a><\/li>\n<li>Various pedagogical colleges<\/li>\n<\/ul>\n<h3>Donations<\/h3>\n<p><strong>Donations from Germany<\/strong>\u00a0(tax deductible):<br \/>\nOnline Donations<br \/>\nSafersurfing e.V.<br \/>\nIBAN: DE23 3702 0500 0009 4319 01<br \/>\nBIC: BFSWDE33HAN<br \/>\nBank f\u00fcr Sozialwirtschaft<br \/>\nPayment reference: donation<\/p>\n<p><strong>Donations from Austria\u00a0<\/strong>(tax deductible) and Switzerland:<br \/>\nSafersurfing<br \/>\nIBAN: AT05 1200 0100 1525 3478<br \/>\nBIC: BKAUATWW<br \/>\nBank Austria, 1010 Vienna, Austria<br \/>\nPayment reference: donation<\/p>\n<p>The NPO is tax exempt.<\/p>\n<p>&nbsp;<\/p>\n<h2>Contact<\/h2>\n<p>Phone: +43 2236 864 327<br \/>\nE-mail: safer@safersurfing.org<\/p>\n<h2>Supervisory authority<\/h2>\n<p>Bezirkshauptmannschaft M\u00f6dling, Bahnstra\u00dfe 2, A-2340 M\u00f6dling, \u00d6sterreich<\/p>\n<p><a href=\"http:\/\/www.noe.gv.at\/noe\/Moedling\/Bezirkshauptmannschaft_Moedling.html\" target=\"_blank\" rel=\"noopener noreferrer\">http:\/\/www.noe.gv.at\/noe\/Moedling\/Bezirkshauptmannschaft_Moedling.html<\/a><\/p>\n<h2>Responsible for the content<\/h2>\n<p>Barbara Zoklits, Enzersdorfer Stra\u00dfe 43\/106, 2340 M\u00f6dling, \u00d6sterreich<\/p>\n<h3>Purpose of the NPO, scope and direction of the Website<\/h3>\n<p>The NPO, whose activity is not aimed at profit, aims to help protect children, adolescents, and adults on the internet: taking measures to protect from addictive content, in particular pornography and related topics, by sharing preventative and educational information (assisting in the mediation of therapeutic offers eg trained specialist staff, support groups &#8211; through website links, information events, etc.). Moreover, help for addicted persons and their partners.<\/p>\n<h3>Basic Direction<\/h3>\n<p>The website of the NPO Safersurfing has the goal to report about topics currently dealt with by the NPO, events, personal stories, available assistance, scientific findings on addiction and pornography, as well as other topics that correspond to the NPO&#8217;s statutes.<\/p>\n<h2>EU dispute resolution<\/h2>\n<p>The European Commission provides a platform for online dispute resolution (ODR): <a href=\"https:\/\/ec.europa.eu\/consumers\/odr\" target=\"_blank\" rel=\"noopener noreferrer\">https:\/\/ec.europa.eu\/consumers\/odr<\/a>.<br \/>\nOur e-mail address can be found above in the site notice.<\/p>\n<p>We are not willing or obliged to participate in dispute resolution proceedings before a consumer arbitration board. Place of Jurisdiction &#8211;\u00a0Austria. Austrian law applies.<\/p>\n<h3>Liability for Contents<\/h3>\n<p>As service providers, we are liable for own contents of these websites. We as service providers are not obligated to permanently monitor submitted or stored information or to search for evidences that indicate illegal activities.<\/p>\n<p>Legal obligations to removing information or to blocking the use of information remain unchallenged. In this case, liability is only possible at the time of knowledge about a specific violation of law. Illegal contents will be removed immediately at the time we get knowledge of them.<\/p>\n<h3>Liability for Links<\/h3>\n<p>Our offer includes links to external third party websites. We have no influence on the contents of those websites, therefore we cannot guarantee for those contents. Providers or administrators of linked websites are always responsible for their own contents.<\/p>\n<p>The linked websites had been checked for possible violations of law at the time of the establishment of the link. Illegal contents were not detected at the time of the linking. A permanent monitoring of the contents of linked websites cannot be imposed without reasonable indications that there has been a violation of law. Illegal links will be removed immediately at the time we get knowledge of them.<\/p>\n<h3>Copyright<\/h3>\n<p>Contents and compilations published on these websites by the providers are subject to German copyright laws. Reproduction, editing, distribution as well as the use of any kind outside the scope of the copyright law require a written permission of the author or originator. Downloads and copies of these websites are permitted for private use only.<br \/>\nThe commercial use of our contents without permission of the originator is prohibited.<\/p>\n<p>Copyright laws of third parties are respected as long as the contents on these websites do not originate from the provider. Contributions of third parties on this site are indicated as such. However, if you notice any violations of copyright law, please inform us. Such contents will be removed immediately.<\/p>\n","protected":false},"excerpt":{"rendered":"<p>Imprint Disclosure in accordance with \u00a725 Media Act Owner of  [&#8230;]<\/p>\n","protected":false},"author":27,"featured_media":0,"parent":0,"menu_order":0,"comment_status":"closed","ping_status":"open","template":"","meta":{"give_campaign_id":0,"footnotes":""},"class_list":["post-2818","page","type-page","status-publish","hentry"],"yoast_head":"<!-- This site is optimized with the Yoast SEO Premium plugin v27.0 (Yoast SEO v27.0) - https:\/\/yoast.com\/product\/yoast-seo-premium-wordpress\/ -->\n<title>Imprint - LOVE IS MORE (English)<\/title>\n<meta name=\"robots\" content=\"index, follow, max-snippet:-1, max-image-preview:large, max-video-preview:-1\" \/>\n<link rel=\"canonical\" href=\"https:\/\/www.safersurfing.org\/impressum\/\" \/>\n<meta property=\"og:locale\" content=\"en_US\" \/>\n<meta property=\"og:type\" content=\"article\" \/>\n<meta property=\"og:title\" content=\"Imprint\" \/>\n<meta property=\"og:description\" content=\"Imprint Disclosure in accordance with \u00a725 Media Act Owner of this Media Safersurfing Enzersdorfer Stra\u00dfe 43\/106 2340 M\u00f6dling ZVR-Nr.: 730044457\" \/>\n<meta property=\"og:url\" content=\"https:\/\/www.safersurfing.org\/impressum\/\" \/>\n<meta property=\"og:site_name\" content=\"LOVE IS MORE (English)\" \/>\n<meta property=\"article:publisher\" content=\"https:\/\/www.facebook.com\/loveismore.org\/\" \/>\n<meta property=\"article:modified_time\" content=\"2025-03-04T20:39:31+00:00\" \/>\n<meta name=\"twitter:card\" content=\"summary_large_image\" \/>\n<meta name=\"twitter:label1\" content=\"Est. reading time\" \/>\n\t<meta name=\"twitter:data1\" content=\"3 minutes\" \/>\n<script type=\"application\/ld+json\" class=\"yoast-schema-graph\">{\"@context\":\"https:\/\/schema.org\",\"@graph\":[{\"@type\":\"WebPage\",\"@id\":\"https:\/\/www.safersurfing.org\/loveismore-en\/imprint\/\",\"url\":\"https:\/\/www.safersurfing.org\/impressum\/\",\"name\":\"Imprint - LOVE IS MORE (English)\",\"isPartOf\":{\"@id\":\"https:\/\/www.safersurfing.org\/loveismore-en\/#website\"},\"datePublished\":\"2017-07-05T13:05:37+00:00\",\"dateModified\":\"2025-03-04T20:39:31+00:00\",\"breadcrumb\":{\"@id\":\"https:\/\/www.safersurfing.org\/impressum\/#breadcrumb\"},\"inLanguage\":\"en-US\",\"potentialAction\":[{\"@type\":\"ReadAction\",\"target\":[\"https:\/\/www.safersurfing.org\/impressum\/\"]}]},{\"@type\":\"BreadcrumbList\",\"@id\":\"https:\/\/www.safersurfing.org\/impressum\/#breadcrumb\",\"itemListElement\":[{\"@type\":\"ListItem\",\"position\":1,\"name\":\"Startseite\",\"item\":\"https:\/\/www.safersurfing.org\/loveismore-en\/\"},{\"@type\":\"ListItem\",\"position\":2,\"name\":\"Imprint\"}]},{\"@type\":\"WebSite\",\"@id\":\"https:\/\/www.safersurfing.org\/loveismore-en\/#website\",\"url\":\"https:\/\/www.safersurfing.org\/loveismore-en\/\",\"name\":\"LOVE IS MORE (English)\",\"description\":\"\",\"potentialAction\":[{\"@type\":\"SearchAction\",\"target\":{\"@type\":\"EntryPoint\",\"urlTemplate\":\"https:\/\/www.safersurfing.org\/loveismore-en\/?s={search_term_string}\"},\"query-input\":{\"@type\":\"PropertyValueSpecification\",\"valueRequired\":true,\"valueName\":\"search_term_string\"}}],\"inLanguage\":\"en-US\"}]}<\/script>\n<!-- \/ Yoast SEO Premium plugin. -->","yoast_head_json":{"title":"Imprint - LOVE IS MORE (English)","robots":{"index":"index","follow":"follow","max-snippet":"max-snippet:-1","max-image-preview":"max-image-preview:large","max-video-preview":"max-video-preview:-1"},"canonical":"https:\/\/www.safersurfing.org\/impressum\/","og_locale":"en_US","og_type":"article","og_title":"Imprint","og_description":"Imprint Disclosure in accordance with \u00a725 Media Act Owner of this Media Safersurfing Enzersdorfer Stra\u00dfe 43\/106 2340 M\u00f6dling ZVR-Nr.: 730044457","og_url":"https:\/\/www.safersurfing.org\/impressum\/","og_site_name":"LOVE IS MORE (English)","article_publisher":"https:\/\/www.facebook.com\/loveismore.org\/","article_modified_time":"2025-03-04T20:39:31+00:00","twitter_card":"summary_large_image","twitter_misc":{"Est. reading time":"3 minutes"},"schema":{"@context":"https:\/\/schema.org","@graph":[{"@type":"WebPage","@id":"https:\/\/www.safersurfing.org\/loveismore-en\/imprint\/","url":"https:\/\/www.safersurfing.org\/impressum\/","name":"Imprint - LOVE IS MORE (English)","isPartOf":{"@id":"https:\/\/www.safersurfing.org\/loveismore-en\/#website"},"datePublished":"2017-07-05T13:05:37+00:00","dateModified":"2025-03-04T20:39:31+00:00","breadcrumb":{"@id":"https:\/\/www.safersurfing.org\/impressum\/#breadcrumb"},"inLanguage":"en-US","potentialAction":[{"@type":"ReadAction","target":["https:\/\/www.safersurfing.org\/impressum\/"]}]},{"@type":"BreadcrumbList","@id":"https:\/\/www.safersurfing.org\/impressum\/#breadcrumb","itemListElement":[{"@type":"ListItem","position":1,"name":"Startseite","item":"https:\/\/www.safersurfing.org\/loveismore-en\/"},{"@type":"ListItem","position":2,"name":"Imprint"}]},{"@type":"WebSite","@id":"https:\/\/www.safersurfing.org\/loveismore-en\/#website","url":"https:\/\/www.safersurfing.org\/loveismore-en\/","name":"LOVE IS MORE (English)","description":"","potentialAction":[{"@type":"SearchAction","target":{"@type":"EntryPoint","urlTemplate":"https:\/\/www.safersurfing.org\/loveismore-en\/?s={search_term_string}"},"query-input":{"@type":"PropertyValueSpecification","valueRequired":true,"valueName":"search_term_string"}}],"inLanguage":"en-US"}]}},"campaignId":"","_links":{"self":[{"href":"https:\/\/www.safersurfing.org\/loveismore-en\/wp-json\/wp\/v2\/pages\/2818","targetHints":{"allow":["GET"]}}],"collection":[{"href":"https:\/\/www.safersurfing.org\/loveismore-en\/wp-json\/wp\/v2\/pages"}],"about":[{"href":"https:\/\/www.safersurfing.org\/loveismore-en\/wp-json\/wp\/v2\/types\/page"}],"author":[{"embeddable":true,"href":"https:\/\/www.safersurfing.org\/loveismore-en\/wp-json\/wp\/v2\/users\/27"}],"replies":[{"embeddable":true,"href":"https:\/\/www.safersurfing.org\/loveismore-en\/wp-json\/wp\/v2\/comments?post=2818"}],"version-history":[{"count":3,"href":"https:\/\/www.safersurfing.org\/loveismore-en\/wp-json\/wp\/v2\/pages\/2818\/revisions"}],"predecessor-version":[{"id":4099,"href":"https:\/\/www.safersurfing.org\/loveismore-en\/wp-json\/wp\/v2\/pages\/2818\/revisions\/4099"}],"wp:attachment":[{"href":"https:\/\/www.safersurfing.org\/loveismore-en\/wp-json\/wp\/v2\/media?parent=2818"}],"curies":[{"name":"wp","href":"https:\/\/api.w.org\/{rel}","templated":true}]}}