{"id":2919,"date":"2018-07-17T18:01:37","date_gmt":"2018-07-17T16:01:37","guid":{"rendered":"https:\/\/www.safersurfing.org\/loveismore\/?page_id=2919"},"modified":"2018-09-24T12:29:43","modified_gmt":"2018-09-24T10:29:43","slug":"aide-dependence","status":"publish","type":"page","link":"https:\/\/www.safersurfing.org\/loveismore-fr\/aide-dependence\/","title":{"rendered":"Aide \u00e0 la d\u00e9pendence"},"content":{"rendered":"<p><div class=\"fusion-fullwidth fullwidth-box fusion-builder-row-1 fusion-flex-container nonhundred-percent-fullwidth non-hundred-percent-height-scrolling\" style=\"--awb-border-radius-top-left:0px;--awb-border-radius-top-right:0px;--awb-border-radius-bottom-right:0px;--awb-border-radius-bottom-left:0px;--awb-flex-wrap:wrap;\" ><div class=\"fusion-builder-row fusion-row fusion-flex-align-items-flex-start fusion-flex-content-wrap\" style=\"max-width:calc( 1170px + 0px );margin-left: calc(-0px \/ 2 );margin-right: calc(-0px \/ 2 );\"><div class=\"fusion-layout-column fusion_builder_column fusion-builder-column-0 fusion_builder_column_1_1 1_1 fusion-flex-column fusion-lightbox-link\" style=\"--awb-bg-size:cover;--awb-width-large:100%;--awb-margin-top-large:0px;--awb-spacing-right-large:0px;--awb-margin-bottom-large:0px;--awb-spacing-left-large:0px;--awb-width-medium:100%;--awb-spacing-right-medium:0px;--awb-spacing-left-medium:0px;--awb-width-small:100%;--awb-spacing-right-small:0px;--awb-spacing-left-small:0px;\"><div class=\"fusion-column-wrapper fusion-flex-justify-content-flex-start fusion-content-layout-column\"><div class=\"fusion-text fusion-text-1\"><h2 style=\"text-align: center;\">Aide \u00e0 la d\u00e9pendence<\/h2>\n<p style=\"text-align: center;\">Faire une vie dans la libert\u00e9 possible, trouver un moyen de sortir de la d\u00e9pendance. Nous offrons de l&rsquo;aide et des conseils aux personnes qui recherchent exactement cela. La pornographie est visiblement non libre et prive la qualit\u00e9 de la vie. Bas\u00e9 sur des histoires de vie, des \u00e9tudes et des t\u00e9moignages r\u00e9v\u00e9lateurs que nous voulons montrer comme il est agr\u00e9able de laisser la d\u00e9pendance derri\u00e8re.<\/p>\n<\/div><\/div><\/div><\/div><\/div><div class=\"fusion-fullwidth fullwidth-box fusion-builder-row-2 fusion-flex-container nonhundred-percent-fullwidth non-hundred-percent-height-scrolling\" style=\"--awb-border-radius-top-left:0px;--awb-border-radius-top-right:0px;--awb-border-radius-bottom-right:0px;--awb-border-radius-bottom-left:0px;--awb-padding-top:35px;--awb-padding-bottom:35px;--awb-flex-wrap:wrap;\" ><div class=\"fusion-builder-row fusion-row fusion-flex-align-items-flex-start fusion-flex-content-wrap\" style=\"max-width:calc( 1170px + 0px );margin-left: calc(-0px \/ 2 );margin-right: calc(-0px \/ 2 );\"><div class=\"fusion-layout-column fusion_builder_column fusion-builder-column-1 fusion_builder_column_1_1 1_1 fusion-flex-column\" style=\"--awb-bg-size:cover;--awb-width-large:100%;--awb-margin-top-large:0px;--awb-spacing-right-large:0px;--awb-margin-bottom-large:20px;--awb-spacing-left-large:0px;--awb-width-medium:100%;--awb-spacing-right-medium:0px;--awb-spacing-left-medium:0px;--awb-width-small:100%;--awb-spacing-right-small:0px;--awb-spacing-left-small:0px;\"><div class=\"fusion-column-wrapper fusion-flex-justify-content-center fusion-content-layout-column\"><div class=\"fusion-separator fusion-full-width-sep\" style=\"align-self: center;margin-left: auto;margin-right: auto;margin-top:35px;width:100%;\"><\/div><div class=\"fusion-text fusion-text-2\"><h2 style=\"text-align: center;\">De la d\u00e9pendence sur la pornografie<\/h2>\n<\/div><div class=\"fusion-separator fusion-full-width-sep\" style=\"align-self: center;margin-left: auto;margin-right: auto;margin-top:35px;width:100%;\"><\/div><div class=\"fusion-blog-shortcode fusion-blog-shortcode-1 fusion-blog-archive fusion-blog-layout-grid-wrapper fusion-blog-no fusion-blog-layout-center\"><style type=\"text\/css\">.fusion-blog-shortcode-1 .fusion-blog-layout-grid .fusion-post-grid{padding:20px;}.fusion-blog-shortcode-1 .fusion-posts-container{margin-left: -20px !important; margin-right:-20px !important;}<\/style><div class=\"fusion-posts-container fusion-posts-container-no fusion-blog-layout-grid fusion-blog-layout-grid-3 isotope fusion-blog-equal-heights\" data-pages=\"4\" data-grid-col-space=\"40\" style=\"margin: -20px -20px 0;min-height:500px;\"><article id=\"blog-1-post-3579\" class=\"fusion-post-grid post-3579 post type-post status-publish format-standard has-post-thumbnail hentry category-aide-a-la-dependance\">\n<div class=\"fusion-post-wrapper\" style=\"background-color:rgba(210,225,248,1);border:1px solid #ffffff;border-bottom-width:3px;\">\n\n\t\t\t<div class=\"fusion-flexslider flexslider fusion-flexslider-loading fusion-post-slideshow\" style=\"border-color:#ffffff;\">\n\t\t<ul class=\"slides\">\n\t\t\t\n\t\t\t\t\t\t\t\t\t\t\t\t\t\t<li><div  class=\"fusion-image-wrapper\" aria-haspopup=\"true\">\n\t\t\t\t\t\t\t<a href=\"https:\/\/www.safersurfing.org\/loveismore-fr\/moderation-nest-pas-suffisante\/\" aria-label=\"La mod\u00e9ration sexuelle n\u2019est pas suffisante\">\n\t\t\t\t\t\t\t<img decoding=\"async\" width=\"800\" height=\"500\" src=\"https:\/\/www.safersurfing.org\/loveismore-fr\/wp-content\/uploads\/sites\/19\/2018\/09\/victor-freitas_800_500_unsplash_kBn.jpg\" class=\"attachment-full size-full wp-post-image\" alt=\"\" srcset=\"https:\/\/www.safersurfing.org\/loveismore-fr\/wp-content\/uploads\/sites\/19\/2018\/09\/victor-freitas_800_500_unsplash_kBn-200x125.jpg 200w, https:\/\/www.safersurfing.org\/loveismore-fr\/wp-content\/uploads\/sites\/19\/2018\/09\/victor-freitas_800_500_unsplash_kBn-400x250.jpg 400w, https:\/\/www.safersurfing.org\/loveismore-fr\/wp-content\/uploads\/sites\/19\/2018\/09\/victor-freitas_800_500_unsplash_kBn-600x375.jpg 600w, https:\/\/www.safersurfing.org\/loveismore-fr\/wp-content\/uploads\/sites\/19\/2018\/09\/victor-freitas_800_500_unsplash_kBn.jpg 800w\" sizes=\"(min-width: 2200px) 100vw, (min-width: 784px) 363px, (min-width: 712px) 545px, (min-width: 640px) 712px, \" \/>\t\t\t<\/a>\n\t\t\t\t\t\t\t<\/div>\n<\/li>\n\t\t\t\n\t\t\t\n\t\t\t\t\t\t\t\t\t\t\t\t\t\t\t\t\t\t\t\t\t\t\t\t\t\t\t\t\t\t\t\t\t\t\t\t\t\t\t\t\t\t\t\t\t\t\t\t\t\t\t\t\t\t\t\t\t\t\t\t\t\t\t\t\t\t\t\t<\/ul>\n\t<\/div>\n\t<div class=\"fusion-post-content-wrapper\" style=\"padding:40px 40px 40px 40px;\"><div class=\"fusion-post-content post-content\"><h2 class=\"blog-shortcode-post-title entry-title\"><a href=\"https:\/\/www.safersurfing.org\/loveismore-fr\/moderation-nest-pas-suffisante\/\">La mod\u00e9ration sexuelle n\u2019est pas suffisante<\/a><\/h2><div class=\"fusion-content-sep sep-none\"><\/div><div class=\"fusion-post-content-container\"><p>La mod\u00e9ration sexuelle et la puret\u00e9 \u2013 lib\u00e9r\u00e9 de la luxure<\/p><\/div><\/div><div class=\"fusion-meta-info\"><div class=\"fusion-aligncenter\"><a class=\"fusion-read-more\" href=\"https:\/\/www.safersurfing.org\/loveismore-fr\/moderation-nest-pas-suffisante\/\" aria-label=\"More on La mod\u00e9ration sexuelle n\u2019est pas suffisante\">Lire la suite<\/a><\/div><\/div><\/div><div class=\"fusion-clearfix\"><\/div><\/div>\n<\/article>\n<article id=\"blog-1-post-3576\" class=\"fusion-post-grid post-3576 post type-post status-publish format-standard has-post-thumbnail hentry category-aide-a-la-dependance\">\n<div class=\"fusion-post-wrapper\" style=\"background-color:rgba(210,225,248,1);border:1px solid #ffffff;border-bottom-width:3px;\">\n\n\t\t\t<div class=\"fusion-flexslider flexslider fusion-flexslider-loading fusion-post-slideshow\" style=\"border-color:#ffffff;\">\n\t\t<ul class=\"slides\">\n\t\t\t\n\t\t\t\t\t\t\t\t\t\t\t\t\t\t<li><div  class=\"fusion-image-wrapper\" aria-haspopup=\"true\">\n\t\t\t\t\t\t\t<a href=\"https:\/\/www.safersurfing.org\/loveismore-fr\/dirigeants-et-la-pornographie\/\" aria-label=\"Les dirigeants et la pornographie\">\n\t\t\t\t\t\t\t<img decoding=\"async\" width=\"800\" height=\"500\" src=\"https:\/\/www.safersurfing.org\/loveismore-fr\/wp-content\/uploads\/sites\/19\/2018\/09\/ben-white-148430-unsplash_800_500.jpg\" class=\"attachment-full size-full wp-post-image\" alt=\"\" srcset=\"https:\/\/www.safersurfing.org\/loveismore-fr\/wp-content\/uploads\/sites\/19\/2018\/09\/ben-white-148430-unsplash_800_500-200x125.jpg 200w, https:\/\/www.safersurfing.org\/loveismore-fr\/wp-content\/uploads\/sites\/19\/2018\/09\/ben-white-148430-unsplash_800_500-400x250.jpg 400w, https:\/\/www.safersurfing.org\/loveismore-fr\/wp-content\/uploads\/sites\/19\/2018\/09\/ben-white-148430-unsplash_800_500-600x375.jpg 600w, https:\/\/www.safersurfing.org\/loveismore-fr\/wp-content\/uploads\/sites\/19\/2018\/09\/ben-white-148430-unsplash_800_500.jpg 800w\" sizes=\"(min-width: 2200px) 100vw, (min-width: 784px) 363px, (min-width: 712px) 545px, (min-width: 640px) 712px, \" \/>\t\t\t<\/a>\n\t\t\t\t\t\t\t<\/div>\n<\/li>\n\t\t\t\n\t\t\t\n\t\t\t\t\t\t\t\t\t\t\t\t\t\t\t\t\t\t\t\t\t\t\t\t\t\t\t\t\t\t\t\t\t\t\t\t\t\t\t\t\t\t\t\t\t\t\t\t\t\t\t\t\t\t\t\t\t\t\t\t\t\t\t\t\t\t\t\t<\/ul>\n\t<\/div>\n\t<div class=\"fusion-post-content-wrapper\" style=\"padding:40px 40px 40px 40px;\"><div class=\"fusion-post-content post-content\"><h2 class=\"blog-shortcode-post-title entry-title\"><a href=\"https:\/\/www.safersurfing.org\/loveismore-fr\/dirigeants-et-la-pornographie\/\">Les dirigeants et la pornographie<\/a><\/h2><div class=\"fusion-content-sep sep-none\"><\/div><div class=\"fusion-post-content-container\"><p>La pornographie, un d\u00e9fi pour les dirigeants dans le minist\u00e8re. Loveismore.<\/p><\/div><\/div><div class=\"fusion-meta-info\"><div class=\"fusion-aligncenter\"><a class=\"fusion-read-more\" href=\"https:\/\/www.safersurfing.org\/loveismore-fr\/dirigeants-et-la-pornographie\/\" aria-label=\"More on Les dirigeants et la pornographie\">Lire la suite<\/a><\/div><\/div><\/div><div class=\"fusion-clearfix\"><\/div><\/div>\n<\/article>\n<article id=\"blog-1-post-3573\" class=\"fusion-post-grid post-3573 post type-post status-publish format-standard has-post-thumbnail hentry category-aide-a-la-dependance\">\n<div class=\"fusion-post-wrapper\" style=\"background-color:rgba(210,225,248,1);border:1px solid #ffffff;border-bottom-width:3px;\">\n\n\t\t\t<div class=\"fusion-flexslider flexslider fusion-flexslider-loading fusion-post-slideshow\" style=\"border-color:#ffffff;\">\n\t\t<ul class=\"slides\">\n\t\t\t\n\t\t\t\t\t\t\t\t\t\t\t\t\t\t<li><div  class=\"fusion-image-wrapper\" aria-haspopup=\"true\">\n\t\t\t\t\t\t\t<a href=\"https:\/\/www.safersurfing.org\/loveismore-fr\/bataille-dans-ton-esprit\/\" aria-label=\"Gagner la bataille dans votre esprit\">\n\t\t\t\t\t\t\t<img decoding=\"async\" width=\"800\" height=\"500\" src=\"https:\/\/www.safersurfing.org\/loveismore-fr\/wp-content\/uploads\/sites\/19\/2018\/09\/ben-white-unsplash_2_800_500.jpg\" class=\"attachment-full size-full wp-post-image\" alt=\"\" srcset=\"https:\/\/www.safersurfing.org\/loveismore-fr\/wp-content\/uploads\/sites\/19\/2018\/09\/ben-white-unsplash_2_800_500-200x125.jpg 200w, https:\/\/www.safersurfing.org\/loveismore-fr\/wp-content\/uploads\/sites\/19\/2018\/09\/ben-white-unsplash_2_800_500-400x250.jpg 400w, https:\/\/www.safersurfing.org\/loveismore-fr\/wp-content\/uploads\/sites\/19\/2018\/09\/ben-white-unsplash_2_800_500-600x375.jpg 600w, https:\/\/www.safersurfing.org\/loveismore-fr\/wp-content\/uploads\/sites\/19\/2018\/09\/ben-white-unsplash_2_800_500.jpg 800w\" sizes=\"(min-width: 2200px) 100vw, (min-width: 784px) 363px, (min-width: 712px) 545px, (min-width: 640px) 712px, \" \/>\t\t\t<\/a>\n\t\t\t\t\t\t\t<\/div>\n<\/li>\n\t\t\t\n\t\t\t\n\t\t\t\t\t\t\t\t\t\t\t\t\t\t\t\t\t\t\t\t\t\t\t\t\t\t\t\t\t\t\t\t\t\t\t\t\t\t\t\t\t\t\t\t\t\t\t\t\t\t\t\t\t\t\t\t\t\t\t\t\t\t\t\t\t\t\t\t<\/ul>\n\t<\/div>\n\t<div class=\"fusion-post-content-wrapper\" style=\"padding:40px 40px 40px 40px;\"><div class=\"fusion-post-content post-content\"><h2 class=\"blog-shortcode-post-title entry-title\"><a href=\"https:\/\/www.safersurfing.org\/loveismore-fr\/bataille-dans-ton-esprit\/\">Gagner la bataille dans votre esprit<\/a><\/h2><div class=\"fusion-content-sep sep-none\"><\/div><div class=\"fusion-post-content-container\"><p>Gagner la bataille dans son esprit concernant la luxure<\/p><\/div><\/div><div class=\"fusion-meta-info\"><div class=\"fusion-aligncenter\"><a class=\"fusion-read-more\" href=\"https:\/\/www.safersurfing.org\/loveismore-fr\/bataille-dans-ton-esprit\/\" aria-label=\"More on Gagner la bataille dans votre esprit\">Lire la suite<\/a><\/div><\/div><\/div><div class=\"fusion-clearfix\"><\/div><\/div>\n<\/article>\n<div class=\"fusion-clearfix\"><\/div><\/div><\/div><div class=\"fusion-separator fusion-full-width-sep\" style=\"align-self: center;margin-left: auto;margin-right: auto;margin-top:35px;width:100%;\"><\/div><div style=\"text-align:center;\"><a class=\"fusion-button button-flat fusion-button-default-size button-custom fusion-button-default button-1 fusion-button-default-span fusion-button-default-type\" style=\"--button_accent_color:#ffffff;--button_accent_hover_color:#ffffff;--button_border_hover_color:#ffffff;--button_gradient_top_color:#4797a0;--button_gradient_bottom_color:#4797a0;--button_gradient_top_color_hover:#4e6e88;--button_gradient_bottom_color_hover:#4e6e88;\" target=\"_self\" href=\"https:\/\/www.safersurfing.org\/loveismore-fr\/category\/aide-a-la-dependance\/\"><span class=\"fusion-button-text awb-button__text awb-button__text--default\">Tout<\/span><\/a><\/div><\/div><\/div><\/div><\/div><div class=\"fusion-fullwidth fullwidth-box fusion-builder-row-3 fusion-flex-container nonhundred-percent-fullwidth non-hundred-percent-height-scrolling\" style=\"--awb-border-radius-top-left:0px;--awb-border-radius-top-right:0px;--awb-border-radius-bottom-right:0px;--awb-border-radius-bottom-left:0px;--awb-margin-top:6%;--awb-margin-bottom:6%;--awb-background-color:#d2e1f8;--awb-flex-wrap:wrap;\" ><div class=\"fusion-builder-row fusion-row fusion-flex-align-items-flex-start fusion-flex-content-wrap\" style=\"max-width:calc( 1170px + 0px );margin-left: calc(-0px \/ 2 );margin-right: calc(-0px \/ 2 );\"><div class=\"fusion-layout-column fusion_builder_column fusion-builder-column-2 fusion_builder_column_1_1 1_1 fusion-flex-column\" style=\"--awb-bg-size:cover;--awb-width-large:100%;--awb-margin-top-large:6%;--awb-spacing-right-large:0px;--awb-margin-bottom-large:4%;--awb-spacing-left-large:0px;--awb-width-medium:100%;--awb-spacing-right-medium:0px;--awb-spacing-left-medium:0px;--awb-width-small:100%;--awb-spacing-right-small:0px;--awb-spacing-left-small:0px;\"><div class=\"fusion-column-wrapper fusion-flex-justify-content-flex-start fusion-content-layout-column\"><div class=\"fusion-text fusion-text-3\"><h2 class=\"flush-top\">Vous n&rsquo;\u00eates pas seul<\/h2>\n<\/div><div class=\"fusion-separator fusion-full-width-sep\" style=\"align-self: center;margin-left: auto;margin-right: auto;margin-top:35px;width:100%;\"><\/div><div class=\"fusion-blog-shortcode fusion-blog-shortcode-2 fusion-blog-archive fusion-blog-layout-grid-wrapper fusion-blog-infinite fusion-blog-no-images\"><style type=\"text\/css\">.fusion-blog-shortcode-2 .fusion-blog-layout-grid .fusion-post-grid{padding:20px;}.fusion-blog-shortcode-2 .fusion-posts-container{margin-left: -20px !important; margin-right:-20px !important;}<\/style><div class=\"fusion-posts-container fusion-posts-container-infinite fusion-posts-container-load-more fusion-no-meta-info fusion-blog-layout-grid fusion-blog-layout-grid-3 isotope\" data-pages=\"3\" data-grid-col-space=\"40\" style=\"margin: -20px -20px 0;min-height:500px;\"><article id=\"blog-2-post-3517\" class=\"fusion-post-grid post-3517 post type-post status-publish format-standard has-post-thumbnail hentry category-histoires\">\n<div class=\"fusion-post-wrapper\" style=\"background-color:rgba(255,255,255,1);border:1px solid #ffffff;border-bottom-width:3px;\"><div class=\"fusion-post-content-wrapper\" style=\"padding:40px 40px 40px 40px;\"><div class=\"fusion-post-content post-content\"><h2 class=\"blog-shortcode-post-title entry-title\"><a href=\"https:\/\/www.safersurfing.org\/loveismore-fr\/lhistoire-de-carl\/\">Carl<\/a><\/h2><div class=\"fusion-post-content-container\"><p>Information pour hommes et femmes excit\u00e9s par la pornographie<\/p><\/div><\/div><\/div><div class=\"fusion-clearfix\"><\/div><\/div>\n<\/article>\n<article id=\"blog-2-post-3515\" class=\"fusion-post-grid post-3515 post type-post status-publish format-standard has-post-thumbnail hentry category-histoires\">\n<div class=\"fusion-post-wrapper\" style=\"background-color:rgba(255,255,255,1);border:1px solid #ffffff;border-bottom-width:3px;\"><div class=\"fusion-post-content-wrapper\" style=\"padding:40px 40px 40px 40px;\"><div class=\"fusion-post-content post-content\"><h2 class=\"blog-shortcode-post-title entry-title\"><a href=\"https:\/\/www.safersurfing.org\/loveismore-fr\/lhistoire-de-linda\/\">Linda<\/a><\/h2><div class=\"fusion-post-content-container\"><p>Des maris sur les cha\u00eenes Playboy regardant d\u2019autres femmes.<\/p><\/div><\/div><\/div><div class=\"fusion-clearfix\"><\/div><\/div>\n<\/article>\n<article id=\"blog-2-post-3513\" class=\"fusion-post-grid post-3513 post type-post status-publish format-standard has-post-thumbnail hentry category-histoires\">\n<div class=\"fusion-post-wrapper\" style=\"background-color:rgba(255,255,255,1);border:1px solid #ffffff;border-bottom-width:3px;\"><div class=\"fusion-post-content-wrapper\" style=\"padding:40px 40px 40px 40px;\"><div class=\"fusion-post-content post-content\"><h2 class=\"blog-shortcode-post-title entry-title\"><a href=\"https:\/\/www.safersurfing.org\/loveismore-fr\/lhistoire-de-mike\/\">Mike<\/a><\/h2><div class=\"fusion-post-content-container\"><p>Commettre l\u2019adult\u00e8re-histoire de Mike<\/p><\/div><\/div><\/div><div class=\"fusion-clearfix\"><\/div><\/div>\n<\/article>\n<div class=\"fusion-clearfix\"><\/div><\/div><div class=\"fusion-infinite-scroll-trigger\"><\/div><div class=\"pagination infinite-scroll clearfix\" style=\"display:none;\"><span class=\"current\">1<\/span><a href=\"https:\/\/www.safersurfing.org\/loveismore-fr\/wp-json\/wp\/v2\/pages\/2919\/page\/2\/\" class=\"inactive\">2<\/a><a class=\"pagination-next\" rel=\"next\" href=\"https:\/\/www.safersurfing.org\/loveismore-fr\/wp-json\/wp\/v2\/pages\/2919\/page\/2\/\"><span class=\"page-text\">Next<\/span><span class=\"page-next\"><\/span><\/a><\/div><div class=\"fusion-clearfix\"><\/div><button class=\"fusion-load-more-button fusion-blog-button fusion-clearfix\">Load More Posts<\/button><\/div><\/div><\/div><\/div><\/div><\/p>\n","protected":false},"excerpt":{"rendered":"","protected":false},"author":1,"featured_media":0,"parent":0,"menu_order":0,"comment_status":"closed","ping_status":"open","template":"100-width.php","meta":{"footnotes":""},"class_list":["post-2919","page","type-page","status-publish","hentry"],"yoast_head":"<!-- This site is optimized with the Yoast SEO Premium plugin v27.0 (Yoast SEO v27.0) - https:\/\/yoast.com\/product\/yoast-seo-premium-wordpress\/ -->\n<title>Aide \u00e0 la d\u00e9pendence - LOVE IS MORE (Fran\u00e7aise)<\/title>\n<meta name=\"robots\" content=\"index, follow, max-snippet:-1, max-image-preview:large, max-video-preview:-1\" \/>\n<link rel=\"canonical\" href=\"https:\/\/www.safersurfing.org\/loveismore-fr\/aide-dependence\/\" \/>\n<meta property=\"og:locale\" content=\"fr_FR\" \/>\n<meta property=\"og:type\" content=\"article\" \/>\n<meta property=\"og:title\" content=\"Aide \u00e0 la d\u00e9pendence\" \/>\n<meta property=\"og:url\" content=\"https:\/\/www.safersurfing.org\/loveismore-fr\/aide-dependence\/\" \/>\n<meta property=\"og:site_name\" content=\"LOVE IS MORE (Fran\u00e7aise)\" \/>\n<meta property=\"article:publisher\" content=\"https:\/\/www.facebook.com\/loveismore.org\/\" \/>\n<meta property=\"article:modified_time\" content=\"2018-09-24T10:29:43+00:00\" \/>\n<meta name=\"twitter:card\" content=\"summary_large_image\" \/>\n<meta name=\"twitter:label1\" content=\"Dur\u00e9e de lecture estim\u00e9e\" \/>\n\t<meta name=\"twitter:data1\" content=\"5 minutes\" \/>\n<script type=\"application\/ld+json\" class=\"yoast-schema-graph\">{\"@context\":\"https:\/\/schema.org\",\"@graph\":[{\"@type\":\"WebPage\",\"@id\":\"https:\/\/www.safersurfing.org\/loveismore-fr\/aide-dependence\/\",\"url\":\"https:\/\/www.safersurfing.org\/loveismore-fr\/aide-dependence\/\",\"name\":\"Aide \u00e0 la d\u00e9pendence - LOVE IS MORE (Fran\u00e7aise)\",\"isPartOf\":{\"@id\":\"https:\/\/www.safersurfing.org\/loveismore-fr\/#website\"},\"datePublished\":\"2018-07-17T16:01:37+00:00\",\"dateModified\":\"2018-09-24T10:29:43+00:00\",\"breadcrumb\":{\"@id\":\"https:\/\/www.safersurfing.org\/loveismore-fr\/aide-dependence\/#breadcrumb\"},\"inLanguage\":\"fr-FR\",\"potentialAction\":[{\"@type\":\"ReadAction\",\"target\":[\"https:\/\/www.safersurfing.org\/loveismore-fr\/aide-dependence\/\"]}]},{\"@type\":\"BreadcrumbList\",\"@id\":\"https:\/\/www.safersurfing.org\/loveismore-fr\/aide-dependence\/#breadcrumb\",\"itemListElement\":[{\"@type\":\"ListItem\",\"position\":1,\"name\":\"Startseite\",\"item\":\"https:\/\/www.safersurfing.org\/loveismore-fr\/\"},{\"@type\":\"ListItem\",\"position\":2,\"name\":\"Aide \u00e0 la d\u00e9pendence\"}]},{\"@type\":\"WebSite\",\"@id\":\"https:\/\/www.safersurfing.org\/loveismore-fr\/#website\",\"url\":\"https:\/\/www.safersurfing.org\/loveismore-fr\/\",\"name\":\"LOVE IS MORE (Fran\u00e7aise)\",\"description\":\"\",\"potentialAction\":[{\"@type\":\"SearchAction\",\"target\":{\"@type\":\"EntryPoint\",\"urlTemplate\":\"https:\/\/www.safersurfing.org\/loveismore-fr\/?s={search_term_string}\"},\"query-input\":{\"@type\":\"PropertyValueSpecification\",\"valueRequired\":true,\"valueName\":\"search_term_string\"}}],\"inLanguage\":\"fr-FR\"}]}<\/script>\n<!-- \/ Yoast SEO Premium plugin. -->","yoast_head_json":{"title":"Aide \u00e0 la d\u00e9pendence - LOVE IS MORE (Fran\u00e7aise)","robots":{"index":"index","follow":"follow","max-snippet":"max-snippet:-1","max-image-preview":"max-image-preview:large","max-video-preview":"max-video-preview:-1"},"canonical":"https:\/\/www.safersurfing.org\/loveismore-fr\/aide-dependence\/","og_locale":"fr_FR","og_type":"article","og_title":"Aide \u00e0 la d\u00e9pendence","og_url":"https:\/\/www.safersurfing.org\/loveismore-fr\/aide-dependence\/","og_site_name":"LOVE IS MORE (Fran\u00e7aise)","article_publisher":"https:\/\/www.facebook.com\/loveismore.org\/","article_modified_time":"2018-09-24T10:29:43+00:00","twitter_card":"summary_large_image","twitter_misc":{"Dur\u00e9e de lecture estim\u00e9e":"5 minutes"},"schema":{"@context":"https:\/\/schema.org","@graph":[{"@type":"WebPage","@id":"https:\/\/www.safersurfing.org\/loveismore-fr\/aide-dependence\/","url":"https:\/\/www.safersurfing.org\/loveismore-fr\/aide-dependence\/","name":"Aide \u00e0 la d\u00e9pendence - LOVE IS MORE (Fran\u00e7aise)","isPartOf":{"@id":"https:\/\/www.safersurfing.org\/loveismore-fr\/#website"},"datePublished":"2018-07-17T16:01:37+00:00","dateModified":"2018-09-24T10:29:43+00:00","breadcrumb":{"@id":"https:\/\/www.safersurfing.org\/loveismore-fr\/aide-dependence\/#breadcrumb"},"inLanguage":"fr-FR","potentialAction":[{"@type":"ReadAction","target":["https:\/\/www.safersurfing.org\/loveismore-fr\/aide-dependence\/"]}]},{"@type":"BreadcrumbList","@id":"https:\/\/www.safersurfing.org\/loveismore-fr\/aide-dependence\/#breadcrumb","itemListElement":[{"@type":"ListItem","position":1,"name":"Startseite","item":"https:\/\/www.safersurfing.org\/loveismore-fr\/"},{"@type":"ListItem","position":2,"name":"Aide \u00e0 la d\u00e9pendence"}]},{"@type":"WebSite","@id":"https:\/\/www.safersurfing.org\/loveismore-fr\/#website","url":"https:\/\/www.safersurfing.org\/loveismore-fr\/","name":"LOVE IS MORE (Fran\u00e7aise)","description":"","potentialAction":[{"@type":"SearchAction","target":{"@type":"EntryPoint","urlTemplate":"https:\/\/www.safersurfing.org\/loveismore-fr\/?s={search_term_string}"},"query-input":{"@type":"PropertyValueSpecification","valueRequired":true,"valueName":"search_term_string"}}],"inLanguage":"fr-FR"}]}},"_links":{"self":[{"href":"https:\/\/www.safersurfing.org\/loveismore-fr\/wp-json\/wp\/v2\/pages\/2919","targetHints":{"allow":["GET"]}}],"collection":[{"href":"https:\/\/www.safersurfing.org\/loveismore-fr\/wp-json\/wp\/v2\/pages"}],"about":[{"href":"https:\/\/www.safersurfing.org\/loveismore-fr\/wp-json\/wp\/v2\/types\/page"}],"author":[{"embeddable":true,"href":"https:\/\/www.safersurfing.org\/loveismore-fr\/wp-json\/wp\/v2\/users\/1"}],"replies":[{"embeddable":true,"href":"https:\/\/www.safersurfing.org\/loveismore-fr\/wp-json\/wp\/v2\/comments?post=2919"}],"version-history":[{"count":0,"href":"https:\/\/www.safersurfing.org\/loveismore-fr\/wp-json\/wp\/v2\/pages\/2919\/revisions"}],"wp:attachment":[{"href":"https:\/\/www.safersurfing.org\/loveismore-fr\/wp-json\/wp\/v2\/media?parent=2919"}],"curies":[{"name":"wp","href":"https:\/\/api.w.org\/{rel}","templated":true}]}}