{"id":112,"date":"2017-07-05T10:56:22","date_gmt":"2017-07-05T10:56:22","guid":{"rendered":"http:\/\/safer.dbkldp.com\/?page_id=112"},"modified":"2023-06-14T08:12:41","modified_gmt":"2023-06-14T06:12:41","slug":"ueber-uns","status":"publish","type":"page","link":"https:\/\/www.safersurfing.org\/loveismore-pl\/ueber-uns\/","title":{"rendered":"O NAS"},"content":{"rendered":"<p><div id=\"projekt\" class=\"fusion-container-anchor\"><div class=\"fusion-fullwidth fullwidth-box fusion-builder-row-1 fusion-flex-container nonhundred-percent-fullwidth non-hundred-percent-height-scrolling\" style=\"--awb-border-radius-top-left:0px;--awb-border-radius-top-right:0px;--awb-border-radius-bottom-right:0px;--awb-border-radius-bottom-left:0px;--awb-flex-wrap:wrap;\" ><div class=\"fusion-builder-row fusion-row fusion-flex-align-items-flex-start fusion-flex-content-wrap\" style=\"max-width:1216.8px;margin-left: calc(-4% \/ 2 );margin-right: calc(-4% \/ 2 );\"><div class=\"fusion-layout-column fusion_builder_column fusion-builder-column-0 fusion_builder_column_1_1 1_1 fusion-flex-column\" style=\"--awb-bg-size:cover;--awb-width-large:100%;--awb-margin-top-large:0px;--awb-spacing-right-large:1.92%;--awb-margin-bottom-large:0px;--awb-spacing-left-large:1.92%;--awb-width-medium:100%;--awb-spacing-right-medium:1.92%;--awb-spacing-left-medium:1.92%;--awb-width-small:100%;--awb-spacing-right-small:1.92%;--awb-spacing-left-small:1.92%;\"><div class=\"fusion-column-wrapper fusion-flex-justify-content-flex-start fusion-content-layout-column\"><div class=\"fusion-text fusion-text-1\"><h1 style=\"text-align: center;\">O NAS<\/h1>\n<p style=\"text-align: center;\">Projekt Safersurfing<\/p>\n<\/div><div class=\"fusion-separator fusion-full-width-sep\" style=\"align-self: center;margin-left: auto;margin-right: auto;margin-top:25px;margin-bottom:25px;width:100%;\"><\/div><\/div><\/div><div class=\"fusion-layout-column fusion_builder_column fusion-builder-column-1 fusion_builder_column_1_2 1_2 fusion-flex-column\" style=\"--awb-bg-size:cover;--awb-width-large:50%;--awb-margin-top-large:0px;--awb-spacing-right-large:3.84%;--awb-margin-bottom-large:20px;--awb-spacing-left-large:3.84%;--awb-width-medium:100%;--awb-spacing-right-medium:1.92%;--awb-spacing-left-medium:1.92%;--awb-width-small:100%;--awb-spacing-right-small:1.92%;--awb-spacing-left-small:1.92%;\"><div class=\"fusion-column-wrapper fusion-flex-justify-content-flex-start fusion-content-layout-column\"><div class=\"fusion-text fusion-text-2\"><h2>LOVE IS MORE&#8230;<\/h2>\n<\/div><ul style=\"--awb-line-height:27.2px;--awb-icon-width:27.2px;--awb-icon-height:27.2px;--awb-icon-margin:11.2px;--awb-content-margin:38.4px;--awb-circlecolor:#3f99a1;--awb-circle-yes-font-size:14.08px;\" class=\"fusion-checklist fusion-checklist-1 fusion-checklist-default type-icons\"><li class=\"fusion-li-item\" style=\"\"><span class=\"icon-wrapper circle-yes\"><i class=\"fusion-li-icon fa-check fas\" aria-hidden=\"true\"><\/i><\/span><div class=\"fusion-li-item-content\">\n<p>chce uczyni\u0107 internet bezpieczniejszym, prowadzi\u0107 prace prewencyjne, informowa\u0107 rodzic\u00f3w i chroni\u0107 dzieci i m\u0142odzie\u017c przed pornografi\u0105 internetow\u0105.<\/p>\n<\/div><\/li><li class=\"fusion-li-item\" style=\"\"><span class=\"icon-wrapper circle-yes\"><i class=\"fusion-li-icon fa-check fas\" aria-hidden=\"true\"><\/i><\/span><div class=\"fusion-li-item-content\">\n<p>zwraca si\u0119 do wszystkich, kt\u00f3rzy ju\u017c uzale\u017cnili si\u0119 od pornografii, oferuje im pomoc i porady w postaci raport\u00f3w, poradni i grup samopomocy.<\/p>\n<\/div><\/li><li class=\"fusion-li-item\" style=\"\"><span class=\"icon-wrapper circle-yes\"><i class=\"fusion-li-icon fa-check fas\" aria-hidden=\"true\"><\/i><\/span><div class=\"fusion-li-item-content\">\n<p>jest po\u015bwi\u0119cony \u017conom, kt\u00f3re cierpi\u0105 na uzale\u017cnienie swojego partnera, aby zapewni\u0107 te informacje, porady i konkretne wsparcie.<\/p>\n<\/div><\/li><li class=\"fusion-li-item\" style=\"\"><span class=\"icon-wrapper circle-yes\"><i class=\"fusion-li-icon fa-check fas\" aria-hidden=\"true\"><\/i><\/span><div class=\"fusion-li-item-content\">\n<p>chce mie\u0107 efekt socjopolityczny i uwra\u017cliwi\u0107 polityk\u00f3w, pedagog\u00f3w, lekarzy, dziennikarzy i grupy interes\u00f3w na ten temat.<\/p>\n<\/div><\/li><li class=\"fusion-li-item\" style=\"\"><span class=\"icon-wrapper circle-yes\"><i class=\"fusion-li-icon fa-check fas\" aria-hidden=\"true\"><\/i><\/span><div class=\"fusion-li-item-content\">\n<p>jest niezale\u017cny od partii, korporacji i ko\u015bcio\u0142\u00f3w.<\/p>\n<\/div><\/li><\/ul><\/div><\/div><div class=\"fusion-layout-column fusion_builder_column fusion-builder-column-2 fusion_builder_column_1_2 1_2 fusion-flex-column\" style=\"--awb-bg-size:cover;--awb-width-large:50%;--awb-margin-top-large:0px;--awb-spacing-right-large:3.84%;--awb-margin-bottom-large:20px;--awb-spacing-left-large:3.84%;--awb-width-medium:100%;--awb-spacing-right-medium:1.92%;--awb-spacing-left-medium:1.92%;--awb-width-small:100%;--awb-spacing-right-small:1.92%;--awb-spacing-left-small:1.92%;\"><div class=\"fusion-column-wrapper fusion-flex-justify-content-flex-start fusion-content-layout-column\"><div class=\"fusion-image-element \" style=\"text-align:center;--awb-caption-title-font-family:var(--h2_typography-font-family);--awb-caption-title-font-weight:var(--h2_typography-font-weight);--awb-caption-title-font-style:var(--h2_typography-font-style);--awb-caption-title-size:var(--h2_typography-font-size);--awb-caption-title-transform:var(--h2_typography-text-transform);--awb-caption-title-line-height:var(--h2_typography-line-height);--awb-caption-title-letter-spacing:var(--h2_typography-letter-spacing);\"><span class=\" fusion-imageframe imageframe-none imageframe-1 hover-type-none\"><a href=\"https:\/\/www.safersurfing.org\/wp-content\/uploads\/2018\/06\/JeniaHammingerDSC_5555_web-1-e1502530531691-768x499.jpg\" class=\"fusion-lightbox\" data-rel=\"iLightbox[9f71d80bf5f5d7ac608]\" title=\"Team LOVE IS MORE\"><img decoding=\"async\" width=\"600\" height=\"400\" alt=\"Safersurfing Team \" src=\"https:\/\/www.safersurfing.org\/loveismore\/wp-content\/uploads\/sites\/2\/2018\/02\/Team.png\" class=\"img-responsive wp-image-2400\" srcset=\"https:\/\/www.safersurfing.org\/loveismore-pl\/wp-content\/uploads\/sites\/25\/2018\/02\/Team-200x133.png 200w, https:\/\/www.safersurfing.org\/loveismore-pl\/wp-content\/uploads\/sites\/25\/2018\/02\/Team-400x267.png 400w, https:\/\/www.safersurfing.org\/loveismore-pl\/wp-content\/uploads\/sites\/25\/2018\/02\/Team.png 600w\" sizes=\"(max-width: 1024px) 100vw, (max-width: 640px) 100vw, 600px\" \/><\/a><\/span><\/div><\/div><\/div><\/div><\/div><\/div><div id=\"mission\" class=\"fusion-container-anchor\"><div class=\"fusion-fullwidth fullwidth-box fusion-builder-row-2 fusion-flex-container nonhundred-percent-fullwidth non-hundred-percent-height-scrolling\" style=\"--awb-border-radius-top-left:0px;--awb-border-radius-top-right:0px;--awb-border-radius-bottom-right:0px;--awb-border-radius-bottom-left:0px;--awb-padding-top:60px;--awb-padding-bottom:60px;--awb-flex-wrap:wrap;\" ><div class=\"fusion-builder-row fusion-row fusion-flex-align-items-flex-start fusion-flex-content-wrap\" style=\"max-width:1216.8px;margin-left: calc(-4% \/ 2 );margin-right: calc(-4% \/ 2 );\"><div class=\"fusion-layout-column fusion_builder_column fusion-builder-column-3 fusion_builder_column_1_1 1_1 fusion-flex-column\" style=\"--awb-bg-size:cover;--awb-width-large:100%;--awb-margin-top-large:0px;--awb-spacing-right-large:1.92%;--awb-margin-bottom-large:20px;--awb-spacing-left-large:1.92%;--awb-width-medium:100%;--awb-spacing-right-medium:1.92%;--awb-spacing-left-medium:1.92%;--awb-width-small:100%;--awb-spacing-right-small:1.92%;--awb-spacing-left-small:1.92%;\"><div class=\"fusion-column-wrapper fusion-flex-justify-content-flex-start fusion-content-layout-column\"><div class=\"fusion-text fusion-text-3\"><h2 style=\"text-align: center;\">Troska o LOVE IS MORE<\/h2>\n<\/div><div class=\"fusion-text fusion-text-4\"><p style=\"text-align: center;\">LOVE IS MORE to cz\u0119\u015b\u0107 stowarzyszenia Safersurfing, kt\u00f3rego celem jest ochrona dzieci, nastolatk\u00f3w i doros\u0142ych przed uzale\u017cniaj\u0105cymi tre\u015bciami w Internecie. Nasz\u0105 misj\u0105 jest zwr\u00f3cenie uwagi na niebezpiecze\u0144stwa zwi\u0105zane z pornografi\u0105 i udzielanie wsparcia osobom uzale\u017cnionym i ich partnerom.<\/p>\n<p style=\"text-align: center;\">Z jednej strony oferujemy pomoc w postaci poradni i grup samopomocowych we wszystkich krajach niemieckoj\u0119zycznych dla dotkni\u0119tych chorob\u0105 i ich partner\u00f3w.<\/p>\n<p style=\"text-align: center;\">Zwracamy si\u0119 tak\u017ce do rodzic\u00f3w, nauczycieli i wychowawc\u00f3w, aby ich edukowali i informowali.<\/p>\n<\/div><\/div><\/div><div class=\"fusion-layout-column fusion_builder_column fusion-builder-column-4 fusion_builder_column_1_2 1_2 fusion-flex-column\" style=\"--awb-bg-size:cover;--awb-width-large:50%;--awb-margin-top-large:0px;--awb-spacing-right-large:3.84%;--awb-margin-bottom-large:20px;--awb-spacing-left-large:3.84%;--awb-width-medium:100%;--awb-spacing-right-medium:1.92%;--awb-spacing-left-medium:1.92%;--awb-width-small:100%;--awb-spacing-right-small:1.92%;--awb-spacing-left-small:1.92%;\"><div class=\"fusion-column-wrapper fusion-flex-justify-content-flex-start fusion-content-layout-column\"><div class=\"fusion-text fusion-text-5\"><h3>Obawy: pomoc dla os\u00f3b dotkni\u0119tych<\/h3>\n<p style=\"padding-left: 30px;\">\u25cf\u00a0 Konsultacja<br \/>\n\u25cf\u00a0 Organizowanie grup samopomocy<br \/>\n\u25cf\u00a0 Referencje i referencje<br \/>\n\u25cf\u00a0 Kursy online<\/p>\n<\/div><\/div><\/div><div class=\"fusion-layout-column fusion_builder_column fusion-builder-column-5 fusion_builder_column_1_2 1_2 fusion-flex-column\" style=\"--awb-bg-size:cover;--awb-width-large:50%;--awb-margin-top-large:0px;--awb-spacing-right-large:3.84%;--awb-margin-bottom-large:20px;--awb-spacing-left-large:3.84%;--awb-width-medium:100%;--awb-spacing-right-medium:1.92%;--awb-spacing-left-medium:1.92%;--awb-width-small:100%;--awb-spacing-right-small:1.92%;--awb-spacing-left-small:1.92%;\"><div class=\"fusion-column-wrapper fusion-flex-justify-content-flex-start fusion-content-layout-column\"><div class=\"fusion-text fusion-text-6\"><h3>Obawy: pomoc dla partner\u00f3w<\/h3>\n<p style=\"padding-left: 30px;\">\u25cf\u00a0 Informacja<br \/>\n\u25cf\u00a0 Referencje i referencje<br \/>\n\u25cf\u00a0 Poradnie<br \/>\n\u25cf\u00a0 Organizowanie grup samopomocy<br \/>\n\u25cf\u00a0 Onlinekure<\/p>\n<\/div><\/div><\/div><div class=\"fusion-layout-column fusion_builder_column fusion-builder-column-6 fusion_builder_column_1_2 1_2 fusion-flex-column\" style=\"--awb-bg-size:cover;--awb-width-large:50%;--awb-margin-top-large:0px;--awb-spacing-right-large:3.84%;--awb-margin-bottom-large:20px;--awb-spacing-left-large:3.84%;--awb-width-medium:100%;--awb-spacing-right-medium:1.92%;--awb-spacing-left-medium:1.92%;--awb-width-small:100%;--awb-spacing-right-small:1.92%;--awb-spacing-left-small:1.92%;\"><div class=\"fusion-column-wrapper fusion-flex-justify-content-flex-start fusion-content-layout-column\"><div class=\"fusion-text fusion-text-7\"><h3>Obawy: edukuj rodzic\u00f3w<\/h3>\n<p style=\"padding-left: 30px;\">\u25cf\u00a0 Informacja: Jak mog\u0119 chroni\u0107 moje dziecko?<br \/>\n\u25cf\u00a0 O\u015bwiecenie: znaki ostrzegawcze i wska\u017aniki dla rodzic\u00f3w<br \/>\n\u25cf\u00a0 Praktyczne wskaz\u00f3wki: rozmowy z dzie\u0107mi i nastolatkami, informacje o stanie techniki (smartfony, programy ochronne itp.)<br \/>\n\u25cf\u00a0 Kursy online<\/p>\n<\/div><\/div><\/div><div class=\"fusion-layout-column fusion_builder_column fusion-builder-column-7 fusion_builder_column_1_2 1_2 fusion-flex-column\" style=\"--awb-bg-size:cover;--awb-width-large:50%;--awb-margin-top-large:0px;--awb-spacing-right-large:3.84%;--awb-margin-bottom-large:20px;--awb-spacing-left-large:3.84%;--awb-width-medium:100%;--awb-spacing-right-medium:1.92%;--awb-spacing-left-medium:1.92%;--awb-width-small:100%;--awb-spacing-right-small:1.92%;--awb-spacing-left-small:1.92%;\"><div class=\"fusion-column-wrapper fusion-flex-justify-content-flex-start fusion-content-layout-column\"><div class=\"fusion-text fusion-text-8\"><h3>Obawy: praca z grupami samopomocy i poradniami<\/h3>\n<p style=\"padding-left: 30px;\">\u25cf\u00a0 w Austrii<br \/>\n\u25cf\u00a0 w Niemczech<br \/>\n\u25cf\u00a0 w Szwajcarii<br \/>\n\u25cf\u00a0 w Po\u0142udniowym Tyrolu<\/p>\n<p>Mo\u017cliwo\u015b\u0107 samodzielnego za\u0142o\u017cenia SHG<\/p>\n<\/div><\/div><\/div><div class=\"fusion-layout-column fusion_builder_column fusion-builder-column-8 fusion_builder_column_1_2 1_2 fusion-flex-column\" style=\"--awb-bg-size:cover;--awb-width-large:50%;--awb-margin-top-large:0px;--awb-spacing-right-large:3.84%;--awb-margin-bottom-large:20px;--awb-spacing-left-large:3.84%;--awb-width-medium:100%;--awb-spacing-right-medium:1.92%;--awb-spacing-left-medium:1.92%;--awb-width-small:100%;--awb-spacing-right-small:1.92%;--awb-spacing-left-small:1.92%;\"><div class=\"fusion-column-wrapper fusion-flex-justify-content-flex-start fusion-content-layout-column\"><div class=\"fusion-text fusion-text-9\"><h3>Obawy: informuj\u0105 edukatorzy i nauczyciele<\/h3>\n<p style=\"padding-left: 30px;\">\u25cf\u00a0 Informacje i o\u015bwiecenie<br \/>\n\u25cf\u00a0 Opinie u\u017cytkownik\u00f3w<br \/>\n\u25cf\u00a0 Wp\u0142yw Internetu na seksualno\u015b\u0107 dorastaj\u0105c\u0105<br \/>\n\u25cf\u00a0 Ochrona dzieci i m\u0142odzie\u017cy: mo\u017cliwo\u015bci i ograniczenia<br \/>\n\u25cf\u00a0 Smartfony i Co &#8211; Wyzwanie dla uczni\u00f3w, rodzic\u00f3w i nauczycieli<br \/>\n\u25cf\u00a0 \u015arodki zapobiegawcze i pomoc<\/p>\n<\/div><\/div><\/div><\/div><\/div><\/div><\/p>\n","protected":false},"excerpt":{"rendered":"","protected":false},"author":1,"featured_media":0,"parent":0,"menu_order":0,"comment_status":"closed","ping_status":"open","template":"100-width.php","meta":{"footnotes":""},"class_list":["post-112","page","type-page","status-publish","hentry"],"yoast_head":"<!-- This site is optimized with the Yoast SEO Premium plugin v27.0 (Yoast SEO v27.0) - https:\/\/yoast.com\/product\/yoast-seo-premium-wordpress\/ -->\n<title>O NAS - LOVE IS MORE (Polski)<\/title>\n<meta name=\"robots\" content=\"index, follow, max-snippet:-1, max-image-preview:large, max-video-preview:-1\" \/>\n<link rel=\"canonical\" href=\"https:\/\/www.safersurfing.org\/loveismore-pl\/ueber-uns\/\" \/>\n<meta property=\"og:locale\" content=\"de_DE\" \/>\n<meta property=\"og:type\" content=\"article\" \/>\n<meta property=\"og:title\" content=\"O NAS\" \/>\n<meta property=\"og:url\" content=\"https:\/\/www.safersurfing.org\/loveismore-pl\/ueber-uns\/\" \/>\n<meta property=\"og:site_name\" content=\"LOVE IS MORE (Polski)\" \/>\n<meta property=\"article:publisher\" content=\"https:\/\/www.facebook.com\/loveismore.org\/\" \/>\n<meta property=\"article:modified_time\" content=\"2023-06-14T06:12:41+00:00\" \/>\n<meta name=\"twitter:card\" content=\"summary_large_image\" \/>\n<meta name=\"twitter:label1\" content=\"Gesch\u00e4tzte Lesezeit\" \/>\n\t<meta name=\"twitter:data1\" content=\"6\u00a0Minuten\" \/>\n<script type=\"application\/ld+json\" class=\"yoast-schema-graph\">{\"@context\":\"https:\/\/schema.org\",\"@graph\":[{\"@type\":\"WebPage\",\"@id\":\"https:\/\/www.safersurfing.org\/loveismore-pl\/ueber-uns\/\",\"url\":\"https:\/\/www.safersurfing.org\/loveismore-pl\/ueber-uns\/\",\"name\":\"O NAS - LOVE IS MORE (Polski)\",\"isPartOf\":{\"@id\":\"https:\/\/www.safersurfing.org\/loveismore-pl\/#website\"},\"datePublished\":\"2017-07-05T10:56:22+00:00\",\"dateModified\":\"2023-06-14T06:12:41+00:00\",\"breadcrumb\":{\"@id\":\"https:\/\/www.safersurfing.org\/loveismore-pl\/ueber-uns\/#breadcrumb\"},\"inLanguage\":\"de\",\"potentialAction\":[{\"@type\":\"ReadAction\",\"target\":[\"https:\/\/www.safersurfing.org\/loveismore-pl\/ueber-uns\/\"]}]},{\"@type\":\"BreadcrumbList\",\"@id\":\"https:\/\/www.safersurfing.org\/loveismore-pl\/ueber-uns\/#breadcrumb\",\"itemListElement\":[{\"@type\":\"ListItem\",\"position\":1,\"name\":\"Startseite\",\"item\":\"https:\/\/www.safersurfing.org\/loveismore-pl\/\"},{\"@type\":\"ListItem\",\"position\":2,\"name\":\"O NAS\"}]},{\"@type\":\"WebSite\",\"@id\":\"https:\/\/www.safersurfing.org\/loveismore-pl\/#website\",\"url\":\"https:\/\/www.safersurfing.org\/loveismore-pl\/\",\"name\":\"LOVE IS MORE (Polski)\",\"description\":\"\",\"potentialAction\":[{\"@type\":\"SearchAction\",\"target\":{\"@type\":\"EntryPoint\",\"urlTemplate\":\"https:\/\/www.safersurfing.org\/loveismore-pl\/?s={search_term_string}\"},\"query-input\":{\"@type\":\"PropertyValueSpecification\",\"valueRequired\":true,\"valueName\":\"search_term_string\"}}],\"inLanguage\":\"de\"}]}<\/script>\n<!-- \/ Yoast SEO Premium plugin. -->","yoast_head_json":{"title":"O NAS - LOVE IS MORE (Polski)","robots":{"index":"index","follow":"follow","max-snippet":"max-snippet:-1","max-image-preview":"max-image-preview:large","max-video-preview":"max-video-preview:-1"},"canonical":"https:\/\/www.safersurfing.org\/loveismore-pl\/ueber-uns\/","og_locale":"de_DE","og_type":"article","og_title":"O NAS","og_url":"https:\/\/www.safersurfing.org\/loveismore-pl\/ueber-uns\/","og_site_name":"LOVE IS MORE (Polski)","article_publisher":"https:\/\/www.facebook.com\/loveismore.org\/","article_modified_time":"2023-06-14T06:12:41+00:00","twitter_card":"summary_large_image","twitter_misc":{"Gesch\u00e4tzte Lesezeit":"6\u00a0Minuten"},"schema":{"@context":"https:\/\/schema.org","@graph":[{"@type":"WebPage","@id":"https:\/\/www.safersurfing.org\/loveismore-pl\/ueber-uns\/","url":"https:\/\/www.safersurfing.org\/loveismore-pl\/ueber-uns\/","name":"O NAS - LOVE IS MORE (Polski)","isPartOf":{"@id":"https:\/\/www.safersurfing.org\/loveismore-pl\/#website"},"datePublished":"2017-07-05T10:56:22+00:00","dateModified":"2023-06-14T06:12:41+00:00","breadcrumb":{"@id":"https:\/\/www.safersurfing.org\/loveismore-pl\/ueber-uns\/#breadcrumb"},"inLanguage":"de","potentialAction":[{"@type":"ReadAction","target":["https:\/\/www.safersurfing.org\/loveismore-pl\/ueber-uns\/"]}]},{"@type":"BreadcrumbList","@id":"https:\/\/www.safersurfing.org\/loveismore-pl\/ueber-uns\/#breadcrumb","itemListElement":[{"@type":"ListItem","position":1,"name":"Startseite","item":"https:\/\/www.safersurfing.org\/loveismore-pl\/"},{"@type":"ListItem","position":2,"name":"O NAS"}]},{"@type":"WebSite","@id":"https:\/\/www.safersurfing.org\/loveismore-pl\/#website","url":"https:\/\/www.safersurfing.org\/loveismore-pl\/","name":"LOVE IS MORE (Polski)","description":"","potentialAction":[{"@type":"SearchAction","target":{"@type":"EntryPoint","urlTemplate":"https:\/\/www.safersurfing.org\/loveismore-pl\/?s={search_term_string}"},"query-input":{"@type":"PropertyValueSpecification","valueRequired":true,"valueName":"search_term_string"}}],"inLanguage":"de"}]}},"_links":{"self":[{"href":"https:\/\/www.safersurfing.org\/loveismore-pl\/wp-json\/wp\/v2\/pages\/112","targetHints":{"allow":["GET"]}}],"collection":[{"href":"https:\/\/www.safersurfing.org\/loveismore-pl\/wp-json\/wp\/v2\/pages"}],"about":[{"href":"https:\/\/www.safersurfing.org\/loveismore-pl\/wp-json\/wp\/v2\/types\/page"}],"author":[{"embeddable":true,"href":"https:\/\/www.safersurfing.org\/loveismore-pl\/wp-json\/wp\/v2\/users\/1"}],"replies":[{"embeddable":true,"href":"https:\/\/www.safersurfing.org\/loveismore-pl\/wp-json\/wp\/v2\/comments?post=112"}],"version-history":[{"count":0,"href":"https:\/\/www.safersurfing.org\/loveismore-pl\/wp-json\/wp\/v2\/pages\/112\/revisions"}],"wp:attachment":[{"href":"https:\/\/www.safersurfing.org\/loveismore-pl\/wp-json\/wp\/v2\/media?parent=112"}],"curies":[{"name":"wp","href":"https:\/\/api.w.org\/{rel}","templated":true}]}}