{"id":2919,"date":"2018-07-17T18:01:37","date_gmt":"2018-07-17T16:01:37","guid":{"rendered":"https:\/\/www.safersurfing.org\/loveismore\/?page_id=2919"},"modified":"2019-02-12T11:51:21","modified_gmt":"2019-02-12T09:51:21","slug":"pomoc-w-zaleznosci","status":"publish","type":"page","link":"https:\/\/www.safersurfing.org\/loveismore-pl\/pomoc-w-zaleznosci\/","title":{"rendered":"Pomoc w zale\u017cno\u015bci"},"content":{"rendered":"<p><div class=\"fusion-fullwidth fullwidth-box fusion-builder-row-1 fusion-flex-container nonhundred-percent-fullwidth non-hundred-percent-height-scrolling\" style=\"--awb-border-radius-top-left:0px;--awb-border-radius-top-right:0px;--awb-border-radius-bottom-right:0px;--awb-border-radius-bottom-left:0px;--awb-flex-wrap:wrap;\" ><div class=\"fusion-builder-row fusion-row fusion-flex-align-items-flex-start fusion-flex-content-wrap\" style=\"max-width:calc( 1170px + 0px );margin-left: calc(-0px \/ 2 );margin-right: calc(-0px \/ 2 );\"><div class=\"fusion-layout-column fusion_builder_column fusion-builder-column-0 fusion_builder_column_1_1 1_1 fusion-flex-column fusion-lightbox-link\" style=\"--awb-bg-size:cover;--awb-width-large:100%;--awb-margin-top-large:0px;--awb-spacing-right-large:0px;--awb-margin-bottom-large:0px;--awb-spacing-left-large:0px;--awb-width-medium:100%;--awb-spacing-right-medium:0px;--awb-spacing-left-medium:0px;--awb-width-small:100%;--awb-spacing-right-small:0px;--awb-spacing-left-small:0px;\"><div class=\"fusion-column-wrapper fusion-flex-justify-content-flex-start fusion-content-layout-column\"><div class=\"fusion-text fusion-text-1\"><h2 style=\"text-align: center;\" data-fontsize=\"30\" data-lineheight=\"39\">Pomoc w uzale\u017cnieniu od pornografii<\/h2>\n<p style=\"text-align: center;\" data-fontsize=\"30\" data-lineheight=\"39\">Uczy\u0144 \u017cycie w wolno\u015bci mo\u017cliwym, znajd\u017a wyj\u015bcie z zale\u017cno\u015bci. Oferujemy pomoc i porady dla os\u00f3b, kt\u00f3re w\u0142a\u015bnie tego szukaj\u0105.<br \/>\nPornografia jest wyra\u017anie niewidoczna i pozbawia jako\u015b\u0107 \u017cycia. Opieraj\u0105c si\u0119 na historiach z \u017cycia, badaniach i otwartych \u015bwiadectwach, kt\u00f3re chcemy pokaza\u0107<br \/>\njak mi\u0142o opu\u015bci\u0107 zale\u017cno\u015b\u0107.<\/p>\n<\/div><\/div><\/div><\/div><\/div><div class=\"fusion-fullwidth fullwidth-box fusion-builder-row-2 fusion-flex-container nonhundred-percent-fullwidth non-hundred-percent-height-scrolling\" style=\"--awb-border-radius-top-left:0px;--awb-border-radius-top-right:0px;--awb-border-radius-bottom-right:0px;--awb-border-radius-bottom-left:0px;--awb-padding-top:35px;--awb-padding-bottom:35px;--awb-flex-wrap:wrap;\" ><div class=\"fusion-builder-row fusion-row fusion-flex-align-items-flex-start fusion-flex-content-wrap\" style=\"max-width:calc( 1170px + 0px );margin-left: calc(-0px \/ 2 );margin-right: calc(-0px \/ 2 );\"><div class=\"fusion-layout-column fusion_builder_column fusion-builder-column-1 fusion_builder_column_1_1 1_1 fusion-flex-column\" style=\"--awb-bg-size:cover;--awb-width-large:100%;--awb-margin-top-large:0px;--awb-spacing-right-large:0px;--awb-margin-bottom-large:20px;--awb-spacing-left-large:0px;--awb-width-medium:100%;--awb-spacing-right-medium:0px;--awb-spacing-left-medium:0px;--awb-width-small:100%;--awb-spacing-right-small:0px;--awb-spacing-left-small:0px;\"><div class=\"fusion-column-wrapper fusion-flex-justify-content-center fusion-content-layout-column\"><div class=\"fusion-separator fusion-full-width-sep\" style=\"align-self: center;margin-left: auto;margin-right: auto;margin-top:35px;width:100%;\"><\/div><div class=\"fusion-text fusion-text-2\"><h2 style=\"text-align: center;\">Sk\u0142adki na to<\/h2>\n<\/div><div class=\"fusion-separator fusion-full-width-sep\" style=\"align-self: center;margin-left: auto;margin-right: auto;margin-top:35px;width:100%;\"><\/div><div class=\"fusion-blog-shortcode fusion-blog-shortcode-1 fusion-blog-archive fusion-blog-layout-grid-wrapper fusion-blog-no fusion-blog-layout-center\"><style type=\"text\/css\">.fusion-blog-shortcode-1 .fusion-blog-layout-grid .fusion-post-grid{padding:20px;}.fusion-blog-shortcode-1 .fusion-posts-container{margin-left: -20px !important; margin-right:-20px !important;}<\/style><div class=\"fusion-posts-container fusion-posts-container-no fusion-blog-layout-grid fusion-blog-layout-grid-3 isotope fusion-blog-equal-heights\" data-pages=\"4\" data-grid-col-space=\"40\" style=\"margin: -20px -20px 0;min-height:500px;\"><article id=\"blog-1-post-3855\" class=\"fusion-post-grid post-3855 post type-post status-publish format-standard has-post-thumbnail hentry category-pomoc-w-zaleznosci\">\n<div class=\"fusion-post-wrapper\" style=\"background-color:rgba(210,225,248,1);border:1px solid #ffffff;border-bottom-width:3px;\">\n\n\t\t\t<div class=\"fusion-flexslider flexslider fusion-flexslider-loading fusion-post-slideshow\" style=\"border-color:#ffffff;\">\n\t\t<ul class=\"slides\">\n\t\t\t\n\t\t\t\t\t\t\t\t\t\t\t\t\t\t<li><div  class=\"fusion-image-wrapper\" aria-haspopup=\"true\">\n\t\t\t\t\t\t\t<a href=\"https:\/\/www.safersurfing.org\/loveismore-pl\/mmfc-pl\/\" aria-label=\"MMFC.PL z Phil P\u00f6schl\">\n\t\t\t\t\t\t\t<img decoding=\"async\" width=\"1280\" height=\"720\" src=\"https:\/\/www.safersurfing.org\/loveismore-pl\/wp-content\/uploads\/sites\/25\/2024\/11\/MMFCPolen.jpg\" class=\"attachment-full size-full wp-post-image\" alt=\"\" srcset=\"https:\/\/www.safersurfing.org\/loveismore-pl\/wp-content\/uploads\/sites\/25\/2024\/11\/MMFCPolen-200x113.jpg 200w, https:\/\/www.safersurfing.org\/loveismore-pl\/wp-content\/uploads\/sites\/25\/2024\/11\/MMFCPolen-400x225.jpg 400w, https:\/\/www.safersurfing.org\/loveismore-pl\/wp-content\/uploads\/sites\/25\/2024\/11\/MMFCPolen-600x338.jpg 600w, https:\/\/www.safersurfing.org\/loveismore-pl\/wp-content\/uploads\/sites\/25\/2024\/11\/MMFCPolen-800x450.jpg 800w, https:\/\/www.safersurfing.org\/loveismore-pl\/wp-content\/uploads\/sites\/25\/2024\/11\/MMFCPolen-1200x675.jpg 1200w, https:\/\/www.safersurfing.org\/loveismore-pl\/wp-content\/uploads\/sites\/25\/2024\/11\/MMFCPolen.jpg 1280w\" sizes=\"(min-width: 2200px) 100vw, (min-width: 784px) 363px, (min-width: 712px) 545px, (min-width: 640px) 712px, \" \/>\t\t\t<\/a>\n\t\t\t\t\t\t\t<\/div>\n<\/li>\n\t\t\t\n\t\t\t\n\t\t\t\t\t\t\t\t\t\t\t\t\t\t\t\t\t\t\t\t\t\t\t\t\t\t\t\t\t\t\t\t\t\t\t\t\t\t\t\t\t\t\t\t\t\t\t\t\t\t\t\t\t\t\t\t\t\t\t\t\t\t\t\t\t\t\t\t<\/ul>\n\t<\/div>\n\t<div class=\"fusion-post-content-wrapper\" style=\"padding:40px 40px 40px 40px;\"><div class=\"fusion-post-content post-content\"><h2 class=\"blog-shortcode-post-title entry-title\"><a href=\"https:\/\/www.safersurfing.org\/loveismore-pl\/mmfc-pl\/\">MMFC.PL z Phil P\u00f6schl<\/a><\/h2><div class=\"fusion-content-sep sep-none\"><\/div><div class=\"fusion-post-content-container\"><p>MMFC z Phil P\u00f6schl w Warszawie www.mmfc.pl 44-GODZINNE DO\u015aWIADCZENIE CZY [...]<\/p><\/div><\/div><div class=\"fusion-meta-info\"><div class=\"fusion-aligncenter\"><a class=\"fusion-read-more\" href=\"https:\/\/www.safersurfing.org\/loveismore-pl\/mmfc-pl\/\" aria-label=\"More on MMFC.PL z Phil P\u00f6schl\">Mehr lesen<\/a><\/div><\/div><\/div><div class=\"fusion-clearfix\"><\/div><\/div>\n<\/article>\n<article id=\"blog-1-post-3861\" class=\"fusion-post-grid has-post-thumbnail post-3861 post type-post status-publish format-video hentry category-pomoc-w-zaleznosci post_format-post-format-video\">\n<div class=\"fusion-post-wrapper\" style=\"background-color:rgba(210,225,248,1);border:1px solid #ffffff;border-bottom-width:3px;\">\n\n\t\t\t<div class=\"fusion-flexslider flexslider fusion-flexslider-loading fusion-post-slideshow\" style=\"border-color:#ffffff;\">\n\t\t<ul class=\"slides\">\n\t\t\t\t\t\t\t<li>\n\t\t\t\t\t<div class=\"full-video\"><iframe width=\"560\" height=\"315\" src=\"https:\/\/www.youtube.com\/embed\/I5Dw3PTWcMc\" title=\"YouTube video player\" frameborder=\"0\" allow=\"accelerometer; autoplay; clipboard-write; encrypted-media; gyroscope; picture-in-picture\" allowfullscreen><\/iframe><\/div>\n\t\t\t\t<\/li>\n\t\t\t\n\t\t\t\t\t\t\n\t\t\t\n\t\t\t\t\t\t\t\t\t\t\t\t\t\t\t\t\t\t\t\t\t\t\t\t\t\t\t\t\t\t\t\t\t\t\t\t\t\t\t\t\t\t\t\t\t\t\t\t\t\t\t\t\t\t\t\t\t\t\t\t\t\t\t\t\t\t\t\t<\/ul>\n\t<\/div>\n\t<div class=\"fusion-post-content-wrapper\" style=\"padding:40px 40px 40px 40px;\"><div class=\"fusion-post-content post-content\"><h2 class=\"blog-shortcode-post-title entry-title\"><a href=\"https:\/\/www.safersurfing.org\/loveismore-pl\/mmfc-video\/\">MMFC Video<\/a><\/h2><div class=\"fusion-content-sep sep-none\"><\/div><div class=\"fusion-post-content-container\"><p><\/p><\/div><\/div><div class=\"fusion-meta-info\"><div class=\"fusion-aligncenter\"><a class=\"fusion-read-more\" href=\"https:\/\/www.safersurfing.org\/loveismore-pl\/mmfc-video\/\" aria-label=\"More on MMFC Video\">Mehr lesen<\/a><\/div><\/div><\/div><div class=\"fusion-clearfix\"><\/div><\/div>\n<\/article>\n<article id=\"blog-1-post-3582\" class=\"fusion-post-grid post-3582 post type-post status-publish format-standard has-post-thumbnail hentry category-pomoc-w-zaleznosci\">\n<div class=\"fusion-post-wrapper\" style=\"background-color:rgba(210,225,248,1);border:1px solid #ffffff;border-bottom-width:3px;\">\n\n\t\t\t<div class=\"fusion-flexslider flexslider fusion-flexslider-loading fusion-post-slideshow\" style=\"border-color:#ffffff;\">\n\t\t<ul class=\"slides\">\n\t\t\t\n\t\t\t\t\t\t\t\t\t\t\t\t\t\t<li><div  class=\"fusion-image-wrapper\" aria-haspopup=\"true\">\n\t\t\t\t\t\t\t<a href=\"https:\/\/www.safersurfing.org\/loveismore-pl\/przed-grzechem-seksualnym\/\" aria-label=\"Co robi\u0107 w walce z grzechem seksualnym\">\n\t\t\t\t\t\t\t<img decoding=\"async\" width=\"800\" height=\"500\" src=\"https:\/\/www.safersurfing.org\/loveismore-pl\/wp-content\/uploads\/sites\/25\/2018\/09\/lars_nissen_photoart_pixabay_800_500_kBn.jpg\" class=\"attachment-full size-full wp-post-image\" alt=\"\" srcset=\"https:\/\/www.safersurfing.org\/loveismore-pl\/wp-content\/uploads\/sites\/25\/2018\/09\/lars_nissen_photoart_pixabay_800_500_kBn-200x125.jpg 200w, https:\/\/www.safersurfing.org\/loveismore-pl\/wp-content\/uploads\/sites\/25\/2018\/09\/lars_nissen_photoart_pixabay_800_500_kBn-400x250.jpg 400w, https:\/\/www.safersurfing.org\/loveismore-pl\/wp-content\/uploads\/sites\/25\/2018\/09\/lars_nissen_photoart_pixabay_800_500_kBn-600x375.jpg 600w, https:\/\/www.safersurfing.org\/loveismore-pl\/wp-content\/uploads\/sites\/25\/2018\/09\/lars_nissen_photoart_pixabay_800_500_kBn.jpg 800w\" sizes=\"(min-width: 2200px) 100vw, (min-width: 784px) 363px, (min-width: 712px) 545px, (min-width: 640px) 712px, \" \/>\t\t\t<\/a>\n\t\t\t\t\t\t\t<\/div>\n<\/li>\n\t\t\t\n\t\t\t\n\t\t\t\t\t\t\t\t\t\t\t\t\t\t\t\t\t\t\t\t\t\t\t\t\t\t\t\t\t\t\t\t\t\t\t\t\t\t\t\t\t\t\t\t\t\t\t\t\t\t\t\t\t\t\t\t\t\t\t\t\t\t\t\t\t\t\t\t<\/ul>\n\t<\/div>\n\t<div class=\"fusion-post-content-wrapper\" style=\"padding:40px 40px 40px 40px;\"><div class=\"fusion-post-content post-content\"><h2 class=\"blog-shortcode-post-title entry-title\"><a href=\"https:\/\/www.safersurfing.org\/loveismore-pl\/przed-grzechem-seksualnym\/\">Co robi\u0107 w walce z grzechem seksualnym<\/a><\/h2><div class=\"fusion-content-sep sep-none\"><\/div><div class=\"fusion-post-content-container\"><p>Gej\u00f3w i grzech seksualny - potkni\u0119cia w \u0142\u0105czeniu z Bogiem<\/p><\/div><\/div><div class=\"fusion-meta-info\"><div class=\"fusion-aligncenter\"><a class=\"fusion-read-more\" href=\"https:\/\/www.safersurfing.org\/loveismore-pl\/przed-grzechem-seksualnym\/\" aria-label=\"More on Co robi\u0107 w walce z grzechem seksualnym\">Mehr lesen<\/a><\/div><\/div><\/div><div class=\"fusion-clearfix\"><\/div><\/div>\n<\/article>\n<div class=\"fusion-clearfix\"><\/div><\/div><\/div><div class=\"fusion-separator fusion-full-width-sep\" style=\"align-self: center;margin-left: auto;margin-right: auto;margin-top:35px;width:100%;\"><\/div><div style=\"text-align:center;\"><a class=\"fusion-button button-flat fusion-button-default-size button-custom fusion-button-default button-1 fusion-button-default-span fusion-button-default-type\" style=\"--button_accent_color:#ffffff;--button_accent_hover_color:#ffffff;--button_border_hover_color:#ffffff;--button_gradient_top_color:#4797a0;--button_gradient_bottom_color:#4797a0;--button_gradient_top_color_hover:#4e6e88;--button_gradient_bottom_color_hover:#4e6e88;\" target=\"_self\" href=\"https:\/\/www.safersurfing.org\/loveismore-pl\/category\/pomoc-w-zaleznosci\/https:\/\/www.safersurfing.org\/loveismore-pl\/category\/pomoc-w-zaleznosci\/https:\/\/www.safersurfing.org\/loveismore-pl\/category\/pomoc-w-zaleznosci\/https:\/\/www.safersurfing.org\/loveismore-pl\/category\/pomoc-w-zaleznosci\/https:\/\/www.safersurfing.org\/loveismore-pl\/category\/pomoc-w-zaleznosci\/https:\/\/www.safersurfing.org\/loveismore-pl\/category\/pomoc-w-zaleznosci\/https:\/\/www.safersurfing.org\/loveismore-pl\/category\/pomoc-w-zaleznosci\/https:\/\/www.safersurfing.org\/loveismore-pl\/category\/pomoc-w-zaleznosci\/https:\/\/www.safersurfing.org\/loveismore-pl\/category\/pomoc-w-zaleznosci\/https:\/\/www.safersurfing.org\/loveismore-pl\/category\/pomoc-w-zaleznosci\/https:\/\/www.safersurfing.org\/loveismore-pl\/category\/pomoc-w-zaleznosci\/https:\/\/www.safersurfing.org\/loveismore-pl\/category\/pomoc-w-zaleznosci\/https:\/\/www.safersurfing.org\/loveismore-pl\/category\/pomoc-w-zaleznosci\/https:\/\/www.safersurfing.org\/loveismore-pl\/category\/pomoc-w-zaleznosci\/https:\/\/www.safersurfing.org\/loveismore-pl\/category\/pomoc-w-zaleznosci\/https:\/\/www.safersurfing.org\/loveismore-pl\/category\/pomoc-w-zaleznosci\/https:\/\/www.safersurfing.org\/loveismore-pl\/category\/pomoc-w-zaleznosci\/https:\/\/www.safersurfing.org\/loveismore-pl\/category\/pomoc-w-zaleznosci\/https:\/\/www.safersurfing.org\/loveismore-pl\/category\/pomoc-w-zaleznosci\/https:\/\/www.safersurfing.org\/loveismore-pl\/category\/pomoc-w-zaleznosci\/https:\/\/www.safersurfing.org\/loveismore-pl\/category\/pomoc-w-zaleznosci\/https:\/\/www.safersurfing.org\/loveismore-pl\/category\/pomoc-w-zaleznosci\/https:\/\/www.safersurfing.org\/loveismore-pl\/category\/pomoc-w-zaleznosci\/https:\/\/www.safersurfing.org\/loveismore-pl\/category\/pomoc-w-zaleznosci\/https:\/\/www.safersurfing.org\/loveismore-pl\/category\/pomoc-w-zaleznosci\/https:\/\/www.safersurfing.org\/loveismore-pl\/category\/pomoc-w-zaleznosci\/https:\/\/www.safersurfing.org\/loveismore-pl\/category\/pomoc-w-zaleznosci\/https:\/\/www.safersurfing.org\/loveismore-pl\/category\/pomoc-w-zaleznosci\/https:\/\/www.safersurfing.org\/loveismore-pl\/category\/pomoc-w-zaleznosci\/https:\/\/www.safersurfing.org\/loveismore-pl\/category\/pomoc-w-zaleznosci\/https:\/\/www.safersurfing.org\/loveismore-pl\/category\/pomoc-w-zaleznosci\/https:\/\/www.safersurfing.org\/loveismore-pl\/category\/pomoc-w-zaleznosci\/https:\/\/www.safersurfing.org\/loveismore-pl\/category\/pomoc-w-zaleznosci\/\"><span class=\"fusion-button-text awb-button__text awb-button__text--default\">Wszystkie posty<\/span><\/a><\/div><\/div><\/div><\/div><\/div><div class=\"fusion-fullwidth fullwidth-box fusion-builder-row-3 fusion-flex-container nonhundred-percent-fullwidth non-hundred-percent-height-scrolling\" style=\"--awb-border-radius-top-left:0px;--awb-border-radius-top-right:0px;--awb-border-radius-bottom-right:0px;--awb-border-radius-bottom-left:0px;--awb-margin-top:6%;--awb-margin-bottom:6%;--awb-background-color:#d2e1f8;--awb-flex-wrap:wrap;\" ><div class=\"fusion-builder-row fusion-row fusion-flex-align-items-flex-start fusion-flex-content-wrap\" style=\"max-width:calc( 1170px + 0px );margin-left: calc(-0px \/ 2 );margin-right: calc(-0px \/ 2 );\"><div class=\"fusion-layout-column fusion_builder_column fusion-builder-column-2 fusion_builder_column_1_1 1_1 fusion-flex-column\" style=\"--awb-bg-size:cover;--awb-width-large:100%;--awb-margin-top-large:6%;--awb-spacing-right-large:0px;--awb-margin-bottom-large:4%;--awb-spacing-left-large:0px;--awb-width-medium:100%;--awb-spacing-right-medium:0px;--awb-spacing-left-medium:0px;--awb-width-small:100%;--awb-spacing-right-small:0px;--awb-spacing-left-small:0px;\"><div class=\"fusion-column-wrapper fusion-flex-justify-content-flex-start fusion-content-layout-column\"><div class=\"fusion-text fusion-text-3\"><h2 class=\"flush-top\">Nie jeste\u015b sam<\/h2>\n<\/div><div class=\"fusion-separator fusion-full-width-sep\" style=\"align-self: center;margin-left: auto;margin-right: auto;margin-top:35px;width:100%;\"><\/div><div class=\"fusion-blog-shortcode fusion-blog-shortcode-2 fusion-blog-archive fusion-blog-layout-grid-wrapper fusion-blog-infinite fusion-blog-no-images\"><style type=\"text\/css\">.fusion-blog-shortcode-2 .fusion-blog-layout-grid .fusion-post-grid{padding:20px;}.fusion-blog-shortcode-2 .fusion-posts-container{margin-left: -20px !important; margin-right:-20px !important;}<\/style><div class=\"fusion-posts-container fusion-posts-container-infinite fusion-posts-container-load-more fusion-no-meta-info fusion-blog-layout-grid fusion-blog-layout-grid-3 isotope\" data-pages=\"3\" data-grid-col-space=\"40\" style=\"margin: -20px -20px 0;min-height:500px;\"><article id=\"blog-2-post-3517\" class=\"fusion-post-grid post-3517 post type-post status-publish format-standard has-post-thumbnail hentry category-historia\">\n<div class=\"fusion-post-wrapper\" style=\"background-color:rgba(255,255,255,1);border:1px solid #ffffff;border-bottom-width:3px;\"><div class=\"fusion-post-content-wrapper\" style=\"padding:40px 40px 40px 40px;\"><div class=\"fusion-post-content post-content\"><h2 class=\"blog-shortcode-post-title entry-title\"><a href=\"https:\/\/www.safersurfing.org\/loveismore-pl\/carls-story\/\">Carl<\/a><\/h2><div class=\"fusion-post-content-container\"><p>Informacje dla kobiet i m\u0119\u017cczyzn na wyj\u015bciu porno.<\/p><\/div><\/div><\/div><div class=\"fusion-clearfix\"><\/div><\/div>\n<\/article>\n<article id=\"blog-2-post-3515\" class=\"fusion-post-grid post-3515 post type-post status-publish format-standard has-post-thumbnail hentry category-historia\">\n<div class=\"fusion-post-wrapper\" style=\"background-color:rgba(255,255,255,1);border:1px solid #ffffff;border-bottom-width:3px;\"><div class=\"fusion-post-content-wrapper\" style=\"padding:40px 40px 40px 40px;\"><div class=\"fusion-post-content post-content\"><h2 class=\"blog-shortcode-post-title entry-title\"><a href=\"https:\/\/www.safersurfing.org\/loveismore-pl\/lindas-story\/\">Linda<\/a><\/h2><div class=\"fusion-post-content-container\"><p>M\u0119\u017cowie na Playboy kana\u0142\u00f3w patrz\u0105c na inne kobiety<\/p><\/div><\/div><\/div><div class=\"fusion-clearfix\"><\/div><\/div>\n<\/article>\n<article id=\"blog-2-post-3513\" class=\"fusion-post-grid post-3513 post type-post status-publish format-standard has-post-thumbnail hentry category-historia\">\n<div class=\"fusion-post-wrapper\" style=\"background-color:rgba(255,255,255,1);border:1px solid #ffffff;border-bottom-width:3px;\"><div class=\"fusion-post-content-wrapper\" style=\"padding:40px 40px 40px 40px;\"><div class=\"fusion-post-content post-content\"><h2 class=\"blog-shortcode-post-title entry-title\"><a href=\"https:\/\/www.safersurfing.org\/loveismore-pl\/mike\/\">Mike&#8217;a<\/a><\/h2><div class=\"fusion-post-content-container\"><p>Cudzo\u0142\u00f3stwo - historia Mikea<\/p><\/div><\/div><\/div><div class=\"fusion-clearfix\"><\/div><\/div>\n<\/article>\n<div class=\"fusion-clearfix\"><\/div><\/div><div class=\"fusion-infinite-scroll-trigger\"><\/div><div class=\"pagination infinite-scroll clearfix\" style=\"display:none;\"><span class=\"current\">1<\/span><a href=\"https:\/\/www.safersurfing.org\/loveismore-pl\/wp-json\/wp\/v2\/pages\/2919\/page\/2\/\" class=\"inactive\">2<\/a><a class=\"pagination-next\" rel=\"next\" href=\"https:\/\/www.safersurfing.org\/loveismore-pl\/wp-json\/wp\/v2\/pages\/2919\/page\/2\/\"><span class=\"page-text\">Weiter<\/span><span class=\"page-next\"><\/span><\/a><\/div><div class=\"fusion-clearfix\"><\/div><button class=\"fusion-load-more-button fusion-blog-button fusion-clearfix\">Mehr laden<\/button><\/div><\/div><\/div><\/div><\/div><\/p>\n","protected":false},"excerpt":{"rendered":"","protected":false},"author":1,"featured_media":0,"parent":0,"menu_order":0,"comment_status":"closed","ping_status":"open","template":"100-width.php","meta":{"footnotes":""},"class_list":["post-2919","page","type-page","status-publish","hentry"],"yoast_head":"<!-- This site is optimized with the Yoast SEO Premium plugin v27.0 (Yoast SEO v27.0) - https:\/\/yoast.com\/product\/yoast-seo-premium-wordpress\/ -->\n<title>Pomoc w zale\u017cno\u015bci - LOVE IS MORE (Polski)<\/title>\n<meta name=\"robots\" content=\"index, follow, max-snippet:-1, max-image-preview:large, max-video-preview:-1\" \/>\n<link rel=\"canonical\" href=\"https:\/\/www.safersurfing.org\/loveismore-pl\/pomoc-w-zaleznosci\/\" \/>\n<meta property=\"og:locale\" content=\"de_DE\" \/>\n<meta property=\"og:type\" content=\"article\" \/>\n<meta property=\"og:title\" content=\"Pomoc w zale\u017cno\u015bci\" \/>\n<meta property=\"og:url\" content=\"https:\/\/www.safersurfing.org\/loveismore-pl\/pomoc-w-zaleznosci\/\" \/>\n<meta property=\"og:site_name\" content=\"LOVE IS MORE (Polski)\" \/>\n<meta property=\"article:publisher\" content=\"https:\/\/www.facebook.com\/loveismore.org\/\" \/>\n<meta property=\"article:modified_time\" content=\"2019-02-12T09:51:21+00:00\" \/>\n<meta name=\"twitter:card\" content=\"summary_large_image\" \/>\n<meta name=\"twitter:label1\" content=\"Gesch\u00e4tzte Lesezeit\" \/>\n\t<meta name=\"twitter:data1\" content=\"7\u00a0Minuten\" \/>\n<script type=\"application\/ld+json\" class=\"yoast-schema-graph\">{\"@context\":\"https:\/\/schema.org\",\"@graph\":[{\"@type\":\"WebPage\",\"@id\":\"https:\/\/www.safersurfing.org\/loveismore-pl\/pomoc-w-zaleznosci\/\",\"url\":\"https:\/\/www.safersurfing.org\/loveismore-pl\/pomoc-w-zaleznosci\/\",\"name\":\"Pomoc w zale\u017cno\u015bci - LOVE IS MORE (Polski)\",\"isPartOf\":{\"@id\":\"https:\/\/www.safersurfing.org\/loveismore-pl\/#website\"},\"datePublished\":\"2018-07-17T16:01:37+00:00\",\"dateModified\":\"2019-02-12T09:51:21+00:00\",\"breadcrumb\":{\"@id\":\"https:\/\/www.safersurfing.org\/loveismore-pl\/pomoc-w-zaleznosci\/#breadcrumb\"},\"inLanguage\":\"de\",\"potentialAction\":[{\"@type\":\"ReadAction\",\"target\":[\"https:\/\/www.safersurfing.org\/loveismore-pl\/pomoc-w-zaleznosci\/\"]}]},{\"@type\":\"BreadcrumbList\",\"@id\":\"https:\/\/www.safersurfing.org\/loveismore-pl\/pomoc-w-zaleznosci\/#breadcrumb\",\"itemListElement\":[{\"@type\":\"ListItem\",\"position\":1,\"name\":\"Startseite\",\"item\":\"https:\/\/www.safersurfing.org\/loveismore-pl\/\"},{\"@type\":\"ListItem\",\"position\":2,\"name\":\"Pomoc w zale\u017cno\u015bci\"}]},{\"@type\":\"WebSite\",\"@id\":\"https:\/\/www.safersurfing.org\/loveismore-pl\/#website\",\"url\":\"https:\/\/www.safersurfing.org\/loveismore-pl\/\",\"name\":\"LOVE IS MORE (Polski)\",\"description\":\"\",\"potentialAction\":[{\"@type\":\"SearchAction\",\"target\":{\"@type\":\"EntryPoint\",\"urlTemplate\":\"https:\/\/www.safersurfing.org\/loveismore-pl\/?s={search_term_string}\"},\"query-input\":{\"@type\":\"PropertyValueSpecification\",\"valueRequired\":true,\"valueName\":\"search_term_string\"}}],\"inLanguage\":\"de\"}]}<\/script>\n<!-- \/ Yoast SEO Premium plugin. -->","yoast_head_json":{"title":"Pomoc w zale\u017cno\u015bci - LOVE IS MORE (Polski)","robots":{"index":"index","follow":"follow","max-snippet":"max-snippet:-1","max-image-preview":"max-image-preview:large","max-video-preview":"max-video-preview:-1"},"canonical":"https:\/\/www.safersurfing.org\/loveismore-pl\/pomoc-w-zaleznosci\/","og_locale":"de_DE","og_type":"article","og_title":"Pomoc w zale\u017cno\u015bci","og_url":"https:\/\/www.safersurfing.org\/loveismore-pl\/pomoc-w-zaleznosci\/","og_site_name":"LOVE IS MORE (Polski)","article_publisher":"https:\/\/www.facebook.com\/loveismore.org\/","article_modified_time":"2019-02-12T09:51:21+00:00","twitter_card":"summary_large_image","twitter_misc":{"Gesch\u00e4tzte Lesezeit":"7\u00a0Minuten"},"schema":{"@context":"https:\/\/schema.org","@graph":[{"@type":"WebPage","@id":"https:\/\/www.safersurfing.org\/loveismore-pl\/pomoc-w-zaleznosci\/","url":"https:\/\/www.safersurfing.org\/loveismore-pl\/pomoc-w-zaleznosci\/","name":"Pomoc w zale\u017cno\u015bci - LOVE IS MORE (Polski)","isPartOf":{"@id":"https:\/\/www.safersurfing.org\/loveismore-pl\/#website"},"datePublished":"2018-07-17T16:01:37+00:00","dateModified":"2019-02-12T09:51:21+00:00","breadcrumb":{"@id":"https:\/\/www.safersurfing.org\/loveismore-pl\/pomoc-w-zaleznosci\/#breadcrumb"},"inLanguage":"de","potentialAction":[{"@type":"ReadAction","target":["https:\/\/www.safersurfing.org\/loveismore-pl\/pomoc-w-zaleznosci\/"]}]},{"@type":"BreadcrumbList","@id":"https:\/\/www.safersurfing.org\/loveismore-pl\/pomoc-w-zaleznosci\/#breadcrumb","itemListElement":[{"@type":"ListItem","position":1,"name":"Startseite","item":"https:\/\/www.safersurfing.org\/loveismore-pl\/"},{"@type":"ListItem","position":2,"name":"Pomoc w zale\u017cno\u015bci"}]},{"@type":"WebSite","@id":"https:\/\/www.safersurfing.org\/loveismore-pl\/#website","url":"https:\/\/www.safersurfing.org\/loveismore-pl\/","name":"LOVE IS MORE (Polski)","description":"","potentialAction":[{"@type":"SearchAction","target":{"@type":"EntryPoint","urlTemplate":"https:\/\/www.safersurfing.org\/loveismore-pl\/?s={search_term_string}"},"query-input":{"@type":"PropertyValueSpecification","valueRequired":true,"valueName":"search_term_string"}}],"inLanguage":"de"}]}},"_links":{"self":[{"href":"https:\/\/www.safersurfing.org\/loveismore-pl\/wp-json\/wp\/v2\/pages\/2919","targetHints":{"allow":["GET"]}}],"collection":[{"href":"https:\/\/www.safersurfing.org\/loveismore-pl\/wp-json\/wp\/v2\/pages"}],"about":[{"href":"https:\/\/www.safersurfing.org\/loveismore-pl\/wp-json\/wp\/v2\/types\/page"}],"author":[{"embeddable":true,"href":"https:\/\/www.safersurfing.org\/loveismore-pl\/wp-json\/wp\/v2\/users\/1"}],"replies":[{"embeddable":true,"href":"https:\/\/www.safersurfing.org\/loveismore-pl\/wp-json\/wp\/v2\/comments?post=2919"}],"version-history":[{"count":0,"href":"https:\/\/www.safersurfing.org\/loveismore-pl\/wp-json\/wp\/v2\/pages\/2919\/revisions"}],"wp:attachment":[{"href":"https:\/\/www.safersurfing.org\/loveismore-pl\/wp-json\/wp\/v2\/media?parent=2919"}],"curies":[{"name":"wp","href":"https:\/\/api.w.org\/{rel}","templated":true}]}}