{"id":2919,"date":"2018-07-17T18:01:37","date_gmt":"2018-07-17T16:01:37","guid":{"rendered":"https:\/\/www.safersurfing.org\/loveismore\/?page_id=2919"},"modified":"2018-10-03T16:08:54","modified_gmt":"2018-10-03T14:08:54","slug":"ajuda-dependencia-pornografia","status":"publish","type":"page","link":"https:\/\/www.safersurfing.org\/loveismore-pt\/ajuda-dependencia-pornografia\/","title":{"rendered":"Ajuda com depend\u00eancia de pornografia"},"content":{"rendered":"<p><div class=\"fusion-fullwidth fullwidth-box fusion-builder-row-1 fusion-flex-container nonhundred-percent-fullwidth non-hundred-percent-height-scrolling\" style=\"--awb-border-radius-top-left:0px;--awb-border-radius-top-right:0px;--awb-border-radius-bottom-right:0px;--awb-border-radius-bottom-left:0px;--awb-flex-wrap:wrap;\" ><div class=\"fusion-builder-row fusion-row fusion-flex-align-items-flex-start fusion-flex-content-wrap\" style=\"max-width:calc( 1170px + 0px );margin-left: calc(-0px \/ 2 );margin-right: calc(-0px \/ 2 );\"><div class=\"fusion-layout-column fusion_builder_column fusion-builder-column-0 fusion_builder_column_1_1 1_1 fusion-flex-column fusion-lightbox-link\" style=\"--awb-bg-size:cover;--awb-width-large:100%;--awb-margin-top-large:0px;--awb-spacing-right-large:0px;--awb-margin-bottom-large:0px;--awb-spacing-left-large:0px;--awb-width-medium:100%;--awb-spacing-right-medium:0px;--awb-spacing-left-medium:0px;--awb-width-small:100%;--awb-spacing-right-small:0px;--awb-spacing-left-small:0px;\"><div class=\"fusion-column-wrapper fusion-flex-justify-content-flex-start fusion-content-layout-column\"><div class=\"fusion-text fusion-text-1\"><h2 style=\"text-align: center;\">Ajuda com o v\u00edcio em pornografia<\/h2>\n<p style=\"text-align: center;\">Fa\u00e7a uma vida em liberdade poss\u00edvel, encontre uma sa\u00edda para a depend\u00eancia. Oferecemos ajuda e conselhos para pessoas que est\u00e3o procurando exatamente isso.<br \/>\nA pornografia \u00e9 visivelmente livre e priva a qualidade de vida. Baseado em hist\u00f3rias de vida, estudos e testemunhos reveladores que queremos mostrar<br \/>\ncomo \u00e9 bom deixar a depend\u00eancia para tr\u00e1s.<\/p>\n<\/div><\/div><\/div><\/div><\/div><div class=\"fusion-fullwidth fullwidth-box fusion-builder-row-2 fusion-flex-container nonhundred-percent-fullwidth non-hundred-percent-height-scrolling\" style=\"--awb-border-radius-top-left:0px;--awb-border-radius-top-right:0px;--awb-border-radius-bottom-right:0px;--awb-border-radius-bottom-left:0px;--awb-padding-top:35px;--awb-padding-bottom:35px;--awb-flex-wrap:wrap;\" ><div class=\"fusion-builder-row fusion-row fusion-flex-align-items-flex-start fusion-flex-content-wrap\" style=\"max-width:calc( 1170px + 0px );margin-left: calc(-0px \/ 2 );margin-right: calc(-0px \/ 2 );\"><div class=\"fusion-layout-column fusion_builder_column fusion-builder-column-1 fusion_builder_column_1_1 1_1 fusion-flex-column\" style=\"--awb-bg-size:cover;--awb-width-large:100%;--awb-margin-top-large:0px;--awb-spacing-right-large:0px;--awb-margin-bottom-large:20px;--awb-spacing-left-large:0px;--awb-width-medium:100%;--awb-spacing-right-medium:0px;--awb-spacing-left-medium:0px;--awb-width-small:100%;--awb-spacing-right-small:0px;--awb-spacing-left-small:0px;\"><div class=\"fusion-column-wrapper fusion-flex-justify-content-center fusion-content-layout-column\"><div class=\"fusion-separator fusion-full-width-sep\" style=\"align-self: center;margin-left: auto;margin-right: auto;margin-top:35px;width:100%;\"><\/div><div class=\"fusion-text fusion-text-2\"><h2 style=\"text-align: center;\">Mensagens sobre depend\u00eancia de pornografia<\/h2>\n<\/div><div class=\"fusion-separator fusion-full-width-sep\" style=\"align-self: center;margin-left: auto;margin-right: auto;margin-top:35px;width:100%;\"><\/div><div class=\"fusion-blog-shortcode fusion-blog-shortcode-1 fusion-blog-archive fusion-blog-layout-grid-wrapper fusion-blog-no fusion-blog-layout-center\"><style type=\"text\/css\">.fusion-blog-shortcode-1 .fusion-blog-layout-grid .fusion-post-grid{padding:20px;}.fusion-blog-shortcode-1 .fusion-posts-container{margin-left: -20px !important; margin-right:-20px !important;}<\/style><div class=\"fusion-posts-container fusion-posts-container-no fusion-blog-layout-grid fusion-blog-layout-grid-3 isotope fusion-blog-equal-heights\" data-pages=\"2\" data-grid-col-space=\"40\" style=\"margin: -20px -20px 0;min-height:500px;\"><article id=\"blog-1-post-3576\" class=\"fusion-post-grid post-3576 post type-post status-publish format-standard has-post-thumbnail hentry category-ajuda-com-dependencia\">\n<div class=\"fusion-post-wrapper\" style=\"background-color:rgba(210,225,248,1);border:1px solid #ffffff;border-bottom-width:3px;\">\n\n\t\t\t<div class=\"fusion-flexslider flexslider fusion-flexslider-loading fusion-post-slideshow\" style=\"border-color:#ffffff;\">\n\t\t<ul class=\"slides\">\n\t\t\t\n\t\t\t\t\t\t\t\t\t\t\t\t\t\t<li><div  class=\"fusion-image-wrapper\" aria-haspopup=\"true\">\n\t\t\t\t\t\t\t<a href=\"https:\/\/www.safersurfing.org\/loveismore-pt\/lideranca-e-pornografia\/\" aria-label=\"Lideran\u00e7a e Pornografia\">\n\t\t\t\t\t\t\t<img decoding=\"async\" width=\"800\" height=\"500\" src=\"https:\/\/www.safersurfing.org\/loveismore-pt\/wp-content\/uploads\/sites\/27\/2018\/09\/ben-white-148430-unsplash_800_500.jpg\" class=\"attachment-full size-full wp-post-image\" alt=\"\" srcset=\"https:\/\/www.safersurfing.org\/loveismore-pt\/wp-content\/uploads\/sites\/27\/2018\/09\/ben-white-148430-unsplash_800_500-200x125.jpg 200w, https:\/\/www.safersurfing.org\/loveismore-pt\/wp-content\/uploads\/sites\/27\/2018\/09\/ben-white-148430-unsplash_800_500-400x250.jpg 400w, https:\/\/www.safersurfing.org\/loveismore-pt\/wp-content\/uploads\/sites\/27\/2018\/09\/ben-white-148430-unsplash_800_500-600x375.jpg 600w, https:\/\/www.safersurfing.org\/loveismore-pt\/wp-content\/uploads\/sites\/27\/2018\/09\/ben-white-148430-unsplash_800_500.jpg 800w\" sizes=\"(min-width: 2200px) 100vw, (min-width: 784px) 363px, (min-width: 712px) 545px, (min-width: 640px) 712px, \" \/>\t\t\t<\/a>\n\t\t\t\t\t\t\t<\/div>\n<\/li>\n\t\t\t\n\t\t\t\n\t\t\t\t\t\t\t\t\t\t\t\t\t\t\t\t\t\t\t\t\t\t\t\t\t\t\t\t\t\t\t\t\t\t\t\t\t\t\t\t\t\t\t\t\t\t\t\t\t\t\t\t\t\t\t\t\t\t\t\t\t\t\t\t\t\t\t\t<\/ul>\n\t<\/div>\n\t<div class=\"fusion-post-content-wrapper\" style=\"padding:40px 40px 40px 40px;\"><div class=\"fusion-post-content post-content\"><h2 class=\"blog-shortcode-post-title entry-title\"><a href=\"https:\/\/www.safersurfing.org\/loveismore-pt\/lideranca-e-pornografia\/\">Lideran\u00e7a e Pornografia<\/a><\/h2><div class=\"fusion-content-sep sep-none\"><\/div><div class=\"fusion-post-content-container\"><p>Voc\u00ea j\u00e1 se perguntou como pode ser que metade dos nossos pastores tenham um problema com pornografia, como mostram as\u00a0estat\u00edsticas?<\/p><\/div><\/div><div class=\"fusion-meta-info\"><div class=\"fusion-aligncenter\"><a class=\"fusion-read-more\" href=\"https:\/\/www.safersurfing.org\/loveismore-pt\/lideranca-e-pornografia\/\" aria-label=\"More on Lideran\u00e7a e Pornografia\">Read More<\/a><\/div><\/div><\/div><div class=\"fusion-clearfix\"><\/div><\/div>\n<\/article>\n<article id=\"blog-1-post-3573\" class=\"fusion-post-grid post-3573 post type-post status-publish format-standard has-post-thumbnail hentry category-ajuda-com-dependencia\">\n<div class=\"fusion-post-wrapper\" style=\"background-color:rgba(210,225,248,1);border:1px solid #ffffff;border-bottom-width:3px;\">\n\n\t\t\t<div class=\"fusion-flexslider flexslider fusion-flexslider-loading fusion-post-slideshow\" style=\"border-color:#ffffff;\">\n\t\t<ul class=\"slides\">\n\t\t\t\n\t\t\t\t\t\t\t\t\t\t\t\t\t\t<li><div  class=\"fusion-image-wrapper\" aria-haspopup=\"true\">\n\t\t\t\t\t\t\t<a href=\"https:\/\/www.safersurfing.org\/loveismore-pt\/guerra-na-mente\/\" aria-label=\"Vencendo a Guerra na Mente\">\n\t\t\t\t\t\t\t<img decoding=\"async\" width=\"800\" height=\"500\" src=\"https:\/\/www.safersurfing.org\/loveismore-pt\/wp-content\/uploads\/sites\/27\/2018\/09\/ben-white-unsplash_2_800_500.jpg\" class=\"attachment-full size-full wp-post-image\" alt=\"\" srcset=\"https:\/\/www.safersurfing.org\/loveismore-pt\/wp-content\/uploads\/sites\/27\/2018\/09\/ben-white-unsplash_2_800_500-200x125.jpg 200w, https:\/\/www.safersurfing.org\/loveismore-pt\/wp-content\/uploads\/sites\/27\/2018\/09\/ben-white-unsplash_2_800_500-400x250.jpg 400w, https:\/\/www.safersurfing.org\/loveismore-pt\/wp-content\/uploads\/sites\/27\/2018\/09\/ben-white-unsplash_2_800_500-600x375.jpg 600w, https:\/\/www.safersurfing.org\/loveismore-pt\/wp-content\/uploads\/sites\/27\/2018\/09\/ben-white-unsplash_2_800_500.jpg 800w\" sizes=\"(min-width: 2200px) 100vw, (min-width: 784px) 363px, (min-width: 712px) 545px, (min-width: 640px) 712px, \" \/>\t\t\t<\/a>\n\t\t\t\t\t\t\t<\/div>\n<\/li>\n\t\t\t\n\t\t\t\n\t\t\t\t\t\t\t\t\t\t\t\t\t\t\t\t\t\t\t\t\t\t\t\t\t\t\t\t\t\t\t\t\t\t\t\t\t\t\t\t\t\t\t\t\t\t\t\t\t\t\t\t\t\t\t\t\t\t\t\t\t\t\t\t\t\t\t\t<\/ul>\n\t<\/div>\n\t<div class=\"fusion-post-content-wrapper\" style=\"padding:40px 40px 40px 40px;\"><div class=\"fusion-post-content post-content\"><h2 class=\"blog-shortcode-post-title entry-title\"><a href=\"https:\/\/www.safersurfing.org\/loveismore-pt\/guerra-na-mente\/\">Vencendo a Guerra na Mente<\/a><\/h2><div class=\"fusion-content-sep sep-none\"><\/div><div class=\"fusion-post-content-container\"><p>Nossa cultura est\u00e1 saturada de imoralidade. Voc\u00ea liga a televis\u00e3o e \u00e9 exposto a 6,7 cenas com conte\u00fado sexual a cada hora (fonte: Citizen Magazine).<\/p><\/div><\/div><div class=\"fusion-meta-info\"><div class=\"fusion-aligncenter\"><a class=\"fusion-read-more\" href=\"https:\/\/www.safersurfing.org\/loveismore-pt\/guerra-na-mente\/\" aria-label=\"More on Vencendo a Guerra na Mente\">Read More<\/a><\/div><\/div><\/div><div class=\"fusion-clearfix\"><\/div><\/div>\n<\/article>\n<article id=\"blog-1-post-3570\" class=\"fusion-post-grid post-3570 post type-post status-publish format-standard has-post-thumbnail hentry category-ajuda-com-dependencia\">\n<div class=\"fusion-post-wrapper\" style=\"background-color:rgba(210,225,248,1);border:1px solid #ffffff;border-bottom-width:3px;\">\n\n\t\t\t<div class=\"fusion-flexslider flexslider fusion-flexslider-loading fusion-post-slideshow\" style=\"border-color:#ffffff;\">\n\t\t<ul class=\"slides\">\n\t\t\t\n\t\t\t\t\t\t\t\t\t\t\t\t\t\t<li><div  class=\"fusion-image-wrapper\" aria-haspopup=\"true\">\n\t\t\t\t\t\t\t<a href=\"https:\/\/www.safersurfing.org\/loveismore-pt\/o-que-e-o-vicio-em-sexo\/\" aria-label=\"O que \u00e9 o v\u00edcio em sexo?\">\n\t\t\t\t\t\t\t<img decoding=\"async\" width=\"800\" height=\"500\" src=\"https:\/\/www.safersurfing.org\/loveismore-pt\/wp-content\/uploads\/sites\/27\/2018\/09\/bruno-aguirre_800_500_unsplash.jpg\" class=\"attachment-full size-full wp-post-image\" alt=\"\" srcset=\"https:\/\/www.safersurfing.org\/loveismore-pt\/wp-content\/uploads\/sites\/27\/2018\/09\/bruno-aguirre_800_500_unsplash-200x125.jpg 200w, https:\/\/www.safersurfing.org\/loveismore-pt\/wp-content\/uploads\/sites\/27\/2018\/09\/bruno-aguirre_800_500_unsplash-400x250.jpg 400w, https:\/\/www.safersurfing.org\/loveismore-pt\/wp-content\/uploads\/sites\/27\/2018\/09\/bruno-aguirre_800_500_unsplash-600x375.jpg 600w, https:\/\/www.safersurfing.org\/loveismore-pt\/wp-content\/uploads\/sites\/27\/2018\/09\/bruno-aguirre_800_500_unsplash.jpg 800w\" sizes=\"(min-width: 2200px) 100vw, (min-width: 784px) 363px, (min-width: 712px) 545px, (min-width: 640px) 712px, \" \/>\t\t\t<\/a>\n\t\t\t\t\t\t\t<\/div>\n<\/li>\n\t\t\t\n\t\t\t\n\t\t\t\t\t\t\t\t\t\t\t\t\t\t\t\t\t\t\t\t\t\t\t\t\t\t\t\t\t\t\t\t\t\t\t\t\t\t\t\t\t\t\t\t\t\t\t\t\t\t\t\t\t\t\t\t\t\t\t\t\t\t\t\t\t\t\t\t<\/ul>\n\t<\/div>\n\t<div class=\"fusion-post-content-wrapper\" style=\"padding:40px 40px 40px 40px;\"><div class=\"fusion-post-content post-content\"><h2 class=\"blog-shortcode-post-title entry-title\"><a href=\"https:\/\/www.safersurfing.org\/loveismore-pt\/o-que-e-o-vicio-em-sexo\/\">O que \u00e9 o v\u00edcio em sexo?<\/a><\/h2><div class=\"fusion-content-sep sep-none\"><\/div><div class=\"fusion-post-content-container\"><p>O v\u00edcio em sexo \u00e9 escravid\u00e3o das obsess\u00f5es e compuls\u00f5es da lux\u00faria. A pornografia e a imoralidade sexual afundam a alma;<\/p><\/div><\/div><div class=\"fusion-meta-info\"><div class=\"fusion-aligncenter\"><a class=\"fusion-read-more\" href=\"https:\/\/www.safersurfing.org\/loveismore-pt\/o-que-e-o-vicio-em-sexo\/\" aria-label=\"More on O que \u00e9 o v\u00edcio em sexo?\">Read More<\/a><\/div><\/div><\/div><div class=\"fusion-clearfix\"><\/div><\/div>\n<\/article>\n<div class=\"fusion-clearfix\"><\/div><\/div><\/div><div class=\"fusion-separator fusion-full-width-sep\" style=\"align-self: center;margin-left: auto;margin-right: auto;margin-top:35px;width:100%;\"><\/div><div style=\"text-align:center;\"><a class=\"fusion-button button-flat fusion-button-default-size button-custom fusion-button-default button-1 fusion-button-default-span fusion-button-default-type\" style=\"--button_accent_color:#ffffff;--button_accent_hover_color:#ffffff;--button_border_hover_color:#ffffff;--button_gradient_top_color:#4797a0;--button_gradient_bottom_color:#4797a0;--button_gradient_top_color_hover:#4e6e88;--button_gradient_bottom_color_hover:#4e6e88;\" target=\"_self\" href=\"https:\/\/www.safersurfing.org\/loveismore-pt\/category\/ajuda-com-dependencia\/\"><span class=\"fusion-button-text awb-button__text awb-button__text--default\">Todas as postagens<\/span><\/a><\/div><\/div><\/div><\/div><\/div><div class=\"fusion-fullwidth fullwidth-box fusion-builder-row-3 fusion-flex-container nonhundred-percent-fullwidth non-hundred-percent-height-scrolling\" style=\"--awb-border-radius-top-left:0px;--awb-border-radius-top-right:0px;--awb-border-radius-bottom-right:0px;--awb-border-radius-bottom-left:0px;--awb-margin-top:6%;--awb-margin-bottom:6%;--awb-background-color:#d2e1f8;--awb-flex-wrap:wrap;\" ><div class=\"fusion-builder-row fusion-row fusion-flex-align-items-flex-start fusion-flex-content-wrap\" style=\"max-width:calc( 1170px + 0px );margin-left: calc(-0px \/ 2 );margin-right: calc(-0px \/ 2 );\"><div class=\"fusion-layout-column fusion_builder_column fusion-builder-column-2 fusion_builder_column_1_1 1_1 fusion-flex-column\" style=\"--awb-bg-size:cover;--awb-width-large:100%;--awb-margin-top-large:6%;--awb-spacing-right-large:0px;--awb-margin-bottom-large:4%;--awb-spacing-left-large:0px;--awb-width-medium:100%;--awb-spacing-right-medium:0px;--awb-spacing-left-medium:0px;--awb-width-small:100%;--awb-spacing-right-small:0px;--awb-spacing-left-small:0px;\"><div class=\"fusion-column-wrapper fusion-flex-justify-content-flex-start fusion-content-layout-column\"><div class=\"fusion-text fusion-text-3\"><h2 class=\"flush-top\">Voce nao esta sozinho<\/h2>\n<\/div><div class=\"fusion-separator fusion-full-width-sep\" style=\"align-self: center;margin-left: auto;margin-right: auto;margin-top:35px;width:100%;\"><\/div><div class=\"fusion-blog-shortcode fusion-blog-shortcode-2 fusion-blog-archive fusion-blog-layout-grid-wrapper fusion-blog-infinite fusion-blog-no-images\"><style type=\"text\/css\">.fusion-blog-shortcode-2 .fusion-blog-layout-grid .fusion-post-grid{padding:20px;}.fusion-blog-shortcode-2 .fusion-posts-container{margin-left: -20px !important; margin-right:-20px !important;}<\/style><div class=\"fusion-posts-container fusion-posts-container-infinite fusion-posts-container-load-more fusion-no-meta-info fusion-blog-layout-grid fusion-blog-layout-grid-3 isotope\" data-pages=\"2\" data-grid-col-space=\"40\" style=\"margin: -20px -20px 0;min-height:500px;\"><article id=\"blog-2-post-3517\" class=\"fusion-post-grid post-3517 post type-post status-publish format-standard has-post-thumbnail hentry category-relatorios\">\n<div class=\"fusion-post-wrapper\" style=\"background-color:rgba(255,255,255,1);border:1px solid #ffffff;border-bottom-width:3px;\"><div class=\"fusion-post-content-wrapper\" style=\"padding:40px 40px 40px 40px;\"><div class=\"fusion-post-content post-content\"><h2 class=\"blog-shortcode-post-title entry-title\"><a href=\"https:\/\/www.safersurfing.org\/loveismore-pt\/carls-story\/\">Homens, vamos aos fatos<\/a><\/h2><div class=\"fusion-post-content-container\"><p>A quest\u00e3o \u00e9 o que voc\u00ea vai fazer com esses fatos. Podemos simplesmente aceitar os fatos e dar vez \u00e0 nossa carne, ou podemos viver uma vida de integridade e evitar as armadilhas da pornografia na internet. Esta \u00e9 a batalha que todos os homens t\u00eam que enfrentar.<\/p><\/div><\/div><\/div><div class=\"fusion-clearfix\"><\/div><\/div>\n<\/article>\n<article id=\"blog-2-post-3515\" class=\"fusion-post-grid post-3515 post type-post status-publish format-standard has-post-thumbnail hentry category-relatorios\">\n<div class=\"fusion-post-wrapper\" style=\"background-color:rgba(255,255,255,1);border:1px solid #ffffff;border-bottom-width:3px;\"><div class=\"fusion-post-content-wrapper\" style=\"padding:40px 40px 40px 40px;\"><div class=\"fusion-post-content post-content\"><h2 class=\"blog-shortcode-post-title entry-title\"><a href=\"https:\/\/www.safersurfing.org\/loveismore-pt\/lindas-story\/\">Linda<\/a><\/h2><div class=\"fusion-post-content-container\"><p>Os maridos nos Canais da Playboy olhando outras mulheres<\/p><\/div><\/div><\/div><div class=\"fusion-clearfix\"><\/div><\/div>\n<\/article>\n<article id=\"blog-2-post-3513\" class=\"fusion-post-grid post-3513 post type-post status-publish format-standard has-post-thumbnail hentry category-relatorios\">\n<div class=\"fusion-post-wrapper\" style=\"background-color:rgba(255,255,255,1);border:1px solid #ffffff;border-bottom-width:3px;\"><div class=\"fusion-post-content-wrapper\" style=\"padding:40px 40px 40px 40px;\"><div class=\"fusion-post-content post-content\"><h2 class=\"blog-shortcode-post-title entry-title\"><a href=\"https:\/\/www.safersurfing.org\/loveismore-pt\/mike\/\">Mike<\/a><\/h2><div class=\"fusion-post-content-container\"><p>Cometendo adult\u00e9rio - A hist\u00f3ria de Mike<\/p><\/div><\/div><\/div><div class=\"fusion-clearfix\"><\/div><\/div>\n<\/article>\n<div class=\"fusion-clearfix\"><\/div><\/div><div class=\"fusion-infinite-scroll-trigger\"><\/div><div class=\"pagination infinite-scroll clearfix\" style=\"display:none;\"><span class=\"current\">1<\/span><a href=\"https:\/\/www.safersurfing.org\/loveismore-pt\/wp-json\/wp\/v2\/pages\/2919\/page\/2\/\" class=\"inactive\">2<\/a><a class=\"pagination-next\" rel=\"next\" href=\"https:\/\/www.safersurfing.org\/loveismore-pt\/wp-json\/wp\/v2\/pages\/2919\/page\/2\/\"><span class=\"page-text\">Next<\/span><span class=\"page-next\"><\/span><\/a><\/div><div class=\"fusion-clearfix\"><\/div><button class=\"fusion-load-more-button fusion-blog-button fusion-clearfix\">Load More Posts<\/button><\/div><\/div><\/div><\/div><\/div><\/p>\n","protected":false},"excerpt":{"rendered":"","protected":false},"author":1,"featured_media":0,"parent":0,"menu_order":0,"comment_status":"closed","ping_status":"open","template":"100-width.php","meta":{"footnotes":""},"class_list":["post-2919","page","type-page","status-publish","hentry"],"yoast_head":"<!-- This site is optimized with the Yoast SEO Premium plugin v27.0 (Yoast SEO v27.0) - https:\/\/yoast.com\/product\/yoast-seo-premium-wordpress\/ -->\n<title>Ajuda com depend\u00eancia de pornografia - LOVE IS MORE (Portugu\u00eas)<\/title>\n<meta name=\"robots\" content=\"index, follow, max-snippet:-1, max-image-preview:large, max-video-preview:-1\" \/>\n<link rel=\"canonical\" href=\"https:\/\/www.safersurfing.org\/loveismore-pt\/ajuda-dependencia-pornografia\/\" \/>\n<meta property=\"og:locale\" content=\"pt_PT\" \/>\n<meta property=\"og:type\" content=\"article\" \/>\n<meta property=\"og:title\" content=\"Ajuda com depend\u00eancia de pornografia\" \/>\n<meta property=\"og:url\" content=\"https:\/\/www.safersurfing.org\/loveismore-pt\/ajuda-dependencia-pornografia\/\" \/>\n<meta property=\"og:site_name\" content=\"LOVE IS MORE (Portugu\u00eas)\" \/>\n<meta property=\"article:publisher\" content=\"https:\/\/www.facebook.com\/loveismore.org\/\" \/>\n<meta property=\"article:modified_time\" content=\"2018-10-03T14:08:54+00:00\" \/>\n<meta name=\"twitter:card\" content=\"summary_large_image\" \/>\n<meta name=\"twitter:label1\" content=\"Tempo estimado de leitura\" \/>\n\t<meta name=\"twitter:data1\" content=\"6 minutos\" \/>\n<script type=\"application\/ld+json\" class=\"yoast-schema-graph\">{\"@context\":\"https:\/\/schema.org\",\"@graph\":[{\"@type\":\"WebPage\",\"@id\":\"https:\/\/www.safersurfing.org\/loveismore-pt\/ajuda-dependencia-pornografia\/\",\"url\":\"https:\/\/www.safersurfing.org\/loveismore-pt\/ajuda-dependencia-pornografia\/\",\"name\":\"Ajuda com depend\u00eancia de pornografia - LOVE IS MORE (Portugu\u00eas)\",\"isPartOf\":{\"@id\":\"https:\/\/www.safersurfing.org\/loveismore-pt\/#website\"},\"datePublished\":\"2018-07-17T16:01:37+00:00\",\"dateModified\":\"2018-10-03T14:08:54+00:00\",\"breadcrumb\":{\"@id\":\"https:\/\/www.safersurfing.org\/loveismore-pt\/ajuda-dependencia-pornografia\/#breadcrumb\"},\"inLanguage\":\"pt-PT\",\"potentialAction\":[{\"@type\":\"ReadAction\",\"target\":[\"https:\/\/www.safersurfing.org\/loveismore-pt\/ajuda-dependencia-pornografia\/\"]}]},{\"@type\":\"BreadcrumbList\",\"@id\":\"https:\/\/www.safersurfing.org\/loveismore-pt\/ajuda-dependencia-pornografia\/#breadcrumb\",\"itemListElement\":[{\"@type\":\"ListItem\",\"position\":1,\"name\":\"Startseite\",\"item\":\"https:\/\/www.safersurfing.org\/loveismore-pt\/\"},{\"@type\":\"ListItem\",\"position\":2,\"name\":\"Ajuda com depend\u00eancia de pornografia\"}]},{\"@type\":\"WebSite\",\"@id\":\"https:\/\/www.safersurfing.org\/loveismore-pt\/#website\",\"url\":\"https:\/\/www.safersurfing.org\/loveismore-pt\/\",\"name\":\"Love is more\",\"description\":\"\",\"potentialAction\":[{\"@type\":\"SearchAction\",\"target\":{\"@type\":\"EntryPoint\",\"urlTemplate\":\"https:\/\/www.safersurfing.org\/loveismore-pt\/?s={search_term_string}\"},\"query-input\":{\"@type\":\"PropertyValueSpecification\",\"valueRequired\":true,\"valueName\":\"search_term_string\"}}],\"inLanguage\":\"pt-PT\"}]}<\/script>\n<!-- \/ Yoast SEO Premium plugin. -->","yoast_head_json":{"title":"Ajuda com depend\u00eancia de pornografia - LOVE IS MORE (Portugu\u00eas)","robots":{"index":"index","follow":"follow","max-snippet":"max-snippet:-1","max-image-preview":"max-image-preview:large","max-video-preview":"max-video-preview:-1"},"canonical":"https:\/\/www.safersurfing.org\/loveismore-pt\/ajuda-dependencia-pornografia\/","og_locale":"pt_PT","og_type":"article","og_title":"Ajuda com depend\u00eancia de pornografia","og_url":"https:\/\/www.safersurfing.org\/loveismore-pt\/ajuda-dependencia-pornografia\/","og_site_name":"LOVE IS MORE (Portugu\u00eas)","article_publisher":"https:\/\/www.facebook.com\/loveismore.org\/","article_modified_time":"2018-10-03T14:08:54+00:00","twitter_card":"summary_large_image","twitter_misc":{"Tempo estimado de leitura":"6 minutos"},"schema":{"@context":"https:\/\/schema.org","@graph":[{"@type":"WebPage","@id":"https:\/\/www.safersurfing.org\/loveismore-pt\/ajuda-dependencia-pornografia\/","url":"https:\/\/www.safersurfing.org\/loveismore-pt\/ajuda-dependencia-pornografia\/","name":"Ajuda com depend\u00eancia de pornografia - LOVE IS MORE (Portugu\u00eas)","isPartOf":{"@id":"https:\/\/www.safersurfing.org\/loveismore-pt\/#website"},"datePublished":"2018-07-17T16:01:37+00:00","dateModified":"2018-10-03T14:08:54+00:00","breadcrumb":{"@id":"https:\/\/www.safersurfing.org\/loveismore-pt\/ajuda-dependencia-pornografia\/#breadcrumb"},"inLanguage":"pt-PT","potentialAction":[{"@type":"ReadAction","target":["https:\/\/www.safersurfing.org\/loveismore-pt\/ajuda-dependencia-pornografia\/"]}]},{"@type":"BreadcrumbList","@id":"https:\/\/www.safersurfing.org\/loveismore-pt\/ajuda-dependencia-pornografia\/#breadcrumb","itemListElement":[{"@type":"ListItem","position":1,"name":"Startseite","item":"https:\/\/www.safersurfing.org\/loveismore-pt\/"},{"@type":"ListItem","position":2,"name":"Ajuda com depend\u00eancia de pornografia"}]},{"@type":"WebSite","@id":"https:\/\/www.safersurfing.org\/loveismore-pt\/#website","url":"https:\/\/www.safersurfing.org\/loveismore-pt\/","name":"Love is more","description":"","potentialAction":[{"@type":"SearchAction","target":{"@type":"EntryPoint","urlTemplate":"https:\/\/www.safersurfing.org\/loveismore-pt\/?s={search_term_string}"},"query-input":{"@type":"PropertyValueSpecification","valueRequired":true,"valueName":"search_term_string"}}],"inLanguage":"pt-PT"}]}},"_links":{"self":[{"href":"https:\/\/www.safersurfing.org\/loveismore-pt\/wp-json\/wp\/v2\/pages\/2919","targetHints":{"allow":["GET"]}}],"collection":[{"href":"https:\/\/www.safersurfing.org\/loveismore-pt\/wp-json\/wp\/v2\/pages"}],"about":[{"href":"https:\/\/www.safersurfing.org\/loveismore-pt\/wp-json\/wp\/v2\/types\/page"}],"author":[{"embeddable":true,"href":"https:\/\/www.safersurfing.org\/loveismore-pt\/wp-json\/wp\/v2\/users\/1"}],"replies":[{"embeddable":true,"href":"https:\/\/www.safersurfing.org\/loveismore-pt\/wp-json\/wp\/v2\/comments?post=2919"}],"version-history":[{"count":0,"href":"https:\/\/www.safersurfing.org\/loveismore-pt\/wp-json\/wp\/v2\/pages\/2919\/revisions"}],"wp:attachment":[{"href":"https:\/\/www.safersurfing.org\/loveismore-pt\/wp-json\/wp\/v2\/media?parent=2919"}],"curies":[{"name":"wp","href":"https:\/\/api.w.org\/{rel}","templated":true}]}}