{"id":2930,"date":"2018-07-17T18:35:44","date_gmt":"2018-07-17T18:35:44","guid":{"rendered":"https:\/\/www.safersurfing.org\/loveismore\/?page_id=2930"},"modified":"2018-10-03T16:17:22","modified_gmt":"2018-10-03T14:17:22","slug":"parceiro-ve-pornografia","status":"publish","type":"page","link":"https:\/\/www.safersurfing.org\/loveismore-pt\/parceiro-ve-pornografia\/","title":{"rendered":"O meu parceiro v\u00ea pornografia"},"content":{"rendered":"<p><div class=\"fusion-fullwidth fullwidth-box fusion-builder-row-1 fusion-flex-container nonhundred-percent-fullwidth non-hundred-percent-height-scrolling\" style=\"--awb-border-radius-top-left:0px;--awb-border-radius-top-right:0px;--awb-border-radius-bottom-right:0px;--awb-border-radius-bottom-left:0px;--awb-padding-right:15%;--awb-padding-left:15%;--awb-flex-wrap:wrap;\" ><div class=\"fusion-builder-row fusion-row fusion-flex-align-items-flex-start fusion-flex-content-wrap\" style=\"max-width:calc( 1170px + 0px );margin-left: calc(-0px \/ 2 );margin-right: calc(-0px \/ 2 );\"><div class=\"fusion-layout-column fusion_builder_column fusion-builder-column-0 fusion_builder_column_1_1 1_1 fusion-flex-column fusion-lightbox-link\" style=\"--awb-bg-size:cover;--awb-width-large:100%;--awb-margin-top-large:0px;--awb-spacing-right-large:0px;--awb-margin-bottom-large:0px;--awb-spacing-left-large:0px;--awb-width-medium:100%;--awb-spacing-right-medium:0px;--awb-spacing-left-medium:0px;--awb-width-small:100%;--awb-spacing-right-small:0px;--awb-spacing-left-small:0px;\"><div class=\"fusion-column-wrapper fusion-flex-justify-content-flex-start fusion-content-layout-column\"><div class=\"fusion-text fusion-text-1\"><h2 style=\"text-align: center;\">Meu marido est\u00e1 assistindo pornografia<\/h2>\n<p style=\"text-align: center;\">Parceiros de pessoas que se tornaram dependentes da pornografia, especialmente nessa situa\u00e7\u00e3o.<br \/>\nLes\u00e3o, decep\u00e7\u00e3o, vergonha e raiva s\u00e3o apenas uma fra\u00e7\u00e3o das emo\u00e7\u00f5es que est\u00e3o se espalhando por aqui. Portanto, oferecemos informa\u00e7\u00f5es, conselhos e ajuda para mostrar que voc\u00ea n\u00e3o est\u00e1 sozinho. Uma vida ap\u00f3s a pornografia \u00e9 poss\u00edvel, a cura e o perd\u00e3o s\u00e3o poss\u00edveis.<\/p>\n<\/div><\/div><\/div><\/div><\/div><div class=\"fusion-fullwidth fullwidth-box fusion-builder-row-2 fusion-flex-container nonhundred-percent-fullwidth non-hundred-percent-height-scrolling\" style=\"--awb-border-radius-top-left:0px;--awb-border-radius-top-right:0px;--awb-border-radius-bottom-right:0px;--awb-border-radius-bottom-left:0px;--awb-padding-top:35px;--awb-padding-bottom:35px;--awb-flex-wrap:wrap;\" ><div class=\"fusion-builder-row fusion-row fusion-flex-align-items-flex-start fusion-flex-content-wrap\" style=\"max-width:calc( 1170px + 0px );margin-left: calc(-0px \/ 2 );margin-right: calc(-0px \/ 2 );\"><div class=\"fusion-layout-column fusion_builder_column fusion-builder-column-1 fusion_builder_column_1_1 1_1 fusion-flex-column\" style=\"--awb-bg-size:cover;--awb-width-large:100%;--awb-margin-top-large:0px;--awb-spacing-right-large:0px;--awb-margin-bottom-large:20px;--awb-spacing-left-large:0px;--awb-width-medium:100%;--awb-spacing-right-medium:0px;--awb-spacing-left-medium:0px;--awb-width-small:100%;--awb-spacing-right-small:0px;--awb-spacing-left-small:0px;\"><div class=\"fusion-column-wrapper fusion-flex-justify-content-flex-start fusion-content-layout-column\"><div class=\"fusion-separator fusion-full-width-sep\" style=\"align-self: center;margin-left: auto;margin-right: auto;margin-top:35px;width:100%;\"><\/div><div class=\"fusion-text fusion-text-2\"><h2 style=\"text-align: center;\">Contribui\u00e7\u00f5es para os c\u00f4njuges<\/h2>\n<\/div><div class=\"fusion-separator fusion-full-width-sep\" style=\"align-self: center;margin-left: auto;margin-right: auto;margin-top:35px;width:100%;\"><\/div><div class=\"fusion-blog-shortcode fusion-blog-shortcode-1 fusion-blog-archive fusion-blog-layout-grid-wrapper fusion-blog-no fusion-blog-layout-center\"><style type=\"text\/css\">.fusion-blog-shortcode-1 .fusion-blog-layout-grid .fusion-post-grid{padding:20px;}.fusion-blog-shortcode-1 .fusion-posts-container{margin-left: -20px !important; margin-right:-20px !important;}<\/style><div class=\"fusion-posts-container fusion-posts-container-no fusion-blog-layout-grid fusion-blog-layout-grid-3 isotope fusion-blog-equal-heights\" data-pages=\"1\" data-grid-col-space=\"40\" style=\"margin: -20px -20px 0;min-height:500px;\"><article id=\"blog-1-post-3482\" class=\"fusion-post-grid post-3482 post type-post status-publish format-standard has-post-thumbnail hentry category-conjuge\">\n<div class=\"fusion-post-wrapper\" style=\"background-color:rgba(248,228,215,1);border:1px solid #ffffff;border-bottom-width:3px;\">\n\n\t\t\t<div class=\"fusion-flexslider flexslider fusion-flexslider-loading fusion-post-slideshow\" style=\"border-color:#ffffff;\">\n\t\t<ul class=\"slides\">\n\t\t\t\n\t\t\t\t\t\t\t\t\t\t\t\t\t\t<li><div  class=\"fusion-image-wrapper\" aria-haspopup=\"true\">\n\t\t\t\t\t\t\t<a href=\"https:\/\/www.safersurfing.org\/loveismore-pt\/forca-destrutiva-do-adulterio\/\" aria-label=\"A For\u00e7a Destrutiva do Adult\u00e9rio\">\n\t\t\t\t\t\t\t<img decoding=\"async\" width=\"800\" height=\"500\" src=\"https:\/\/www.safersurfing.org\/loveismore-pt\/wp-content\/uploads\/sites\/27\/2018\/09\/claudia_800_500_unsplash.jpg\" class=\"attachment-full size-full wp-post-image\" alt=\"\" srcset=\"https:\/\/www.safersurfing.org\/loveismore-pt\/wp-content\/uploads\/sites\/27\/2018\/09\/claudia_800_500_unsplash-200x125.jpg 200w, https:\/\/www.safersurfing.org\/loveismore-pt\/wp-content\/uploads\/sites\/27\/2018\/09\/claudia_800_500_unsplash-400x250.jpg 400w, https:\/\/www.safersurfing.org\/loveismore-pt\/wp-content\/uploads\/sites\/27\/2018\/09\/claudia_800_500_unsplash-600x375.jpg 600w, https:\/\/www.safersurfing.org\/loveismore-pt\/wp-content\/uploads\/sites\/27\/2018\/09\/claudia_800_500_unsplash.jpg 800w\" sizes=\"(min-width: 2200px) 100vw, (min-width: 784px) 363px, (min-width: 712px) 545px, (min-width: 640px) 712px, \" \/>\t\t\t<\/a>\n\t\t\t\t\t\t\t<\/div>\n<\/li>\n\t\t\t\n\t\t\t\n\t\t\t\t\t\t\t\t\t\t\t\t\t\t\t\t\t\t\t\t\t\t\t\t\t\t\t\t\t\t\t\t\t\t\t\t\t\t\t\t\t\t\t\t\t\t\t\t\t\t\t\t\t\t\t\t\t\t\t\t\t\t\t\t\t\t\t\t<\/ul>\n\t<\/div>\n\t<div class=\"fusion-post-content-wrapper\" style=\"padding:40px 40px 40px 40px;\"><div class=\"fusion-post-content post-content\"><h2 class=\"blog-shortcode-post-title entry-title\"><a href=\"https:\/\/www.safersurfing.org\/loveismore-pt\/forca-destrutiva-do-adulterio\/\">A For\u00e7a Destrutiva do Adult\u00e9rio<\/a><\/h2><div class=\"fusion-content-sep sep-none\"><\/div><div class=\"fusion-post-content-container\"><p>Eu sempre tive problemas com pornografia que cheguei a perder o controle, sem conseguir parar. Antes de casar em 1989, eu assumi que a sexualidade no casamento resolveria meu problema com a imoralidade, mas passado um ano em nosso casamento eu sucumbi \u00e0 tenta\u00e7\u00e3o novamente. Ningu\u00e9m conhecia meu segredo; muito menos a minha jovem esposa Michelle.<\/p><\/div><\/div><div class=\"fusion-meta-info\"><div class=\"fusion-aligncenter\"><a class=\"fusion-read-more\" href=\"https:\/\/www.safersurfing.org\/loveismore-pt\/forca-destrutiva-do-adulterio\/\" aria-label=\"More on A For\u00e7a Destrutiva do Adult\u00e9rio\">Read More<\/a><\/div><\/div><\/div><div class=\"fusion-clearfix\"><\/div><\/div>\n<\/article>\n<article id=\"blog-1-post-3479\" class=\"fusion-post-grid post-3479 post type-post status-publish format-standard has-post-thumbnail hentry category-conjuge\">\n<div class=\"fusion-post-wrapper\" style=\"background-color:rgba(248,228,215,1);border:1px solid #ffffff;border-bottom-width:3px;\">\n\n\t\t\t<div class=\"fusion-flexslider flexslider fusion-flexslider-loading fusion-post-slideshow\" style=\"border-color:#ffffff;\">\n\t\t<ul class=\"slides\">\n\t\t\t\n\t\t\t\t\t\t\t\t\t\t\t\t\t\t<li><div  class=\"fusion-image-wrapper\" aria-haspopup=\"true\">\n\t\t\t\t\t\t\t<a href=\"https:\/\/www.safersurfing.org\/loveismore-pt\/ajuda-para-as-esposas\/\" aria-label=\"Ajuda para as Esposas com Maridos viciados em sexo\">\n\t\t\t\t\t\t\t<img decoding=\"async\" width=\"800\" height=\"500\" src=\"https:\/\/www.safersurfing.org\/loveismore-pt\/wp-content\/uploads\/sites\/27\/2018\/09\/priscilla-du-preez_800_500_unsplash.jpg\" class=\"attachment-full size-full wp-post-image\" alt=\"\" srcset=\"https:\/\/www.safersurfing.org\/loveismore-pt\/wp-content\/uploads\/sites\/27\/2018\/09\/priscilla-du-preez_800_500_unsplash-200x125.jpg 200w, https:\/\/www.safersurfing.org\/loveismore-pt\/wp-content\/uploads\/sites\/27\/2018\/09\/priscilla-du-preez_800_500_unsplash-400x250.jpg 400w, https:\/\/www.safersurfing.org\/loveismore-pt\/wp-content\/uploads\/sites\/27\/2018\/09\/priscilla-du-preez_800_500_unsplash-600x375.jpg 600w, https:\/\/www.safersurfing.org\/loveismore-pt\/wp-content\/uploads\/sites\/27\/2018\/09\/priscilla-du-preez_800_500_unsplash.jpg 800w\" sizes=\"(min-width: 2200px) 100vw, (min-width: 784px) 363px, (min-width: 712px) 545px, (min-width: 640px) 712px, \" \/>\t\t\t<\/a>\n\t\t\t\t\t\t\t<\/div>\n<\/li>\n\t\t\t\n\t\t\t\n\t\t\t\t\t\t\t\t\t\t\t\t\t\t\t\t\t\t\t\t\t\t\t\t\t\t\t\t\t\t\t\t\t\t\t\t\t\t\t\t\t\t\t\t\t\t\t\t\t\t\t\t\t\t\t\t\t\t\t\t\t\t\t\t\t\t\t\t<\/ul>\n\t<\/div>\n\t<div class=\"fusion-post-content-wrapper\" style=\"padding:40px 40px 40px 40px;\"><div class=\"fusion-post-content post-content\"><h2 class=\"blog-shortcode-post-title entry-title\"><a href=\"https:\/\/www.safersurfing.org\/loveismore-pt\/ajuda-para-as-esposas\/\">Ajuda para as Esposas com Maridos viciados em sexo<\/a><\/h2><div class=\"fusion-content-sep sep-none\"><\/div><div class=\"fusion-post-content-container\"><p>Alguns anos atras, eu pedi \u00e0 minha esposa que escrevesse uma carta descrevendo como a minha luta com o v\u00edcio em sexo havia afetado a vida dela. Esta foi a sua carta:<\/p><\/div><\/div><div class=\"fusion-meta-info\"><div class=\"fusion-aligncenter\"><a class=\"fusion-read-more\" href=\"https:\/\/www.safersurfing.org\/loveismore-pt\/ajuda-para-as-esposas\/\" aria-label=\"More on Ajuda para as Esposas com Maridos viciados em sexo\">Read More<\/a><\/div><\/div><\/div><div class=\"fusion-clearfix\"><\/div><\/div>\n<\/article>\n<div class=\"fusion-clearfix\"><\/div><\/div><\/div><div class=\"fusion-separator fusion-full-width-sep\" style=\"align-self: center;margin-left: auto;margin-right: auto;margin-top:35px;width:100%;\"><\/div><div style=\"text-align:center;\"><a class=\"fusion-button button-flat fusion-button-default-size button-custom fusion-button-default button-1 fusion-button-default-span fusion-button-default-type\" style=\"--button_accent_color:#ffffff;--button_accent_hover_color:#ffffff;--button_border_hover_color:#ffffff;--button_gradient_top_color:#4797a0;--button_gradient_bottom_color:#4797a0;--button_gradient_top_color_hover:#4e6e88;--button_gradient_bottom_color_hover:#4e6e88;\" target=\"_self\" href=\"https:\/\/www.safersurfing.org\/loveismore-pt\/category\/conjuge\/\"><span class=\"fusion-button-text awb-button__text awb-button__text--default\">Todas as postagens<\/span><\/a><\/div><\/div><\/div><\/div><\/div><div class=\"fusion-fullwidth fullwidth-box fusion-builder-row-3 fusion-flex-container nonhundred-percent-fullwidth non-hundred-percent-height-scrolling\" style=\"--awb-border-radius-top-left:0px;--awb-border-radius-top-right:0px;--awb-border-radius-bottom-right:0px;--awb-border-radius-bottom-left:0px;--awb-padding-top:65px;--awb-padding-bottom:65px;--awb-margin-top:4%;--awb-background-color:#f8e4d7;--awb-flex-wrap:wrap;\" ><div class=\"fusion-builder-row fusion-row fusion-flex-align-items-flex-start fusion-flex-content-wrap\" style=\"max-width:1216.8px;margin-left: calc(-4% \/ 2 );margin-right: calc(-4% \/ 2 );\"><div class=\"fusion-layout-column fusion_builder_column fusion-builder-column-2 fusion_builder_column_1_1 1_1 fusion-flex-column\" style=\"--awb-bg-size:cover;--awb-width-large:100%;--awb-margin-top-large:0px;--awb-spacing-right-large:1.92%;--awb-margin-bottom-large:20px;--awb-spacing-left-large:1.92%;--awb-width-medium:100%;--awb-spacing-right-medium:1.92%;--awb-spacing-left-medium:1.92%;--awb-width-small:100%;--awb-spacing-right-small:1.92%;--awb-spacing-left-small:1.92%;\"><div class=\"fusion-column-wrapper fusion-flex-justify-content-flex-start fusion-content-layout-column\"><div class=\"fusion-text fusion-text-3\"><h2 class=\"flush-top\">Primeiros socorros<\/h2>\n<\/div><\/div><\/div><div class=\"fusion-layout-column fusion_builder_column fusion-builder-column-3 fusion_builder_column_1_3 1_3 fusion-flex-column\" style=\"--awb-bg-size:cover;--awb-width-large:33.333333333333%;--awb-margin-top-large:0px;--awb-spacing-right-large:5.76%;--awb-margin-bottom-large:20px;--awb-spacing-left-large:5.76%;--awb-width-medium:100%;--awb-spacing-right-medium:1.92%;--awb-spacing-left-medium:1.92%;--awb-width-small:100%;--awb-spacing-right-small:1.92%;--awb-spacing-left-small:1.92%;\"><div class=\"fusion-column-wrapper fusion-flex-justify-content-flex-start fusion-content-layout-column\"><div class=\"accordian fusion-accordian\" style=\"--awb-border-size:1px;--awb-icon-size:13px;--awb-content-font-size:14px;--awb-icon-alignment:right;--awb-hover-color:#ffffff;--awb-border-color:#4797a0;--awb-background-color:#ffffff;--awb-divider-color:#e0dede;--awb-divider-hover-color:#e0dede;--awb-icon-color:#ffffff;--awb-title-color:#4797a0;--awb-content-color:#484848;--awb-icon-box-color:#333333;--awb-toggle-hover-accent-color:#3f99a1;--awb-title-font-family:&quot;Fira Sans&quot;;--awb-title-font-weight:700;--awb-title-font-style:normal;--awb-title-font-size:15px;--awb-content-font-family:&quot;Roboto Condensed&quot;;--awb-content-font-style:normal;--awb-content-font-weight:400;\"><div class=\"panel-group fusion-toggle-icon-right fusion-toggle-icon-boxed\" id=\"accordion-3479-1\"><div class=\"fusion-panel panel-default panel-d5f59d423518fdc6e fusion-toggle-no-divider fusion-toggle-boxed-mode\"><div class=\"panel-heading\"><h4 class=\"panel-title toggle\" id=\"toggle_d5f59d423518fdc6e\"><a aria-expanded=\"false\" aria-controls=\"d5f59d423518fdc6e\" role=\"button\" data-toggle=\"collapse\" data-parent=\"#accordion-3479-1\" data-target=\"#d5f59d423518fdc6e\" href=\"#d5f59d423518fdc6e\"><span class=\"fusion-toggle-icon-wrapper\" aria-hidden=\"true\"><i class=\"fa-fusion-box active-icon awb-icon-minus\" aria-hidden=\"true\"><\/i><i class=\"fa-fusion-box inactive-icon awb-icon-plus\" aria-hidden=\"true\"><\/i><\/span><span class=\"fusion-toggle-heading\">N\u00e3o \u00e9 sua culpa<\/span><\/a><\/h4><\/div><div id=\"d5f59d423518fdc6e\" class=\"panel-collapse collapse \" aria-labelledby=\"toggle_d5f59d423518fdc6e\"><div class=\"panel-body toggle-content fusion-clearfix\">\n<p>Sempre tenha certeza de uma coisa: voc\u00ea n\u00e3o \u00e9 respons\u00e1vel. N\u00e3o importa quantas perguntas e d\u00favidas passem por sua cabe\u00e7a, por mais que isso ofenda voc\u00ea: seu valor permanecer\u00e1, voc\u00ea ser\u00e1 perfeito. N\u00e3o \u00e9 sua culpa!<\/p>\n<\/div><\/div><\/div><\/div><\/div><\/div><\/div><div class=\"fusion-layout-column fusion_builder_column fusion-builder-column-4 fusion_builder_column_1_3 1_3 fusion-flex-column\" style=\"--awb-bg-size:cover;--awb-width-large:33.333333333333%;--awb-margin-top-large:0px;--awb-spacing-right-large:5.76%;--awb-margin-bottom-large:20px;--awb-spacing-left-large:5.76%;--awb-width-medium:100%;--awb-spacing-right-medium:1.92%;--awb-spacing-left-medium:1.92%;--awb-width-small:100%;--awb-spacing-right-small:1.92%;--awb-spacing-left-small:1.92%;\"><div class=\"fusion-column-wrapper fusion-flex-justify-content-flex-start fusion-content-layout-column\"><div class=\"accordian fusion-accordian\" style=\"--awb-border-size:1px;--awb-icon-size:13px;--awb-content-font-size:14px;--awb-icon-alignment:right;--awb-hover-color:#ffffff;--awb-border-color:#4797a0;--awb-background-color:#ffffff;--awb-divider-color:#e0dede;--awb-divider-hover-color:#e0dede;--awb-icon-color:#ffffff;--awb-title-color:#4797a0;--awb-content-color:#484848;--awb-icon-box-color:#333333;--awb-toggle-hover-accent-color:#3f99a1;--awb-title-font-family:&quot;Fira Sans&quot;;--awb-title-font-weight:700;--awb-title-font-style:normal;--awb-title-font-size:15px;--awb-content-font-family:&quot;Roboto Condensed&quot;;--awb-content-font-style:normal;--awb-content-font-weight:400;\"><div class=\"panel-group fusion-toggle-icon-right fusion-toggle-icon-boxed\" id=\"accordion-3479-2\"><div class=\"fusion-panel panel-default panel-c0240059128903e3f fusion-toggle-no-divider fusion-toggle-boxed-mode\"><div class=\"panel-heading\"><h4 class=\"panel-title toggle\" id=\"toggle_c0240059128903e3f\"><a aria-expanded=\"false\" aria-controls=\"c0240059128903e3f\" role=\"button\" data-toggle=\"collapse\" data-parent=\"#accordion-3479-2\" data-target=\"#c0240059128903e3f\" href=\"#c0240059128903e3f\"><span class=\"fusion-toggle-icon-wrapper\" aria-hidden=\"true\"><i class=\"fa-fusion-box active-icon awb-icon-minus\" aria-hidden=\"true\"><\/i><i class=\"fa-fusion-box inactive-icon awb-icon-plus\" aria-hidden=\"true\"><\/i><\/span><span class=\"fusion-toggle-heading\">N\u00e3o fique sozinho com isso<\/span><\/a><\/h4><\/div><div id=\"c0240059128903e3f\" class=\"panel-collapse collapse \" aria-labelledby=\"toggle_c0240059128903e3f\"><div class=\"panel-body toggle-content fusion-clearfix\">\n<h3>Voc\u00ea n\u00e3o tem que lutar essa luta sozinho.<\/h3>\n<p>Entre em contato com um grupo de auto-ajuda em seu pa\u00eds sem obriga\u00e7\u00e3o e encontre outros combatentes em seu caminho. H\u00e1 tamb\u00e9m a possibilidade de iniciar um novo grupo voc\u00ea mesmo!<\/p>\n<h3>Interessado em come\u00e7ar ou participar de um SHG:<\/h3>\n<p>Envie-nos um e-mail com o primeiro nome, lugar e se voc\u00ea pode imaginar liderar um grupo ou n\u00e3o.<\/p>\n<\/div><\/div><\/div><\/div><\/div><\/div><\/div><div class=\"fusion-layout-column fusion_builder_column fusion-builder-column-5 fusion_builder_column_1_3 1_3 fusion-flex-column\" style=\"--awb-bg-size:cover;--awb-width-large:33.333333333333%;--awb-margin-top-large:0px;--awb-spacing-right-large:5.76%;--awb-margin-bottom-large:20px;--awb-spacing-left-large:5.76%;--awb-width-medium:100%;--awb-spacing-right-medium:1.92%;--awb-spacing-left-medium:1.92%;--awb-width-small:100%;--awb-spacing-right-small:1.92%;--awb-spacing-left-small:1.92%;\"><div class=\"fusion-column-wrapper fusion-flex-justify-content-flex-start fusion-content-layout-column\"><div class=\"accordian fusion-accordian\" style=\"--awb-border-size:1px;--awb-icon-size:13px;--awb-content-font-size:14px;--awb-icon-alignment:right;--awb-hover-color:#ffffff;--awb-border-color:#4797a0;--awb-background-color:#ffffff;--awb-divider-color:#e0dede;--awb-divider-hover-color:#e0dede;--awb-icon-color:#ffffff;--awb-title-color:#4797a0;--awb-content-color:#484848;--awb-icon-box-color:#333333;--awb-toggle-hover-accent-color:#3f99a1;--awb-title-font-family:&quot;Fira Sans&quot;;--awb-title-font-weight:700;--awb-title-font-style:normal;--awb-title-font-size:15px;--awb-content-font-family:&quot;Roboto Condensed&quot;;--awb-content-font-style:normal;--awb-content-font-weight:400;\"><div class=\"panel-group fusion-toggle-icon-right fusion-toggle-icon-boxed\" id=\"accordion-3479-3\"><div class=\"fusion-panel panel-default panel-c3341592877a036fb fusion-toggle-no-divider fusion-toggle-boxed-mode\"><div class=\"panel-heading\"><h4 class=\"panel-title toggle\" id=\"toggle_c3341592877a036fb\"><a aria-expanded=\"false\" aria-controls=\"c3341592877a036fb\" role=\"button\" data-toggle=\"collapse\" data-parent=\"#accordion-3479-3\" data-target=\"#c3341592877a036fb\" href=\"#c3341592877a036fb\"><span class=\"fusion-toggle-icon-wrapper\" aria-hidden=\"true\"><i class=\"fa-fusion-box active-icon awb-icon-minus\" aria-hidden=\"true\"><\/i><i class=\"fa-fusion-box inactive-icon awb-icon-plus\" aria-hidden=\"true\"><\/i><\/span><span class=\"fusion-toggle-heading\">H\u00e1 esperan\u00e7a<\/span><\/a><\/h4><\/div><div id=\"c3341592877a036fb\" class=\"panel-collapse collapse \" aria-labelledby=\"toggle_c3341592877a036fb\"><div class=\"panel-body toggle-content fusion-clearfix\">\n<p>Lembre-se, este n\u00e3o \u00e9 o fim. H\u00e1 sempre esperan\u00e7a e uma sa\u00edda para esta situa\u00e7\u00e3o. Voc\u00ea n\u00e3o est\u00e1 sozinho e muitos antes de ter que lutar contra isso ou uma luta semelhante. Muitas hist\u00f3rias de cura e liberdade testificam e encorajam voc\u00ea a n\u00e3o desistir ainda. Receba suporte e encontre recursos aqui para seguir seu caminho. Deus ama o casamento e ele ama o seu casamento!<\/p>\n<\/div><\/div><\/div><\/div><\/div><\/div><\/div><\/div><\/div><\/p>\n","protected":false},"excerpt":{"rendered":"","protected":false},"author":1,"featured_media":0,"parent":0,"menu_order":0,"comment_status":"closed","ping_status":"open","template":"100-width.php","meta":{"footnotes":""},"class_list":["post-2930","page","type-page","status-publish","hentry"],"yoast_head":"<!-- This site is optimized with the Yoast SEO Premium plugin v27.0 (Yoast SEO v27.0) - https:\/\/yoast.com\/product\/yoast-seo-premium-wordpress\/ -->\n<title>O meu parceiro v\u00ea pornografia - LOVE IS MORE (Portugu\u00eas)<\/title>\n<meta name=\"robots\" content=\"index, follow, max-snippet:-1, max-image-preview:large, max-video-preview:-1\" \/>\n<link rel=\"canonical\" href=\"https:\/\/www.safersurfing.org\/loveismore-pt\/parceiro-ve-pornografia\/\" \/>\n<meta property=\"og:locale\" content=\"pt_PT\" \/>\n<meta property=\"og:type\" content=\"article\" \/>\n<meta property=\"og:title\" content=\"O meu parceiro v\u00ea pornografia\" \/>\n<meta property=\"og:url\" content=\"https:\/\/www.safersurfing.org\/loveismore-pt\/parceiro-ve-pornografia\/\" \/>\n<meta property=\"og:site_name\" content=\"LOVE IS MORE (Portugu\u00eas)\" \/>\n<meta property=\"article:publisher\" content=\"https:\/\/www.facebook.com\/loveismore.org\/\" \/>\n<meta property=\"article:modified_time\" content=\"2018-10-03T14:17:22+00:00\" \/>\n<meta name=\"twitter:card\" content=\"summary_large_image\" \/>\n<meta name=\"twitter:label1\" content=\"Tempo estimado de leitura\" \/>\n\t<meta name=\"twitter:data1\" content=\"8 minutos\" \/>\n<script type=\"application\/ld+json\" class=\"yoast-schema-graph\">{\"@context\":\"https:\/\/schema.org\",\"@graph\":[{\"@type\":\"WebPage\",\"@id\":\"https:\/\/www.safersurfing.org\/loveismore-pt\/parceiro-ve-pornografia\/\",\"url\":\"https:\/\/www.safersurfing.org\/loveismore-pt\/parceiro-ve-pornografia\/\",\"name\":\"O meu parceiro v\u00ea pornografia - LOVE IS MORE (Portugu\u00eas)\",\"isPartOf\":{\"@id\":\"https:\/\/www.safersurfing.org\/loveismore-pt\/#website\"},\"datePublished\":\"2018-07-17T18:35:44+00:00\",\"dateModified\":\"2018-10-03T14:17:22+00:00\",\"breadcrumb\":{\"@id\":\"https:\/\/www.safersurfing.org\/loveismore-pt\/parceiro-ve-pornografia\/#breadcrumb\"},\"inLanguage\":\"pt-PT\",\"potentialAction\":[{\"@type\":\"ReadAction\",\"target\":[\"https:\/\/www.safersurfing.org\/loveismore-pt\/parceiro-ve-pornografia\/\"]}]},{\"@type\":\"BreadcrumbList\",\"@id\":\"https:\/\/www.safersurfing.org\/loveismore-pt\/parceiro-ve-pornografia\/#breadcrumb\",\"itemListElement\":[{\"@type\":\"ListItem\",\"position\":1,\"name\":\"Startseite\",\"item\":\"https:\/\/www.safersurfing.org\/loveismore-pt\/\"},{\"@type\":\"ListItem\",\"position\":2,\"name\":\"O meu parceiro v\u00ea pornografia\"}]},{\"@type\":\"WebSite\",\"@id\":\"https:\/\/www.safersurfing.org\/loveismore-pt\/#website\",\"url\":\"https:\/\/www.safersurfing.org\/loveismore-pt\/\",\"name\":\"Love is more\",\"description\":\"\",\"potentialAction\":[{\"@type\":\"SearchAction\",\"target\":{\"@type\":\"EntryPoint\",\"urlTemplate\":\"https:\/\/www.safersurfing.org\/loveismore-pt\/?s={search_term_string}\"},\"query-input\":{\"@type\":\"PropertyValueSpecification\",\"valueRequired\":true,\"valueName\":\"search_term_string\"}}],\"inLanguage\":\"pt-PT\"}]}<\/script>\n<!-- \/ Yoast SEO Premium plugin. -->","yoast_head_json":{"title":"O meu parceiro v\u00ea pornografia - LOVE IS MORE (Portugu\u00eas)","robots":{"index":"index","follow":"follow","max-snippet":"max-snippet:-1","max-image-preview":"max-image-preview:large","max-video-preview":"max-video-preview:-1"},"canonical":"https:\/\/www.safersurfing.org\/loveismore-pt\/parceiro-ve-pornografia\/","og_locale":"pt_PT","og_type":"article","og_title":"O meu parceiro v\u00ea pornografia","og_url":"https:\/\/www.safersurfing.org\/loveismore-pt\/parceiro-ve-pornografia\/","og_site_name":"LOVE IS MORE (Portugu\u00eas)","article_publisher":"https:\/\/www.facebook.com\/loveismore.org\/","article_modified_time":"2018-10-03T14:17:22+00:00","twitter_card":"summary_large_image","twitter_misc":{"Tempo estimado de leitura":"8 minutos"},"schema":{"@context":"https:\/\/schema.org","@graph":[{"@type":"WebPage","@id":"https:\/\/www.safersurfing.org\/loveismore-pt\/parceiro-ve-pornografia\/","url":"https:\/\/www.safersurfing.org\/loveismore-pt\/parceiro-ve-pornografia\/","name":"O meu parceiro v\u00ea pornografia - LOVE IS MORE (Portugu\u00eas)","isPartOf":{"@id":"https:\/\/www.safersurfing.org\/loveismore-pt\/#website"},"datePublished":"2018-07-17T18:35:44+00:00","dateModified":"2018-10-03T14:17:22+00:00","breadcrumb":{"@id":"https:\/\/www.safersurfing.org\/loveismore-pt\/parceiro-ve-pornografia\/#breadcrumb"},"inLanguage":"pt-PT","potentialAction":[{"@type":"ReadAction","target":["https:\/\/www.safersurfing.org\/loveismore-pt\/parceiro-ve-pornografia\/"]}]},{"@type":"BreadcrumbList","@id":"https:\/\/www.safersurfing.org\/loveismore-pt\/parceiro-ve-pornografia\/#breadcrumb","itemListElement":[{"@type":"ListItem","position":1,"name":"Startseite","item":"https:\/\/www.safersurfing.org\/loveismore-pt\/"},{"@type":"ListItem","position":2,"name":"O meu parceiro v\u00ea pornografia"}]},{"@type":"WebSite","@id":"https:\/\/www.safersurfing.org\/loveismore-pt\/#website","url":"https:\/\/www.safersurfing.org\/loveismore-pt\/","name":"Love is more","description":"","potentialAction":[{"@type":"SearchAction","target":{"@type":"EntryPoint","urlTemplate":"https:\/\/www.safersurfing.org\/loveismore-pt\/?s={search_term_string}"},"query-input":{"@type":"PropertyValueSpecification","valueRequired":true,"valueName":"search_term_string"}}],"inLanguage":"pt-PT"}]}},"_links":{"self":[{"href":"https:\/\/www.safersurfing.org\/loveismore-pt\/wp-json\/wp\/v2\/pages\/2930","targetHints":{"allow":["GET"]}}],"collection":[{"href":"https:\/\/www.safersurfing.org\/loveismore-pt\/wp-json\/wp\/v2\/pages"}],"about":[{"href":"https:\/\/www.safersurfing.org\/loveismore-pt\/wp-json\/wp\/v2\/types\/page"}],"author":[{"embeddable":true,"href":"https:\/\/www.safersurfing.org\/loveismore-pt\/wp-json\/wp\/v2\/users\/1"}],"replies":[{"embeddable":true,"href":"https:\/\/www.safersurfing.org\/loveismore-pt\/wp-json\/wp\/v2\/comments?post=2930"}],"version-history":[{"count":0,"href":"https:\/\/www.safersurfing.org\/loveismore-pt\/wp-json\/wp\/v2\/pages\/2930\/revisions"}],"wp:attachment":[{"href":"https:\/\/www.safersurfing.org\/loveismore-pt\/wp-json\/wp\/v2\/media?parent=2930"}],"curies":[{"name":"wp","href":"https:\/\/api.w.org\/{rel}","templated":true}]}}