{"id":112,"date":"2017-07-05T10:56:22","date_gmt":"2017-07-05T10:56:22","guid":{"rendered":"http:\/\/safer.dbkldp.com\/?page_id=112"},"modified":"2023-06-14T08:16:14","modified_gmt":"2023-06-14T06:16:14","slug":"despre-noi","status":"publish","type":"page","link":"https:\/\/www.safersurfing.org\/loveismore-ro\/despre-noi\/","title":{"rendered":"Despre Noi"},"content":{"rendered":"<p><div id=\"projekt\" class=\"fusion-container-anchor\"><div class=\"fusion-fullwidth fullwidth-box fusion-builder-row-1 fusion-flex-container nonhundred-percent-fullwidth non-hundred-percent-height-scrolling\" style=\"--awb-border-radius-top-left:0px;--awb-border-radius-top-right:0px;--awb-border-radius-bottom-right:0px;--awb-border-radius-bottom-left:0px;--awb-flex-wrap:wrap;\" ><div class=\"fusion-builder-row fusion-row fusion-flex-align-items-flex-start fusion-flex-content-wrap\" style=\"max-width:1216.8px;margin-left: calc(-4% \/ 2 );margin-right: calc(-4% \/ 2 );\"><div class=\"fusion-layout-column fusion_builder_column fusion-builder-column-0 fusion_builder_column_1_1 1_1 fusion-flex-column\" style=\"--awb-bg-size:cover;--awb-width-large:100%;--awb-margin-top-large:0px;--awb-spacing-right-large:1.92%;--awb-margin-bottom-large:0px;--awb-spacing-left-large:1.92%;--awb-width-medium:100%;--awb-spacing-right-medium:1.92%;--awb-spacing-left-medium:1.92%;--awb-width-small:100%;--awb-spacing-right-small:1.92%;--awb-spacing-left-small:1.92%;\"><div class=\"fusion-column-wrapper fusion-flex-justify-content-flex-start fusion-content-layout-column\"><div class=\"fusion-text fusion-text-1\"><h1 style=\"text-align: center;\">Despre Noi<\/h1>\n<p style=\"text-align: center;\">Un proiect de Safersurfing<\/p>\n<\/div><div class=\"fusion-separator fusion-full-width-sep\" style=\"align-self: center;margin-left: auto;margin-right: auto;margin-top:25px;margin-bottom:25px;width:100%;\"><\/div><\/div><\/div><div class=\"fusion-layout-column fusion_builder_column fusion-builder-column-1 fusion_builder_column_1_2 1_2 fusion-flex-column\" style=\"--awb-bg-size:cover;--awb-width-large:50%;--awb-margin-top-large:0px;--awb-spacing-right-large:3.84%;--awb-margin-bottom-large:20px;--awb-spacing-left-large:3.84%;--awb-width-medium:100%;--awb-spacing-right-medium:1.92%;--awb-spacing-left-medium:1.92%;--awb-width-small:100%;--awb-spacing-right-small:1.92%;--awb-spacing-left-small:1.92%;\"><div class=\"fusion-column-wrapper fusion-flex-justify-content-flex-start fusion-content-layout-column\"><div class=\"fusion-text fusion-text-2\"><h2>LOVE IS MORE&#8230;<\/h2>\n<\/div><ul style=\"--awb-line-height:27.2px;--awb-icon-width:27.2px;--awb-icon-height:27.2px;--awb-icon-margin:11.2px;--awb-content-margin:38.4px;--awb-circlecolor:#3f99a1;--awb-circle-yes-font-size:14.08px;\" class=\"fusion-checklist fusion-checklist-1 fusion-checklist-default type-icons\"><li class=\"fusion-li-item\" style=\"\"><span class=\"icon-wrapper circle-yes\"><i class=\"fusion-li-icon fa-check fas\" aria-hidden=\"true\"><\/i><\/span><div class=\"fusion-li-item-content\">\n<p>dore\u0219te s\u0103 fac\u0103 internetul mai sigur, s\u0103 fac\u0103 munc\u0103 de prevenire, s\u0103 informeze p\u0103rin\u021bii \u0219i s\u0103 protejeze copiii \u0219i adolescen\u021bii de pornografia pe Internet<\/p>\n<\/div><\/li><li class=\"fusion-li-item\" style=\"\"><span class=\"icon-wrapper circle-yes\"><i class=\"fusion-li-icon fa-check fas\" aria-hidden=\"true\"><\/i><\/span><div class=\"fusion-li-item-content\">\n<p>adreseaz\u0103 tuturor celor care au devenit deja dependen\u021bi de pornografie, oferindu-i ajutor \u0219i sfaturi sub form\u0103 de m\u0103rturii, centre de consiliere \u0219i grupuri de auto-ajutor<\/p>\n<\/div><\/li><li class=\"fusion-li-item\" style=\"\"><span class=\"icon-wrapper circle-yes\"><i class=\"fusion-li-icon fa-check fas\" aria-hidden=\"true\"><\/i><\/span><div class=\"fusion-li-item-content\">\n<p>este dedicat nevestelor care sufer\u0103 de dependen\u021ba partenerului lor pentru a furniza aceste informa\u021bii, sfaturi \u0219i sprijin concret<\/p>\n<\/div><\/li><li class=\"fusion-li-item\" style=\"\"><span class=\"icon-wrapper circle-yes\"><i class=\"fusion-li-icon fa-check fas\" aria-hidden=\"true\"><\/i><\/span><div class=\"fusion-li-item-content\">\n<p>dore\u0219te s\u0103 ac\u021bioneze din punct de vedere socio-politic \u0219i s\u0103 sensibilizeze politicieni, educatori, medici, jurnali\u0219ti \u0219i grupuri de interese pentru acest subiect<\/p>\n<\/div><\/li><li class=\"fusion-li-item\" style=\"\"><span class=\"icon-wrapper circle-yes\"><i class=\"fusion-li-icon fa-check fas\" aria-hidden=\"true\"><\/i><\/span><div class=\"fusion-li-item-content\">\n<p>este independent de partide, corpora\u021bii \u0219i biserici<\/p>\n<\/div><\/li><\/ul><\/div><\/div><div class=\"fusion-layout-column fusion_builder_column fusion-builder-column-2 fusion_builder_column_1_2 1_2 fusion-flex-column\" style=\"--awb-bg-size:cover;--awb-width-large:50%;--awb-margin-top-large:0px;--awb-spacing-right-large:3.84%;--awb-margin-bottom-large:20px;--awb-spacing-left-large:3.84%;--awb-width-medium:100%;--awb-spacing-right-medium:1.92%;--awb-spacing-left-medium:1.92%;--awb-width-small:100%;--awb-spacing-right-small:1.92%;--awb-spacing-left-small:1.92%;\"><div class=\"fusion-column-wrapper fusion-flex-justify-content-flex-start fusion-content-layout-column\"><div class=\"fusion-image-element \" style=\"text-align:center;--awb-caption-title-font-family:var(--h2_typography-font-family);--awb-caption-title-font-weight:var(--h2_typography-font-weight);--awb-caption-title-font-style:var(--h2_typography-font-style);--awb-caption-title-size:var(--h2_typography-font-size);--awb-caption-title-transform:var(--h2_typography-text-transform);--awb-caption-title-line-height:var(--h2_typography-line-height);--awb-caption-title-letter-spacing:var(--h2_typography-letter-spacing);\"><span class=\" fusion-imageframe imageframe-none imageframe-1 hover-type-none\"><a href=\"https:\/\/www.safersurfing.org\/wp-content\/uploads\/2018\/06\/JeniaHammingerDSC_5555_web-1-e1502530531691-768x499.jpg\" class=\"fusion-lightbox\" data-rel=\"iLightbox[9f71d80bf5f5d7ac608]\" title=\"Team LOVE IS MORE\"><img decoding=\"async\" width=\"600\" height=\"400\" alt=\"Safersurfing Team \" src=\"https:\/\/www.safersurfing.org\/loveismore\/wp-content\/uploads\/sites\/2\/2018\/02\/Team.png\" class=\"img-responsive wp-image-2400\" srcset=\"https:\/\/www.safersurfing.org\/loveismore-ro\/wp-content\/uploads\/sites\/30\/2018\/02\/Team-200x133.png 200w, https:\/\/www.safersurfing.org\/loveismore-ro\/wp-content\/uploads\/sites\/30\/2018\/02\/Team-400x267.png 400w, https:\/\/www.safersurfing.org\/loveismore-ro\/wp-content\/uploads\/sites\/30\/2018\/02\/Team.png 600w\" sizes=\"(max-width: 1024px) 100vw, (max-width: 640px) 100vw, 600px\" \/><\/a><\/span><\/div><\/div><\/div><\/div><\/div><\/div><div id=\"mission\" class=\"fusion-container-anchor\"><div class=\"fusion-fullwidth fullwidth-box fusion-builder-row-2 fusion-flex-container nonhundred-percent-fullwidth non-hundred-percent-height-scrolling\" style=\"--awb-border-radius-top-left:0px;--awb-border-radius-top-right:0px;--awb-border-radius-bottom-right:0px;--awb-border-radius-bottom-left:0px;--awb-padding-top:60px;--awb-padding-bottom:60px;--awb-flex-wrap:wrap;\" ><div class=\"fusion-builder-row fusion-row fusion-flex-align-items-flex-start fusion-flex-content-wrap\" style=\"max-width:1216.8px;margin-left: calc(-4% \/ 2 );margin-right: calc(-4% \/ 2 );\"><div class=\"fusion-layout-column fusion_builder_column fusion-builder-column-3 fusion_builder_column_1_1 1_1 fusion-flex-column\" style=\"--awb-bg-size:cover;--awb-width-large:100%;--awb-margin-top-large:0px;--awb-spacing-right-large:1.92%;--awb-margin-bottom-large:20px;--awb-spacing-left-large:1.92%;--awb-width-medium:100%;--awb-spacing-right-medium:1.92%;--awb-spacing-left-medium:1.92%;--awb-width-small:100%;--awb-spacing-right-small:1.92%;--awb-spacing-left-small:1.92%;\"><div class=\"fusion-column-wrapper fusion-flex-justify-content-flex-start fusion-content-layout-column\"><div class=\"fusion-text fusion-text-3\"><h2 style=\"text-align: center;\">Preocuparea LOVE IS MORE<\/h2>\n<\/div><div class=\"fusion-text fusion-text-4\"><p style=\"text-align: center;\">LOVE IS MORE este parte a asocia\u021biei Safersurfing, cu scopul de a proteja copiii, adolescen\u021bii \u0219i adul\u021bii de con\u021binuturi dependente de pe internet. Misiunea noastr\u0103 este s\u0103 subliniem pericolele pornografiei \u0219i s\u0103 oferim sprijin dependen\u021bilor \u0219i partenerilor lor.<br \/>\nPe de o parte, oferim asisten\u021b\u0103 sub form\u0103 de centre de consiliere \u0219i grupuri de ajutorare \u00een toate \u021b\u0103rile vorbitoare de limb\u0103 german\u0103 pentru cei afecta\u021bi \u0219i pentru partenerii lor.<br \/>\nDe asemenea, ne adres\u0103m p\u0103rin\u021bilor, profesorilor \u0219i educatorilor pentru a le educa \u0219i a le informa.<\/p>\n<\/div><\/div><\/div><div class=\"fusion-layout-column fusion_builder_column fusion-builder-column-4 fusion_builder_column_1_2 1_2 fusion-flex-column\" style=\"--awb-bg-size:cover;--awb-width-large:50%;--awb-margin-top-large:0px;--awb-spacing-right-large:3.84%;--awb-margin-bottom-large:20px;--awb-spacing-left-large:3.84%;--awb-width-medium:100%;--awb-spacing-right-medium:1.92%;--awb-spacing-left-medium:1.92%;--awb-width-small:100%;--awb-spacing-right-small:1.92%;--awb-spacing-left-small:1.92%;\"><div class=\"fusion-column-wrapper fusion-flex-justify-content-flex-start fusion-content-layout-column\"><div class=\"fusion-text fusion-text-5\"><h3>Preocuparea noastr\u0103: ajutor pentru cei afecta\u021bi<\/h3>\n<p style=\"padding-left: 30px;\">\u2022\u00a0 Consultan\u021b\u0103<br \/>\n\u2022\u00a0 Organizarea grupurilor de auto-ajutor<br \/>\n\u2022\u00a0 Marturii \u0219i m\u0103rturii<br \/>\n\u2022\u00a0 Cursuri online<\/p>\n<\/div><\/div><\/div><div class=\"fusion-layout-column fusion_builder_column fusion-builder-column-5 fusion_builder_column_1_2 1_2 fusion-flex-column\" style=\"--awb-bg-size:cover;--awb-width-large:50%;--awb-margin-top-large:0px;--awb-spacing-right-large:3.84%;--awb-margin-bottom-large:20px;--awb-spacing-left-large:3.84%;--awb-width-medium:100%;--awb-spacing-right-medium:1.92%;--awb-spacing-left-medium:1.92%;--awb-width-small:100%;--awb-spacing-right-small:1.92%;--awb-spacing-left-small:1.92%;\"><div class=\"fusion-column-wrapper fusion-flex-justify-content-flex-start fusion-content-layout-column\"><div class=\"fusion-text fusion-text-6\"><h3>Preocuparea noastr\u0103: Ajutor pentru parteneri<\/h3>\n<p style=\"padding-left: 30px;\">\u2022\u00a0 Informa\u021bii<br \/>\n\u2022\u00a0 Marturii \u0219i m\u0103rturii<br \/>\n\u2022\u00a0 Servicii de consiliere<br \/>\n\u2022\u00a0 Organizarea grupurilor de auto-ajutor<br \/>\n\u2022\u00a0 Onlinekure<\/p>\n<\/div><\/div><\/div><div class=\"fusion-layout-column fusion_builder_column fusion-builder-column-6 fusion_builder_column_1_2 1_2 fusion-flex-column\" style=\"--awb-bg-size:cover;--awb-width-large:50%;--awb-margin-top-large:0px;--awb-spacing-right-large:3.84%;--awb-margin-bottom-large:20px;--awb-spacing-left-large:3.84%;--awb-width-medium:100%;--awb-spacing-right-medium:1.92%;--awb-spacing-left-medium:1.92%;--awb-width-small:100%;--awb-spacing-right-small:1.92%;--awb-spacing-left-small:1.92%;\"><div class=\"fusion-column-wrapper fusion-flex-justify-content-flex-start fusion-content-layout-column\"><div class=\"fusion-text fusion-text-7\"><h3>Preocuparea noastr\u0103: educa\u021bi p\u0103rin\u021bii<\/h3>\n<p style=\"padding-left: 30px;\">\u2022\u00a0 Informa\u021bii: Cum pot s\u0103-mi protejez copilul?<br \/>\n\u2022\u00a0 Iluminarea: semnele de avertizare \u0219i indicatorii pentru p\u0103rin\u021bi<br \/>\n\u2022\u00a0 Sfaturi practice: conversa\u021bii cu copii \u0219i adolescen\u021bi, informa\u021bii despre stadiul actual al tehnologiei (smartphone-uri, programe de protec\u021bie etc.)<br \/>\n\u2022\u00a0 Cursuri online<\/p>\n<\/div><\/div><\/div><div class=\"fusion-layout-column fusion_builder_column fusion-builder-column-7 fusion_builder_column_1_2 1_2 fusion-flex-column\" style=\"--awb-bg-size:cover;--awb-width-large:50%;--awb-margin-top-large:0px;--awb-spacing-right-large:3.84%;--awb-margin-bottom-large:20px;--awb-spacing-left-large:3.84%;--awb-width-medium:100%;--awb-spacing-right-medium:1.92%;--awb-spacing-left-medium:1.92%;--awb-width-small:100%;--awb-spacing-right-small:1.92%;--awb-spacing-left-small:1.92%;\"><div class=\"fusion-column-wrapper fusion-flex-justify-content-flex-start fusion-content-layout-column\"><div class=\"fusion-text fusion-text-8\"><h3>Preocuparea noastr\u0103: s\u0103 lucr\u0103m cu grupuri de ajutorare \u0219i centre de consiliere<\/h3>\n<p style=\"padding-left: 30px;\">\u2022\u00a0 \u00een Austria<br \/>\n\u2022\u00a0 \u00een Germania<br \/>\n\u2022\u00a0 \u00een Elve\u021bia<br \/>\n\u2022\u00a0 \u00een Tirolul de Sud<br \/>\n\u2022\u00a0 Posibilitatea de a \u00eencepe un grupure singur<\/p>\n<\/div><\/div><\/div><div class=\"fusion-layout-column fusion_builder_column fusion-builder-column-8 fusion_builder_column_1_2 1_2 fusion-flex-column\" style=\"--awb-bg-size:cover;--awb-width-large:50%;--awb-margin-top-large:0px;--awb-spacing-right-large:3.84%;--awb-margin-bottom-large:20px;--awb-spacing-left-large:3.84%;--awb-width-medium:100%;--awb-spacing-right-medium:1.92%;--awb-spacing-left-medium:1.92%;--awb-width-small:100%;--awb-spacing-right-small:1.92%;--awb-spacing-left-small:1.92%;\"><div class=\"fusion-column-wrapper fusion-flex-justify-content-flex-start fusion-content-layout-column\"><div class=\"fusion-text fusion-text-9\"><h3>Preocuparea noastr\u0103: s\u0103 inform\u0103m profesorii \u0219i educatorii<\/h3>\n<p style=\"padding-left: 30px;\">\u2022\u00a0 Informa\u021bii \u0219i iluminare<br \/>\n\u2022\u00a0 Rapoarte<br \/>\n\u2022\u00a0 Influen\u021ba internetului asupra sexualit\u0103\u021bii adolescen\u021bilor<br \/>\n\u2022\u00a0 Protec\u021bia copiilor \u0219i a tinerilor: posibilit\u0103\u021bi \u0219i limite<br \/>\n\u2022\u00a0 Smartphone &amp; Co &#8211; Challenge pentru studen\u021bi, p\u0103rin\u021bi \u0219i profesori<br \/>\n\u2022\u00a0 M\u0103suri de prevenire \u0219i asisten\u021b\u0103<\/p>\n<\/div><\/div><\/div><\/div><\/div><\/div><\/p>\n","protected":false},"excerpt":{"rendered":"","protected":false},"author":1,"featured_media":0,"parent":0,"menu_order":0,"comment_status":"closed","ping_status":"open","template":"100-width.php","meta":{"footnotes":""},"class_list":["post-112","page","type-page","status-publish","hentry"],"yoast_head":"<!-- This site is optimized with the Yoast SEO Premium plugin v27.0 (Yoast SEO v27.0) - https:\/\/yoast.com\/product\/yoast-seo-premium-wordpress\/ -->\n<title>Despre Noi - LOVE IS MORE (Rom\u00e2nesc)<\/title>\n<meta name=\"robots\" content=\"index, follow, max-snippet:-1, max-image-preview:large, max-video-preview:-1\" \/>\n<link rel=\"canonical\" href=\"https:\/\/www.safersurfing.org\/loveismore-ro\/despre-noi\/\" \/>\n<meta property=\"og:locale\" content=\"ro_RO\" \/>\n<meta property=\"og:type\" content=\"article\" \/>\n<meta property=\"og:title\" content=\"Despre Noi\" \/>\n<meta property=\"og:url\" content=\"https:\/\/www.safersurfing.org\/loveismore-ro\/despre-noi\/\" \/>\n<meta property=\"og:site_name\" content=\"LOVE IS MORE (Rom\u00e2nesc)\" \/>\n<meta property=\"article:publisher\" content=\"https:\/\/www.facebook.com\/loveismore.org\/\" \/>\n<meta property=\"article:modified_time\" content=\"2023-06-14T06:16:14+00:00\" \/>\n<meta name=\"twitter:card\" content=\"summary_large_image\" \/>\n<meta name=\"twitter:label1\" content=\"Timp estimat pentru citire\" \/>\n\t<meta name=\"twitter:data1\" content=\"12 minute\" \/>\n<script type=\"application\/ld+json\" class=\"yoast-schema-graph\">{\"@context\":\"https:\/\/schema.org\",\"@graph\":[{\"@type\":\"WebPage\",\"@id\":\"https:\/\/www.safersurfing.org\/loveismore-ro\/despre-noi\/\",\"url\":\"https:\/\/www.safersurfing.org\/loveismore-ro\/despre-noi\/\",\"name\":\"Despre Noi - LOVE IS MORE (Rom\u00e2nesc)\",\"isPartOf\":{\"@id\":\"https:\/\/www.safersurfing.org\/loveismore-ro\/#website\"},\"datePublished\":\"2017-07-05T10:56:22+00:00\",\"dateModified\":\"2023-06-14T06:16:14+00:00\",\"breadcrumb\":{\"@id\":\"https:\/\/www.safersurfing.org\/loveismore-ro\/despre-noi\/#breadcrumb\"},\"inLanguage\":\"ro-RO\",\"potentialAction\":[{\"@type\":\"ReadAction\",\"target\":[\"https:\/\/www.safersurfing.org\/loveismore-ro\/despre-noi\/\"]}]},{\"@type\":\"BreadcrumbList\",\"@id\":\"https:\/\/www.safersurfing.org\/loveismore-ro\/despre-noi\/#breadcrumb\",\"itemListElement\":[{\"@type\":\"ListItem\",\"position\":1,\"name\":\"Startseite\",\"item\":\"https:\/\/www.safersurfing.org\/loveismore-ro\/\"},{\"@type\":\"ListItem\",\"position\":2,\"name\":\"Despre Noi\"}]},{\"@type\":\"WebSite\",\"@id\":\"https:\/\/www.safersurfing.org\/loveismore-ro\/#website\",\"url\":\"https:\/\/www.safersurfing.org\/loveismore-ro\/\",\"name\":\"Love is more\",\"description\":\"\",\"potentialAction\":[{\"@type\":\"SearchAction\",\"target\":{\"@type\":\"EntryPoint\",\"urlTemplate\":\"https:\/\/www.safersurfing.org\/loveismore-ro\/?s={search_term_string}\"},\"query-input\":{\"@type\":\"PropertyValueSpecification\",\"valueRequired\":true,\"valueName\":\"search_term_string\"}}],\"inLanguage\":\"ro-RO\"}]}<\/script>\n<!-- \/ Yoast SEO Premium plugin. -->","yoast_head_json":{"title":"Despre Noi - LOVE IS MORE (Rom\u00e2nesc)","robots":{"index":"index","follow":"follow","max-snippet":"max-snippet:-1","max-image-preview":"max-image-preview:large","max-video-preview":"max-video-preview:-1"},"canonical":"https:\/\/www.safersurfing.org\/loveismore-ro\/despre-noi\/","og_locale":"ro_RO","og_type":"article","og_title":"Despre Noi","og_url":"https:\/\/www.safersurfing.org\/loveismore-ro\/despre-noi\/","og_site_name":"LOVE IS MORE (Rom\u00e2nesc)","article_publisher":"https:\/\/www.facebook.com\/loveismore.org\/","article_modified_time":"2023-06-14T06:16:14+00:00","twitter_card":"summary_large_image","twitter_misc":{"Timp estimat pentru citire":"12 minute"},"schema":{"@context":"https:\/\/schema.org","@graph":[{"@type":"WebPage","@id":"https:\/\/www.safersurfing.org\/loveismore-ro\/despre-noi\/","url":"https:\/\/www.safersurfing.org\/loveismore-ro\/despre-noi\/","name":"Despre Noi - LOVE IS MORE (Rom\u00e2nesc)","isPartOf":{"@id":"https:\/\/www.safersurfing.org\/loveismore-ro\/#website"},"datePublished":"2017-07-05T10:56:22+00:00","dateModified":"2023-06-14T06:16:14+00:00","breadcrumb":{"@id":"https:\/\/www.safersurfing.org\/loveismore-ro\/despre-noi\/#breadcrumb"},"inLanguage":"ro-RO","potentialAction":[{"@type":"ReadAction","target":["https:\/\/www.safersurfing.org\/loveismore-ro\/despre-noi\/"]}]},{"@type":"BreadcrumbList","@id":"https:\/\/www.safersurfing.org\/loveismore-ro\/despre-noi\/#breadcrumb","itemListElement":[{"@type":"ListItem","position":1,"name":"Startseite","item":"https:\/\/www.safersurfing.org\/loveismore-ro\/"},{"@type":"ListItem","position":2,"name":"Despre Noi"}]},{"@type":"WebSite","@id":"https:\/\/www.safersurfing.org\/loveismore-ro\/#website","url":"https:\/\/www.safersurfing.org\/loveismore-ro\/","name":"Love is more","description":"","potentialAction":[{"@type":"SearchAction","target":{"@type":"EntryPoint","urlTemplate":"https:\/\/www.safersurfing.org\/loveismore-ro\/?s={search_term_string}"},"query-input":{"@type":"PropertyValueSpecification","valueRequired":true,"valueName":"search_term_string"}}],"inLanguage":"ro-RO"}]}},"_links":{"self":[{"href":"https:\/\/www.safersurfing.org\/loveismore-ro\/wp-json\/wp\/v2\/pages\/112","targetHints":{"allow":["GET"]}}],"collection":[{"href":"https:\/\/www.safersurfing.org\/loveismore-ro\/wp-json\/wp\/v2\/pages"}],"about":[{"href":"https:\/\/www.safersurfing.org\/loveismore-ro\/wp-json\/wp\/v2\/types\/page"}],"author":[{"embeddable":true,"href":"https:\/\/www.safersurfing.org\/loveismore-ro\/wp-json\/wp\/v2\/users\/1"}],"replies":[{"embeddable":true,"href":"https:\/\/www.safersurfing.org\/loveismore-ro\/wp-json\/wp\/v2\/comments?post=112"}],"version-history":[{"count":0,"href":"https:\/\/www.safersurfing.org\/loveismore-ro\/wp-json\/wp\/v2\/pages\/112\/revisions"}],"wp:attachment":[{"href":"https:\/\/www.safersurfing.org\/loveismore-ro\/wp-json\/wp\/v2\/media?parent=112"}],"curies":[{"name":"wp","href":"https:\/\/api.w.org\/{rel}","templated":true}]}}