{"id":3127,"date":"2018-07-19T20:55:53","date_gmt":"2018-07-19T20:55:53","guid":{"rendered":"https:\/\/www.safersurfing.org\/loveismore\/?page_id=3127"},"modified":"2025-09-08T11:23:07","modified_gmt":"2025-09-08T09:23:07","slug":"contact","status":"publish","type":"page","link":"https:\/\/www.safersurfing.org\/loveismore-ro\/contact\/","title":{"rendered":"Contact"},"content":{"rendered":"<div class=\"fusion-fullwidth fullwidth-box fusion-builder-row-1 fusion-flex-container nonhundred-percent-fullwidth non-hundred-percent-height-scrolling\" style=\"--awb-border-radius-top-left:0px;--awb-border-radius-top-right:0px;--awb-border-radius-bottom-right:0px;--awb-border-radius-bottom-left:0px;--awb-padding-top:120px;--awb-padding-bottom:80px;--awb-background-color:#ffffff;--awb-flex-wrap:wrap;\" ><div class=\"fusion-builder-row fusion-row fusion-flex-align-items-flex-start fusion-flex-content-wrap\" style=\"max-width:1216.8px;margin-left: calc(-4% \/ 2 );margin-right: calc(-4% \/ 2 );\"><div class=\"fusion-layout-column fusion_builder_column fusion-builder-column-0 fusion_builder_column_1_2 1_2 fusion-flex-column\" style=\"--awb-bg-blend:overlay;--awb-bg-size:cover;--awb-width-large:50%;--awb-margin-top-large:2%;--awb-spacing-right-large:5.76%;--awb-margin-bottom-large:2%;--awb-spacing-left-large:3.84%;--awb-width-medium:100%;--awb-spacing-right-medium:1.92%;--awb-spacing-left-medium:1.92%;--awb-width-small:100%;--awb-spacing-right-small:1.92%;--awb-spacing-left-small:1.92%;\"><div class=\"fusion-column-wrapper fusion-flex-justify-content-flex-start fusion-content-layout-column\"><div class=\"fusion-text fusion-text-1\"><h2>Scrie-ne!<\/h2>\n<\/div><div class=\"fusion-separator\" style=\"align-self: flex-start;margin-right:auto;margin-top:-20px;margin-bottom:45px;width:100%;max-width:100px;\"><div class=\"fusion-separator-border sep-single sep-solid\" style=\"--awb-height:20px;--awb-amount:20px;--awb-sep-color:#4b4c4d;border-color:#4b4c4d;border-top-width:2px;\"><\/div><\/div><div class=\"fusion-text fusion-text-2\"><p style=\"font-size: 22px; line-height: 32px; font-weight: 300;\">Dorim cu bucurie feedback de la tine! V\u0103 rug\u0103m s\u0103 scrie\u021bi \u00een englez\u0103 sau german\u0103. Cereri, idei, suport sau alte \u00eentreb\u0103ri:<\/p>\n<\/div><div class=\"fusion-separator fusion-full-width-sep\" style=\"align-self: center;margin-left: auto;margin-right: auto;margin-top:30px;width:100%;\"><\/div>\n<div class=\"wpcf7 no-js\" id=\"wpcf7-f3125-o1\" lang=\"de-DE\" dir=\"ltr\" data-wpcf7-id=\"3125\">\n<div class=\"screen-reader-response\"><p role=\"status\" aria-live=\"polite\" aria-atomic=\"true\"><\/p> <ul><\/ul><\/div>\n<form action=\"\/loveismore-ro\/wp-json\/wp\/v2\/pages\/3127#wpcf7-f3125-o1\" method=\"post\" class=\"wpcf7-form init wpcf7-acceptance-as-validation\" aria-label=\"Kontaktformular\" novalidate=\"novalidate\" data-status=\"init\">\n<fieldset class=\"hidden-fields-container\"><input type=\"hidden\" name=\"_wpcf7\" value=\"3125\" \/><input type=\"hidden\" name=\"_wpcf7_version\" value=\"6.1.5\" \/><input type=\"hidden\" name=\"_wpcf7_locale\" value=\"de_DE\" \/><input type=\"hidden\" name=\"_wpcf7_unit_tag\" value=\"wpcf7-f3125-o1\" \/><input type=\"hidden\" name=\"_wpcf7_container_post\" value=\"0\" \/><input type=\"hidden\" name=\"_wpcf7_posted_data_hash\" value=\"\" \/>\n<\/fieldset>\n<p><label> Your Name*<br \/>\n<span class=\"wpcf7-form-control-wrap\" data-name=\"FNAME\"><input size=\"40\" maxlength=\"400\" class=\"wpcf7-form-control wpcf7-text wpcf7-validates-as-required\" aria-required=\"true\" aria-invalid=\"false\" value=\"\" type=\"text\" name=\"FNAME\" \/><\/span> <\/label>\n<\/p>\n<p><label> Your Email*<br \/>\n<span class=\"wpcf7-form-control-wrap\" data-name=\"EMAIL\"><input size=\"40\" maxlength=\"400\" class=\"wpcf7-form-control wpcf7-email wpcf7-validates-as-required wpcf7-text wpcf7-validates-as-email\" aria-required=\"true\" aria-invalid=\"false\" value=\"\" type=\"email\" name=\"EMAIL\" \/><\/span> <\/label>\n<\/p>\n<p><label> Subject<br \/>\n<span class=\"wpcf7-form-control-wrap\" data-name=\"your-subject\"><input size=\"40\" maxlength=\"400\" class=\"wpcf7-form-control wpcf7-text\" aria-invalid=\"false\" value=\"\" type=\"text\" name=\"your-subject\" \/><\/span> <\/label>\n<\/p>\n<p><label> Message<br \/>\n<span class=\"wpcf7-form-control-wrap\" data-name=\"your-message\"><textarea cols=\"40\" rows=\"10\" maxlength=\"2000\" class=\"wpcf7-form-control wpcf7-textarea\" aria-invalid=\"false\" name=\"your-message\"><\/textarea><\/span> <\/label>\n<\/p>\n<p><span id=\"wpcf7-69e7631db7838-wrapper\" class=\"wpcf7-form-control-wrap Name-wrap\" ><label for=\"88585\" class=\"hp-message\">Bitte lasse dieses Feld leer.<\/label><input id=\"88585\"  class=\"wpcf7-form-control wpcf7-text\" type=\"text\" name=\"Name\" value=\"\" size=\"40\" tabindex=\"-1\" autocomplete=\"off\" \/><\/span>\n<\/p>\n<p><input class=\"wpcf7-form-control wpcf7-submit has-spinner\" type=\"submit\" value=\"Trimite\u021bi\" \/>\n<\/p>\n<p><span class=\"wpcf7-form-control-wrap\" data-name=\"Zustimmung\"><span class=\"wpcf7-form-control wpcf7-acceptance\"><span class=\"wpcf7-list-item\"><label><input type=\"checkbox\" name=\"Zustimmung\" value=\"1\" aria-invalid=\"false\" \/><span class=\"wpcf7-list-item-label\">Navigarea mai sigur\u0103 \u0219i navigarea mai sigur\u0103 eV \u0219i sunt de acord c\u0103 datele mele personale, \u0219i anume numele \u0219i adresa de e-mail pot fi prelucrate \u0219i stocate de c\u0103tre organiza\u021bia non-profit Safersurfing \u00d6sterreich si Safersurfing e.V. V\u0103 pot retrage acest consim\u021b\u0103m\u00e2nt \u00een scris, \u00een orice moment, contact\u00e2nd <a href=\"mailto:safer@safersurfing.org\"> safer@safersurfing.org <\/a>. Navigarea mai sigur\u0103 \u00een orice moment. \u00cen orice moment, pot cere o \u0219tergere a datelor mele, care va fi efectuat\u0103 imediat.*<\/span><\/label><\/span><\/span><\/span>\n<\/p>\n<p><span class=\"wpcf7-form-control-wrap\" data-name=\"Datenschutz\"><span class=\"wpcf7-form-control wpcf7-acceptance\"><span class=\"wpcf7-list-item\"><label><input type=\"checkbox\" name=\"Datenschutz\" value=\"1\" aria-invalid=\"false\" \/><span class=\"wpcf7-list-item-label\">Am citit informa\u021biile referitoare la <a href=\"https:\/\/www.safersurfing.org\/loveismore\/datenschutz\/\" target=\"_blank\"> Politica de confiden\u021bialitate <\/a>.*<\/span><\/label><\/span><\/span><\/span>\n<\/p><div class=\"fusion-alert alert custom alert-custom fusion-alert-center wpcf7-response-output fusion-alert-capitalize awb-alert-native-link-color alert-dismissable awb-alert-close-boxed\" style=\"--awb-border-size:1px;--awb-border-top-left-radius:0px;--awb-border-top-right-radius:0px;--awb-border-bottom-left-radius:0px;--awb-border-bottom-right-radius:0px;\" role=\"alert\"><div class=\"fusion-alert-content-wrapper\"><span class=\"fusion-alert-content\"><\/span><\/div><button type=\"button\" class=\"close toggle-alert\" data-dismiss=\"alert\" aria-label=\"Close\">&times;<\/button><\/div>\n<\/form>\n<\/div>\n<\/div><\/div><div class=\"fusion-layout-column fusion_builder_column fusion-builder-column-1 fusion_builder_column_1_2 1_2 fusion-flex-column fusion-flex-align-self-flex-start fusion-column-no-min-height\" style=\"--awb-bg-blend:overlay;--awb-bg-size:cover;--awb-width-large:50%;--awb-margin-top-large:2%;--awb-spacing-right-large:3.84%;--awb-margin-bottom-large:2%;--awb-spacing-left-large:5.76%;--awb-width-medium:100%;--awb-spacing-right-medium:1.92%;--awb-spacing-left-medium:1.92%;--awb-width-small:100%;--awb-spacing-right-small:1.92%;--awb-spacing-left-small:1.92%;\"><div class=\"fusion-column-wrapper fusion-flex-justify-content-flex-start fusion-content-layout-column\"><div class=\"fusion-text fusion-text-3\"><h2>Contact<\/h2>\n<\/div><div class=\"fusion-separator\" style=\"align-self: flex-start;margin-right:auto;margin-top:-20px;margin-bottom:45px;width:100%;max-width:100px;\"><div class=\"fusion-separator-border sep-single sep-solid\" style=\"--awb-height:20px;--awb-amount:20px;--awb-sep-color:#4b4c4d;border-color:#4b4c4d;border-top-width:2px;\"><\/div><\/div><ul style=\"--awb-iconcolor:#88929d;--awb-line-height:27.2px;--awb-icon-width:27.2px;--awb-icon-height:27.2px;--awb-icon-margin:11.2px;--awb-content-margin:38.4px;\" class=\"fusion-checklist fusion-checklist-1 fusion-checklist-default type-icons\"><li class=\"fusion-li-item\" style=\"\"><span class=\"icon-wrapper circle-no\"><i class=\"fusion-li-icon fa-home fas\" aria-hidden=\"true\"><\/i><\/span><div class=\"fusion-li-item-content\">\n<p>Safersurfing<br \/>\nEnzersdorfer Stra\u00dfe 43\/106<br \/>\n2340 M\u00f6dling<br \/>\n\u00d6sterreich<\/p>\n<\/div><\/li><li class=\"fusion-li-item\" style=\"\"><span class=\"icon-wrapper circle-no\"><i class=\"fusion-li-icon fa-phone fas\" aria-hidden=\"true\"><\/i><\/span><div class=\"fusion-li-item-content\">\n<p>+43 2236 864 327<\/p>\n<\/div><\/li><li class=\"fusion-li-item\" style=\"\"><span class=\"icon-wrapper circle-no\"><i class=\"fusion-li-icon fa-envelope far\" aria-hidden=\"true\"><\/i><\/span><div class=\"fusion-li-item-content\">\n<p><a href=\"mailto:loveismore@safersurfing.org\">loveismore@safersurfing.org<\/a><\/p>\n<\/div><\/li><li class=\"fusion-li-item\" style=\"\"><span class=\"icon-wrapper circle-no\"><i class=\"fusion-li-icon fa-link fas\" aria-hidden=\"true\"><\/i><\/span><div class=\"fusion-li-item-content\">\n<p><a href=\"https:\/\/www.safersurfing.org\/loveismore\">loveismore.org<\/a><\/p>\n<\/div><\/li><\/ul><div class=\"fusion-separator fusion-full-width-sep\" style=\"align-self: center;margin-left: auto;margin-right: auto;margin-top:30px;width:100%;\"><\/div><div class=\"fusion-text fusion-text-4\"><p>Sus\u021binem c\u00e2t de bine putem &#8230;<\/p>\n<p>* Indica\u021bie obligatorie<\/p>\n<\/div><\/div><\/div><\/div><\/div>\n","protected":false},"excerpt":{"rendered":"","protected":false},"author":27,"featured_media":0,"parent":0,"menu_order":0,"comment_status":"closed","ping_status":"open","template":"","meta":{"footnotes":""},"class_list":["post-3127","page","type-page","status-publish","hentry"],"yoast_head":"<!-- This site is optimized with the Yoast SEO Premium plugin v27.0 (Yoast SEO v27.0) - https:\/\/yoast.com\/product\/yoast-seo-premium-wordpress\/ -->\n<title>Contact - LOVE IS MORE (Rom\u00e2nesc)<\/title>\n<meta name=\"robots\" content=\"noindex, follow\" \/>\n<meta property=\"og:locale\" content=\"ro_RO\" \/>\n<meta property=\"og:type\" content=\"article\" \/>\n<meta property=\"og:title\" content=\"Contact\" \/>\n<meta property=\"og:url\" content=\"https:\/\/www.safersurfing.org\/loveismore-ro\/contact\/\" \/>\n<meta property=\"og:site_name\" content=\"LOVE IS MORE (Rom\u00e2nesc)\" \/>\n<meta property=\"article:publisher\" content=\"https:\/\/www.facebook.com\/loveismore.org\/\" \/>\n<meta property=\"article:modified_time\" content=\"2025-09-08T09:23:07+00:00\" \/>\n<meta name=\"twitter:card\" content=\"summary_large_image\" \/>\n<meta name=\"twitter:label1\" content=\"Timp estimat pentru citire\" \/>\n\t<meta name=\"twitter:data1\" content=\"1 minut\" \/>\n<script type=\"application\/ld+json\" class=\"yoast-schema-graph\">{\"@context\":\"https:\/\/schema.org\",\"@graph\":[{\"@type\":\"WebPage\",\"@id\":\"https:\/\/www.safersurfing.org\/loveismore-ro\/contact\/\",\"url\":\"https:\/\/www.safersurfing.org\/loveismore-ro\/contact\/\",\"name\":\"Contact - LOVE IS MORE (Rom\u00e2nesc)\",\"isPartOf\":{\"@id\":\"https:\/\/www.safersurfing.org\/loveismore-ro\/#website\"},\"datePublished\":\"2018-07-19T20:55:53+00:00\",\"dateModified\":\"2025-09-08T09:23:07+00:00\",\"breadcrumb\":{\"@id\":\"https:\/\/www.safersurfing.org\/loveismore-ro\/contact\/#breadcrumb\"},\"inLanguage\":\"ro-RO\",\"potentialAction\":[{\"@type\":\"ReadAction\",\"target\":[\"https:\/\/www.safersurfing.org\/loveismore-ro\/contact\/\"]}]},{\"@type\":\"BreadcrumbList\",\"@id\":\"https:\/\/www.safersurfing.org\/loveismore-ro\/contact\/#breadcrumb\",\"itemListElement\":[{\"@type\":\"ListItem\",\"position\":1,\"name\":\"Startseite\",\"item\":\"https:\/\/www.safersurfing.org\/loveismore-ro\/\"},{\"@type\":\"ListItem\",\"position\":2,\"name\":\"Contact\"}]},{\"@type\":\"WebSite\",\"@id\":\"https:\/\/www.safersurfing.org\/loveismore-ro\/#website\",\"url\":\"https:\/\/www.safersurfing.org\/loveismore-ro\/\",\"name\":\"Love is more\",\"description\":\"\",\"potentialAction\":[{\"@type\":\"SearchAction\",\"target\":{\"@type\":\"EntryPoint\",\"urlTemplate\":\"https:\/\/www.safersurfing.org\/loveismore-ro\/?s={search_term_string}\"},\"query-input\":{\"@type\":\"PropertyValueSpecification\",\"valueRequired\":true,\"valueName\":\"search_term_string\"}}],\"inLanguage\":\"ro-RO\"}]}<\/script>\n<!-- \/ Yoast SEO Premium plugin. -->","yoast_head_json":{"title":"Contact - LOVE IS MORE (Rom\u00e2nesc)","robots":{"index":"noindex","follow":"follow"},"og_locale":"ro_RO","og_type":"article","og_title":"Contact","og_url":"https:\/\/www.safersurfing.org\/loveismore-ro\/contact\/","og_site_name":"LOVE IS MORE (Rom\u00e2nesc)","article_publisher":"https:\/\/www.facebook.com\/loveismore.org\/","article_modified_time":"2025-09-08T09:23:07+00:00","twitter_card":"summary_large_image","twitter_misc":{"Timp estimat pentru citire":"1 minut"},"schema":{"@context":"https:\/\/schema.org","@graph":[{"@type":"WebPage","@id":"https:\/\/www.safersurfing.org\/loveismore-ro\/contact\/","url":"https:\/\/www.safersurfing.org\/loveismore-ro\/contact\/","name":"Contact - LOVE IS MORE (Rom\u00e2nesc)","isPartOf":{"@id":"https:\/\/www.safersurfing.org\/loveismore-ro\/#website"},"datePublished":"2018-07-19T20:55:53+00:00","dateModified":"2025-09-08T09:23:07+00:00","breadcrumb":{"@id":"https:\/\/www.safersurfing.org\/loveismore-ro\/contact\/#breadcrumb"},"inLanguage":"ro-RO","potentialAction":[{"@type":"ReadAction","target":["https:\/\/www.safersurfing.org\/loveismore-ro\/contact\/"]}]},{"@type":"BreadcrumbList","@id":"https:\/\/www.safersurfing.org\/loveismore-ro\/contact\/#breadcrumb","itemListElement":[{"@type":"ListItem","position":1,"name":"Startseite","item":"https:\/\/www.safersurfing.org\/loveismore-ro\/"},{"@type":"ListItem","position":2,"name":"Contact"}]},{"@type":"WebSite","@id":"https:\/\/www.safersurfing.org\/loveismore-ro\/#website","url":"https:\/\/www.safersurfing.org\/loveismore-ro\/","name":"Love is more","description":"","potentialAction":[{"@type":"SearchAction","target":{"@type":"EntryPoint","urlTemplate":"https:\/\/www.safersurfing.org\/loveismore-ro\/?s={search_term_string}"},"query-input":{"@type":"PropertyValueSpecification","valueRequired":true,"valueName":"search_term_string"}}],"inLanguage":"ro-RO"}]}},"_links":{"self":[{"href":"https:\/\/www.safersurfing.org\/loveismore-ro\/wp-json\/wp\/v2\/pages\/3127","targetHints":{"allow":["GET"]}}],"collection":[{"href":"https:\/\/www.safersurfing.org\/loveismore-ro\/wp-json\/wp\/v2\/pages"}],"about":[{"href":"https:\/\/www.safersurfing.org\/loveismore-ro\/wp-json\/wp\/v2\/types\/page"}],"author":[{"embeddable":true,"href":"https:\/\/www.safersurfing.org\/loveismore-ro\/wp-json\/wp\/v2\/users\/27"}],"replies":[{"embeddable":true,"href":"https:\/\/www.safersurfing.org\/loveismore-ro\/wp-json\/wp\/v2\/comments?post=3127"}],"version-history":[{"count":2,"href":"https:\/\/www.safersurfing.org\/loveismore-ro\/wp-json\/wp\/v2\/pages\/3127\/revisions"}],"predecessor-version":[{"id":4517,"href":"https:\/\/www.safersurfing.org\/loveismore-ro\/wp-json\/wp\/v2\/pages\/3127\/revisions\/4517"}],"wp:attachment":[{"href":"https:\/\/www.safersurfing.org\/loveismore-ro\/wp-json\/wp\/v2\/media?parent=3127"}],"curies":[{"name":"wp","href":"https:\/\/api.w.org\/{rel}","templated":true}]}}