{"id":112,"date":"2017-07-05T10:56:22","date_gmt":"2017-07-05T10:56:22","guid":{"rendered":"http:\/\/safer.dbkldp.com\/?page_id=112"},"modified":"2023-06-14T08:55:21","modified_gmt":"2023-06-14T06:55:21","slug":"o-nas","status":"publish","type":"page","link":"https:\/\/www.safersurfing.org\/loveismore-sk\/o-nas\/","title":{"rendered":"O n\u00e1s"},"content":{"rendered":"<p><div id=\"projekt\" class=\"fusion-container-anchor\"><div class=\"fusion-fullwidth fullwidth-box fusion-builder-row-1 fusion-flex-container nonhundred-percent-fullwidth non-hundred-percent-height-scrolling\" style=\"--awb-border-radius-top-left:0px;--awb-border-radius-top-right:0px;--awb-border-radius-bottom-right:0px;--awb-border-radius-bottom-left:0px;--awb-flex-wrap:wrap;\" ><div class=\"fusion-builder-row fusion-row fusion-flex-align-items-flex-start fusion-flex-content-wrap\" style=\"max-width:1216.8px;margin-left: calc(-4% \/ 2 );margin-right: calc(-4% \/ 2 );\"><div class=\"fusion-layout-column fusion_builder_column fusion-builder-column-0 fusion_builder_column_1_1 1_1 fusion-flex-column\" style=\"--awb-bg-size:cover;--awb-width-large:100%;--awb-margin-top-large:0px;--awb-spacing-right-large:1.92%;--awb-margin-bottom-large:0px;--awb-spacing-left-large:1.92%;--awb-width-medium:100%;--awb-spacing-right-medium:1.92%;--awb-spacing-left-medium:1.92%;--awb-width-small:100%;--awb-spacing-right-small:1.92%;--awb-spacing-left-small:1.92%;\"><div class=\"fusion-column-wrapper fusion-flex-justify-content-flex-start fusion-content-layout-column\"><div class=\"fusion-text fusion-text-1\"><h1 style=\"text-align: center;\">O N\u00c1S<\/h1>\n<p style=\"text-align: center;\">Projekt Safersurfingu<\/p>\n<\/div><div class=\"fusion-separator fusion-full-width-sep\" style=\"align-self: center;margin-left: auto;margin-right: auto;margin-top:25px;margin-bottom:25px;width:100%;\"><\/div><\/div><\/div><div class=\"fusion-layout-column fusion_builder_column fusion-builder-column-1 fusion_builder_column_1_2 1_2 fusion-flex-column\" style=\"--awb-bg-size:cover;--awb-width-large:50%;--awb-margin-top-large:0px;--awb-spacing-right-large:3.84%;--awb-margin-bottom-large:20px;--awb-spacing-left-large:3.84%;--awb-width-medium:100%;--awb-spacing-right-medium:1.92%;--awb-spacing-left-medium:1.92%;--awb-width-small:100%;--awb-spacing-right-small:1.92%;--awb-spacing-left-small:1.92%;\"><div class=\"fusion-column-wrapper fusion-flex-justify-content-flex-start fusion-content-layout-column\"><div class=\"fusion-text fusion-text-2\"><h2>LOVE IS MORE&#8230;<\/h2>\n<\/div><ul style=\"--awb-line-height:27.2px;--awb-icon-width:27.2px;--awb-icon-height:27.2px;--awb-icon-margin:11.2px;--awb-content-margin:38.4px;--awb-circlecolor:#3f99a1;--awb-circle-yes-font-size:14.08px;\" class=\"fusion-checklist fusion-checklist-1 fusion-checklist-default type-icons\"><li class=\"fusion-li-item\" style=\"\"><span class=\"icon-wrapper circle-yes\"><i class=\"fusion-li-icon fa-check fas\" aria-hidden=\"true\"><\/i><\/span><div class=\"fusion-li-item-content\">\n<p>chce zabezpe\u010di\u0165 bezpe\u010dnos\u0165 internetu, vykon\u00e1va\u0165 prevent\u00edvnu pr\u00e1cu, informova\u0165 rodi\u010dov a chr\u00e1ni\u0165 deti a dospievaj\u00facich pred internetovou pornografiou.<\/p>\n<\/div><\/li><li class=\"fusion-li-item\" style=\"\"><span class=\"icon-wrapper circle-yes\"><i class=\"fusion-li-icon fa-check fas\" aria-hidden=\"true\"><\/i><\/span><div class=\"fusion-li-item-content\">\n<p>oslovuje v\u0161etk\u00fdch t\u00fdch, ktor\u00ed u\u017e boli z\u00e1visl\u00ed od pornografie, pon\u00faka im pomoc a radu vo forme spr\u00e1v, poradensk\u00fdch centier a svojpomocn\u00fdch skup\u00edn.<\/p>\n<\/div><\/li><li class=\"fusion-li-item\" style=\"\"><span class=\"icon-wrapper circle-yes\"><i class=\"fusion-li-icon fa-check fas\" aria-hidden=\"true\"><\/i><\/span><div class=\"fusion-li-item-content\">\n<p>je venovan\u00e1 \u017een\u00e1m, ktor\u00e9 trpia z\u00e1vislos\u0165ou svojho partnera na poskytovan\u00ed t\u00fdchto inform\u00e1ci\u00ed, poradenstva a konkr\u00e9tnej podpory.<\/p>\n<\/div><\/li><li class=\"fusion-li-item\" style=\"\"><span class=\"icon-wrapper circle-yes\"><i class=\"fusion-li-icon fa-check fas\" aria-hidden=\"true\"><\/i><\/span><div class=\"fusion-li-item-content\">\n<p>chce ma\u0165 soci\u00e1lno-politick\u00fd \u00fa\u010dinok a citova\u0165 politikov, pedag\u00f3gov, lek\u00e1rov, novin\u00e1rov a z\u00e1ujmov\u00fdch skup\u00edn na t\u00fato t\u00e9mu.<\/p>\n<\/div><\/li><li class=\"fusion-li-item\" style=\"\"><span class=\"icon-wrapper circle-yes\"><i class=\"fusion-li-icon fa-check fas\" aria-hidden=\"true\"><\/i><\/span><div class=\"fusion-li-item-content\">\n<p>je nez\u00e1visl\u00e1 od str\u00e1n, korpor\u00e1ci\u00ed a cirkv\u00ed.<\/p>\n<\/div><\/li><\/ul><\/div><\/div><div class=\"fusion-layout-column fusion_builder_column fusion-builder-column-2 fusion_builder_column_1_2 1_2 fusion-flex-column\" style=\"--awb-bg-size:cover;--awb-width-large:50%;--awb-margin-top-large:0px;--awb-spacing-right-large:3.84%;--awb-margin-bottom-large:20px;--awb-spacing-left-large:3.84%;--awb-width-medium:100%;--awb-spacing-right-medium:1.92%;--awb-spacing-left-medium:1.92%;--awb-width-small:100%;--awb-spacing-right-small:1.92%;--awb-spacing-left-small:1.92%;\"><div class=\"fusion-column-wrapper fusion-flex-justify-content-flex-start fusion-content-layout-column\"><div class=\"fusion-image-element \" style=\"text-align:center;--awb-caption-title-font-family:var(--h2_typography-font-family);--awb-caption-title-font-weight:var(--h2_typography-font-weight);--awb-caption-title-font-style:var(--h2_typography-font-style);--awb-caption-title-size:var(--h2_typography-font-size);--awb-caption-title-transform:var(--h2_typography-text-transform);--awb-caption-title-line-height:var(--h2_typography-line-height);--awb-caption-title-letter-spacing:var(--h2_typography-letter-spacing);\"><span class=\" fusion-imageframe imageframe-none imageframe-1 hover-type-none\"><a href=\"https:\/\/www.safersurfing.org\/wp-content\/uploads\/2018\/06\/JeniaHammingerDSC_5555_web-1-e1502530531691-768x499.jpg\" class=\"fusion-lightbox\" data-rel=\"iLightbox[9f71d80bf5f5d7ac608]\" title=\"Team LOVE IS MORE\"><img decoding=\"async\" width=\"600\" height=\"400\" alt=\"Safersurfing Team \" src=\"https:\/\/www.safersurfing.org\/loveismore\/wp-content\/uploads\/sites\/2\/2018\/02\/Team.png\" class=\"img-responsive wp-image-2400\" srcset=\"https:\/\/www.safersurfing.org\/loveismore-sk\/wp-content\/uploads\/sites\/22\/2018\/02\/Team-200x133.png 200w, https:\/\/www.safersurfing.org\/loveismore-sk\/wp-content\/uploads\/sites\/22\/2018\/02\/Team-400x267.png 400w, https:\/\/www.safersurfing.org\/loveismore-sk\/wp-content\/uploads\/sites\/22\/2018\/02\/Team.png 600w\" sizes=\"(max-width: 1024px) 100vw, (max-width: 640px) 100vw, 600px\" \/><\/a><\/span><\/div><\/div><\/div><\/div><\/div><\/div><div id=\"mission\" class=\"fusion-container-anchor\"><div class=\"fusion-fullwidth fullwidth-box fusion-builder-row-2 fusion-flex-container nonhundred-percent-fullwidth non-hundred-percent-height-scrolling\" style=\"--awb-border-radius-top-left:0px;--awb-border-radius-top-right:0px;--awb-border-radius-bottom-right:0px;--awb-border-radius-bottom-left:0px;--awb-padding-top:60px;--awb-padding-bottom:60px;--awb-flex-wrap:wrap;\" ><div class=\"fusion-builder-row fusion-row fusion-flex-align-items-flex-start fusion-flex-content-wrap\" style=\"max-width:1216.8px;margin-left: calc(-4% \/ 2 );margin-right: calc(-4% \/ 2 );\"><div class=\"fusion-layout-column fusion_builder_column fusion-builder-column-3 fusion_builder_column_1_1 1_1 fusion-flex-column\" style=\"--awb-bg-size:cover;--awb-width-large:100%;--awb-margin-top-large:0px;--awb-spacing-right-large:1.92%;--awb-margin-bottom-large:20px;--awb-spacing-left-large:1.92%;--awb-width-medium:100%;--awb-spacing-right-medium:1.92%;--awb-spacing-left-medium:1.92%;--awb-width-small:100%;--awb-spacing-right-small:1.92%;--awb-spacing-left-small:1.92%;\"><div class=\"fusion-column-wrapper fusion-flex-justify-content-flex-start fusion-content-layout-column\"><div class=\"fusion-text fusion-text-3\"><h2 style=\"text-align: center;\">Obavy z LOVE IS MORE<\/h2>\n<\/div><div class=\"fusion-text fusion-text-4\"><div class=\"fusion-text\">\n<p style=\"text-align: center;\">LOVE IS MORE je s\u00fa\u010das\u0165ou zdru\u017eenia Safersurfing s cie\u013eom chr\u00e1ni\u0165 deti, dospievaj\u00facich a dospel\u00fdch pred n\u00e1vykov\u00fdm obsahom na internete. Na\u0161\u00edm poslan\u00edm je pouk\u00e1za\u0165 na nebezpe\u010denstvo pornografie a poskytn\u00fa\u0165 podporu z\u00e1visl\u00fdm a ich partnerom.<\/p>\n<p style=\"text-align: center;\">Na jednej strane pon\u00fakame pomoc vo forme poradensk\u00fdch centier a svojpomocn\u00fdch skup\u00edn vo v\u0161etk\u00fdch nemecky hovoriacich krajin\u00e1ch pre postihnut\u00fdch a ich partnerov.<\/p>\n<p style=\"text-align: center;\">Taktie\u017e sa obr\u00e1time na rodi\u010dov, u\u010dite\u013eov a pedag\u00f3gov, aby sme ich vzdelali a informovali.<\/p>\n<\/div>\n<\/div><\/div><\/div><div class=\"fusion-layout-column fusion_builder_column fusion-builder-column-4 fusion_builder_column_1_2 1_2 fusion-flex-column\" style=\"--awb-bg-size:cover;--awb-width-large:50%;--awb-margin-top-large:0px;--awb-spacing-right-large:3.84%;--awb-margin-bottom-large:20px;--awb-spacing-left-large:3.84%;--awb-width-medium:100%;--awb-spacing-right-medium:1.92%;--awb-spacing-left-medium:1.92%;--awb-width-small:100%;--awb-spacing-right-small:1.92%;--awb-spacing-left-small:1.92%;\"><div class=\"fusion-column-wrapper fusion-flex-justify-content-flex-start fusion-content-layout-column\"><div class=\"fusion-text fusion-text-5\"><h3>Obavy: pomoc pre postihnut\u00fdch<\/h3>\n<p style=\"padding-left: 30px;\">\u25cf\u00a0 Konzult\u00e1cie<br \/>\n\u25cf\u00a0 Usporiadanie skup\u00edn vlastnej pomoci<br \/>\n\u25cf\u00a0 Odpor\u00fa\u010dania a odpor\u00fa\u010dania<br \/>\n\u25cf\u00a0 On-line kurzy<\/p>\n<\/div><\/div><\/div><div class=\"fusion-layout-column fusion_builder_column fusion-builder-column-5 fusion_builder_column_1_2 1_2 fusion-flex-column\" style=\"--awb-bg-size:cover;--awb-width-large:50%;--awb-margin-top-large:0px;--awb-spacing-right-large:3.84%;--awb-margin-bottom-large:20px;--awb-spacing-left-large:3.84%;--awb-width-medium:100%;--awb-spacing-right-medium:1.92%;--awb-spacing-left-medium:1.92%;--awb-width-small:100%;--awb-spacing-right-small:1.92%;--awb-spacing-left-small:1.92%;\"><div class=\"fusion-column-wrapper fusion-flex-justify-content-flex-start fusion-content-layout-column\"><div class=\"fusion-text fusion-text-6\"><h3>Obavy: pomoc pre partnerov<\/h3>\n<p style=\"padding-left: 30px;\">\u25cf\u00a0 Inform\u00e1cie<br \/>\n\u25cf\u00a0 Odpor\u00fa\u010dania a odpor\u00fa\u010dania<br \/>\n\u25cf\u00a0 Poradensk\u00e9 slu\u017eby<br \/>\n\u25cf\u00a0 Usporiadanie skup\u00edn vlastnej pomoci<br \/>\n\u25cf\u00a0 Onlinekure<\/p>\n<\/div><\/div><\/div><div class=\"fusion-layout-column fusion_builder_column fusion-builder-column-6 fusion_builder_column_1_2 1_2 fusion-flex-column\" style=\"--awb-bg-size:cover;--awb-width-large:50%;--awb-margin-top-large:0px;--awb-spacing-right-large:3.84%;--awb-margin-bottom-large:20px;--awb-spacing-left-large:3.84%;--awb-width-medium:100%;--awb-spacing-right-medium:1.92%;--awb-spacing-left-medium:1.92%;--awb-width-small:100%;--awb-spacing-right-small:1.92%;--awb-spacing-left-small:1.92%;\"><div class=\"fusion-column-wrapper fusion-flex-justify-content-flex-start fusion-content-layout-column\"><div class=\"fusion-text fusion-text-7\"><h3>Obavy: vychov\u00e1va\u0165 rodi\u010dov<\/h3>\n<p style=\"padding-left: 30px;\">\u25cf\u00a0 Inform\u00e1cie: Ako m\u00f4\u017eem chr\u00e1ni\u0165 svoje die\u0165a?<br \/>\n\u25cf\u00a0 Osvietenie: varovn\u00e9 sign\u00e1ly a indik\u00e1tory pre rodi\u010dov<br \/>\n\u25cf\u00a0 Praktick\u00e9 tipy: Rozhovory s de\u0165mi a dospievaj\u00facimi, inform\u00e1cie o najnov\u0161om stave (smartphony, programy ochrany at\u010f.)<br \/>\non-line kurzy<\/p>\n<\/div><\/div><\/div><div class=\"fusion-layout-column fusion_builder_column fusion-builder-column-7 fusion_builder_column_1_2 1_2 fusion-flex-column\" style=\"--awb-bg-size:cover;--awb-width-large:50%;--awb-margin-top-large:0px;--awb-spacing-right-large:3.84%;--awb-margin-bottom-large:20px;--awb-spacing-left-large:3.84%;--awb-width-medium:100%;--awb-spacing-right-medium:1.92%;--awb-spacing-left-medium:1.92%;--awb-width-small:100%;--awb-spacing-right-small:1.92%;--awb-spacing-left-small:1.92%;\"><div class=\"fusion-column-wrapper fusion-flex-justify-content-flex-start fusion-content-layout-column\"><div class=\"fusion-text fusion-text-8\"><h3>Obavy: pr\u00e1ca so svojpomocn\u00fdmi skupinami a poradensk\u00fdmi centrami<\/h3>\n<p style=\"padding-left: 30px;\">\u25cf\u00a0 v Rak\u00fasku<br \/>\n\u25cf\u00a0 v Nemecku<br \/>\n\u25cf\u00a0 vo \u0160vaj\u010diarsku<br \/>\n\u25cf\u00a0 v ju\u017enom Tirolsku<\/p>\n<p>Mo\u017enos\u0165 zalo\u017ei\u0165 si SHG sami<\/p>\n<\/div><\/div><\/div><div class=\"fusion-layout-column fusion_builder_column fusion-builder-column-8 fusion_builder_column_1_2 1_2 fusion-flex-column\" style=\"--awb-bg-size:cover;--awb-width-large:50%;--awb-margin-top-large:0px;--awb-spacing-right-large:3.84%;--awb-margin-bottom-large:20px;--awb-spacing-left-large:3.84%;--awb-width-medium:100%;--awb-spacing-right-medium:1.92%;--awb-spacing-left-medium:1.92%;--awb-width-small:100%;--awb-spacing-right-small:1.92%;--awb-spacing-left-small:1.92%;\"><div class=\"fusion-column-wrapper fusion-flex-justify-content-flex-start fusion-content-layout-column\"><div class=\"fusion-text fusion-text-9\"><h3>Obavy: pedag\u00f3govia a pedag\u00f3govia informuj\u00fa<\/h3>\n<p style=\"padding-left: 30px;\">\u25cf\u00a0 Inform\u00e1cie a osvietenie<br \/>\n\u25cf\u00a0 U\u017e\u00edvate\u013esk\u00e9 recenzie<br \/>\n\u25cf\u00a0 Vplyv internetu na dospievaj\u00facu sexualitu<br \/>\n\u25cf\u00a0 Ochrana det\u00ed a ml\u00e1de\u017ee: mo\u017enosti a obmedzenia<br \/>\n\u25cf\u00a0 Smartphone &amp; Co &#8211; v\u00fdzva pre \u0161tudentov, rodi\u010dov a u\u010dite\u013eov<br \/>\n\u25cf\u00a0 Prevent\u00edvne opatrenia a pomoc<\/p>\n<\/div><\/div><\/div><\/div><\/div><\/div><\/p>\n","protected":false},"excerpt":{"rendered":"","protected":false},"author":1,"featured_media":0,"parent":0,"menu_order":0,"comment_status":"closed","ping_status":"open","template":"100-width.php","meta":{"footnotes":""},"class_list":["post-112","page","type-page","status-publish","hentry"],"yoast_head":"<!-- This site is optimized with the Yoast SEO Premium plugin v27.0 (Yoast SEO v27.0) - https:\/\/yoast.com\/product\/yoast-seo-premium-wordpress\/ -->\n<title>O n\u00e1s - LOVE IS MORE (Slovensk\u00fd)<\/title>\n<meta name=\"robots\" content=\"index, follow, max-snippet:-1, max-image-preview:large, max-video-preview:-1\" \/>\n<link rel=\"canonical\" href=\"https:\/\/www.safersurfing.org\/loveismore-sk\/o-nas\/\" \/>\n<meta property=\"og:locale\" content=\"sl_SI\" \/>\n<meta property=\"og:type\" content=\"article\" \/>\n<meta property=\"og:title\" content=\"O n\u00e1s\" \/>\n<meta property=\"og:url\" content=\"https:\/\/www.safersurfing.org\/loveismore-sk\/o-nas\/\" \/>\n<meta property=\"og:site_name\" content=\"LOVE IS MORE (Slovensk\u00fd)\" \/>\n<meta property=\"article:publisher\" content=\"https:\/\/www.facebook.com\/loveismore.org\/\" \/>\n<meta property=\"article:modified_time\" content=\"2023-06-14T06:55:21+00:00\" \/>\n<meta name=\"twitter:card\" content=\"summary_large_image\" \/>\n<meta name=\"twitter:label1\" content=\"Est. reading time\" \/>\n\t<meta name=\"twitter:data1\" content=\"5 minut\" \/>\n<script type=\"application\/ld+json\" class=\"yoast-schema-graph\">{\"@context\":\"https:\/\/schema.org\",\"@graph\":[{\"@type\":\"WebPage\",\"@id\":\"https:\/\/www.safersurfing.org\/loveismore-sk\/o-nas\/\",\"url\":\"https:\/\/www.safersurfing.org\/loveismore-sk\/o-nas\/\",\"name\":\"O n\u00e1s - LOVE IS MORE (Slovensk\u00fd)\",\"isPartOf\":{\"@id\":\"https:\/\/www.safersurfing.org\/loveismore-sk\/#website\"},\"datePublished\":\"2017-07-05T10:56:22+00:00\",\"dateModified\":\"2023-06-14T06:55:21+00:00\",\"breadcrumb\":{\"@id\":\"https:\/\/www.safersurfing.org\/loveismore-sk\/o-nas\/#breadcrumb\"},\"inLanguage\":\"sl-SI\",\"potentialAction\":[{\"@type\":\"ReadAction\",\"target\":[\"https:\/\/www.safersurfing.org\/loveismore-sk\/o-nas\/\"]}]},{\"@type\":\"BreadcrumbList\",\"@id\":\"https:\/\/www.safersurfing.org\/loveismore-sk\/o-nas\/#breadcrumb\",\"itemListElement\":[{\"@type\":\"ListItem\",\"position\":1,\"name\":\"Startseite\",\"item\":\"https:\/\/www.safersurfing.org\/loveismore-sk\/\"},{\"@type\":\"ListItem\",\"position\":2,\"name\":\"O n\u00e1s\"}]},{\"@type\":\"WebSite\",\"@id\":\"https:\/\/www.safersurfing.org\/loveismore-sk\/#website\",\"url\":\"https:\/\/www.safersurfing.org\/loveismore-sk\/\",\"name\":\"Love is more\",\"description\":\"\",\"potentialAction\":[{\"@type\":\"SearchAction\",\"target\":{\"@type\":\"EntryPoint\",\"urlTemplate\":\"https:\/\/www.safersurfing.org\/loveismore-sk\/?s={search_term_string}\"},\"query-input\":{\"@type\":\"PropertyValueSpecification\",\"valueRequired\":true,\"valueName\":\"search_term_string\"}}],\"inLanguage\":\"sl-SI\"}]}<\/script>\n<!-- \/ Yoast SEO Premium plugin. -->","yoast_head_json":{"title":"O n\u00e1s - LOVE IS MORE (Slovensk\u00fd)","robots":{"index":"index","follow":"follow","max-snippet":"max-snippet:-1","max-image-preview":"max-image-preview:large","max-video-preview":"max-video-preview:-1"},"canonical":"https:\/\/www.safersurfing.org\/loveismore-sk\/o-nas\/","og_locale":"sl_SI","og_type":"article","og_title":"O n\u00e1s","og_url":"https:\/\/www.safersurfing.org\/loveismore-sk\/o-nas\/","og_site_name":"LOVE IS MORE (Slovensk\u00fd)","article_publisher":"https:\/\/www.facebook.com\/loveismore.org\/","article_modified_time":"2023-06-14T06:55:21+00:00","twitter_card":"summary_large_image","twitter_misc":{"Est. reading time":"5 minut"},"schema":{"@context":"https:\/\/schema.org","@graph":[{"@type":"WebPage","@id":"https:\/\/www.safersurfing.org\/loveismore-sk\/o-nas\/","url":"https:\/\/www.safersurfing.org\/loveismore-sk\/o-nas\/","name":"O n\u00e1s - LOVE IS MORE (Slovensk\u00fd)","isPartOf":{"@id":"https:\/\/www.safersurfing.org\/loveismore-sk\/#website"},"datePublished":"2017-07-05T10:56:22+00:00","dateModified":"2023-06-14T06:55:21+00:00","breadcrumb":{"@id":"https:\/\/www.safersurfing.org\/loveismore-sk\/o-nas\/#breadcrumb"},"inLanguage":"sl-SI","potentialAction":[{"@type":"ReadAction","target":["https:\/\/www.safersurfing.org\/loveismore-sk\/o-nas\/"]}]},{"@type":"BreadcrumbList","@id":"https:\/\/www.safersurfing.org\/loveismore-sk\/o-nas\/#breadcrumb","itemListElement":[{"@type":"ListItem","position":1,"name":"Startseite","item":"https:\/\/www.safersurfing.org\/loveismore-sk\/"},{"@type":"ListItem","position":2,"name":"O n\u00e1s"}]},{"@type":"WebSite","@id":"https:\/\/www.safersurfing.org\/loveismore-sk\/#website","url":"https:\/\/www.safersurfing.org\/loveismore-sk\/","name":"Love is more","description":"","potentialAction":[{"@type":"SearchAction","target":{"@type":"EntryPoint","urlTemplate":"https:\/\/www.safersurfing.org\/loveismore-sk\/?s={search_term_string}"},"query-input":{"@type":"PropertyValueSpecification","valueRequired":true,"valueName":"search_term_string"}}],"inLanguage":"sl-SI"}]}},"_links":{"self":[{"href":"https:\/\/www.safersurfing.org\/loveismore-sk\/wp-json\/wp\/v2\/pages\/112","targetHints":{"allow":["GET"]}}],"collection":[{"href":"https:\/\/www.safersurfing.org\/loveismore-sk\/wp-json\/wp\/v2\/pages"}],"about":[{"href":"https:\/\/www.safersurfing.org\/loveismore-sk\/wp-json\/wp\/v2\/types\/page"}],"author":[{"embeddable":true,"href":"https:\/\/www.safersurfing.org\/loveismore-sk\/wp-json\/wp\/v2\/users\/1"}],"replies":[{"embeddable":true,"href":"https:\/\/www.safersurfing.org\/loveismore-sk\/wp-json\/wp\/v2\/comments?post=112"}],"version-history":[{"count":0,"href":"https:\/\/www.safersurfing.org\/loveismore-sk\/wp-json\/wp\/v2\/pages\/112\/revisions"}],"wp:attachment":[{"href":"https:\/\/www.safersurfing.org\/loveismore-sk\/wp-json\/wp\/v2\/media?parent=112"}],"curies":[{"name":"wp","href":"https:\/\/api.w.org\/{rel}","templated":true}]}}