{"id":2827,"date":"2017-07-06T07:58:47","date_gmt":"2017-07-06T07:58:47","guid":{"rendered":"http:\/\/safer.dbkldp.com\/?page_id=191"},"modified":"2019-10-06T16:11:03","modified_gmt":"2019-10-06T14:11:03","slug":"videokurs","status":"publish","type":"page","link":"https:\/\/www.safersurfing.org\/loveismore-sk\/videokurs\/","title":{"rendered":"Videokurs"},"content":{"rendered":"<p>V \u010dasti Nastavenia n\u00e1jdete slovensk\u00e9 titulky.<\/p>\n<p><iframe src=\"https:\/\/www.youtube-nocookie.com\/embed\/videoseries?list=PL65pyrXWcO79-Q0h4DQtg8yFYL0_yW7Db&#038;hl=sk&#038;cc_lang_pref=sk&#038;cc_load_policy=1\" width=\"560\" height=\"315\" frameborder=\"0\" allowfullscreen=\"allowfullscreen\"><\/iframe><\/p>\n","protected":false},"excerpt":{"rendered":"<p>V \u010dasti Nastavenia n\u00e1jdete slovensk\u00e9 titulky.<\/p>\n","protected":false},"author":1,"featured_media":0,"parent":0,"menu_order":0,"comment_status":"closed","ping_status":"open","template":"","meta":{"footnotes":""},"class_list":["post-2827","page","type-page","status-publish","hentry"],"yoast_head":"<!-- This site is optimized with the Yoast SEO Premium plugin v27.0 (Yoast SEO v27.0) - https:\/\/yoast.com\/product\/yoast-seo-premium-wordpress\/ -->\n<title>Videokurs - LOVE IS MORE (Slovensk\u00fd)<\/title>\n<meta name=\"robots\" content=\"index, follow, max-snippet:-1, max-image-preview:large, max-video-preview:-1\" \/>\n<link rel=\"canonical\" href=\"https:\/\/www.safersurfing.org\/loveismore-sk\/videokurs\/\" \/>\n<meta property=\"og:locale\" content=\"sl_SI\" \/>\n<meta property=\"og:type\" content=\"article\" \/>\n<meta property=\"og:title\" content=\"Videokurs\" \/>\n<meta property=\"og:description\" content=\"V \u010dasti Nastavenia n\u00e1jdete slovensk\u00e9 titulky.\" \/>\n<meta property=\"og:url\" content=\"https:\/\/www.safersurfing.org\/loveismore-sk\/videokurs\/\" \/>\n<meta property=\"og:site_name\" content=\"LOVE IS MORE (Slovensk\u00fd)\" \/>\n<meta property=\"article:publisher\" content=\"https:\/\/www.facebook.com\/loveismore.org\/\" \/>\n<meta property=\"article:modified_time\" content=\"2019-10-06T14:11:03+00:00\" \/>\n<meta name=\"twitter:card\" content=\"summary_large_image\" \/>\n<script type=\"application\/ld+json\" class=\"yoast-schema-graph\">{\"@context\":\"https:\/\/schema.org\",\"@graph\":[{\"@type\":\"WebPage\",\"@id\":\"https:\/\/www.safersurfing.org\/loveismore-sk\/videokurs\/\",\"url\":\"https:\/\/www.safersurfing.org\/loveismore-sk\/videokurs\/\",\"name\":\"Videokurs - LOVE IS MORE (Slovensk\u00fd)\",\"isPartOf\":{\"@id\":\"https:\/\/www.safersurfing.org\/loveismore-sk\/#website\"},\"datePublished\":\"2017-07-06T07:58:47+00:00\",\"dateModified\":\"2019-10-06T14:11:03+00:00\",\"breadcrumb\":{\"@id\":\"https:\/\/www.safersurfing.org\/loveismore-sk\/videokurs\/#breadcrumb\"},\"inLanguage\":\"sl-SI\",\"potentialAction\":[{\"@type\":\"ReadAction\",\"target\":[\"https:\/\/www.safersurfing.org\/loveismore-sk\/videokurs\/\"]}]},{\"@type\":\"BreadcrumbList\",\"@id\":\"https:\/\/www.safersurfing.org\/loveismore-sk\/videokurs\/#breadcrumb\",\"itemListElement\":[{\"@type\":\"ListItem\",\"position\":1,\"name\":\"Startseite\",\"item\":\"https:\/\/www.safersurfing.org\/loveismore-sk\/\"},{\"@type\":\"ListItem\",\"position\":2,\"name\":\"Videokurs\"}]},{\"@type\":\"WebSite\",\"@id\":\"https:\/\/www.safersurfing.org\/loveismore-sk\/#website\",\"url\":\"https:\/\/www.safersurfing.org\/loveismore-sk\/\",\"name\":\"Love is more\",\"description\":\"\",\"potentialAction\":[{\"@type\":\"SearchAction\",\"target\":{\"@type\":\"EntryPoint\",\"urlTemplate\":\"https:\/\/www.safersurfing.org\/loveismore-sk\/?s={search_term_string}\"},\"query-input\":{\"@type\":\"PropertyValueSpecification\",\"valueRequired\":true,\"valueName\":\"search_term_string\"}}],\"inLanguage\":\"sl-SI\"}]}<\/script>\n<!-- \/ Yoast SEO Premium plugin. -->","yoast_head_json":{"title":"Videokurs - LOVE IS MORE (Slovensk\u00fd)","robots":{"index":"index","follow":"follow","max-snippet":"max-snippet:-1","max-image-preview":"max-image-preview:large","max-video-preview":"max-video-preview:-1"},"canonical":"https:\/\/www.safersurfing.org\/loveismore-sk\/videokurs\/","og_locale":"sl_SI","og_type":"article","og_title":"Videokurs","og_description":"V \u010dasti Nastavenia n\u00e1jdete slovensk\u00e9 titulky.","og_url":"https:\/\/www.safersurfing.org\/loveismore-sk\/videokurs\/","og_site_name":"LOVE IS MORE (Slovensk\u00fd)","article_publisher":"https:\/\/www.facebook.com\/loveismore.org\/","article_modified_time":"2019-10-06T14:11:03+00:00","twitter_card":"summary_large_image","schema":{"@context":"https:\/\/schema.org","@graph":[{"@type":"WebPage","@id":"https:\/\/www.safersurfing.org\/loveismore-sk\/videokurs\/","url":"https:\/\/www.safersurfing.org\/loveismore-sk\/videokurs\/","name":"Videokurs - LOVE IS MORE (Slovensk\u00fd)","isPartOf":{"@id":"https:\/\/www.safersurfing.org\/loveismore-sk\/#website"},"datePublished":"2017-07-06T07:58:47+00:00","dateModified":"2019-10-06T14:11:03+00:00","breadcrumb":{"@id":"https:\/\/www.safersurfing.org\/loveismore-sk\/videokurs\/#breadcrumb"},"inLanguage":"sl-SI","potentialAction":[{"@type":"ReadAction","target":["https:\/\/www.safersurfing.org\/loveismore-sk\/videokurs\/"]}]},{"@type":"BreadcrumbList","@id":"https:\/\/www.safersurfing.org\/loveismore-sk\/videokurs\/#breadcrumb","itemListElement":[{"@type":"ListItem","position":1,"name":"Startseite","item":"https:\/\/www.safersurfing.org\/loveismore-sk\/"},{"@type":"ListItem","position":2,"name":"Videokurs"}]},{"@type":"WebSite","@id":"https:\/\/www.safersurfing.org\/loveismore-sk\/#website","url":"https:\/\/www.safersurfing.org\/loveismore-sk\/","name":"Love is more","description":"","potentialAction":[{"@type":"SearchAction","target":{"@type":"EntryPoint","urlTemplate":"https:\/\/www.safersurfing.org\/loveismore-sk\/?s={search_term_string}"},"query-input":{"@type":"PropertyValueSpecification","valueRequired":true,"valueName":"search_term_string"}}],"inLanguage":"sl-SI"}]}},"_links":{"self":[{"href":"https:\/\/www.safersurfing.org\/loveismore-sk\/wp-json\/wp\/v2\/pages\/2827","targetHints":{"allow":["GET"]}}],"collection":[{"href":"https:\/\/www.safersurfing.org\/loveismore-sk\/wp-json\/wp\/v2\/pages"}],"about":[{"href":"https:\/\/www.safersurfing.org\/loveismore-sk\/wp-json\/wp\/v2\/types\/page"}],"author":[{"embeddable":true,"href":"https:\/\/www.safersurfing.org\/loveismore-sk\/wp-json\/wp\/v2\/users\/1"}],"replies":[{"embeddable":true,"href":"https:\/\/www.safersurfing.org\/loveismore-sk\/wp-json\/wp\/v2\/comments?post=2827"}],"version-history":[{"count":0,"href":"https:\/\/www.safersurfing.org\/loveismore-sk\/wp-json\/wp\/v2\/pages\/2827\/revisions"}],"wp:attachment":[{"href":"https:\/\/www.safersurfing.org\/loveismore-sk\/wp-json\/wp\/v2\/media?parent=2827"}],"curies":[{"name":"wp","href":"https:\/\/api.w.org\/{rel}","templated":true}]}}