{"id":2930,"date":"2018-07-17T18:35:44","date_gmt":"2018-07-17T18:35:44","guid":{"rendered":"https:\/\/www.safersurfing.org\/loveismore\/?page_id=2930"},"modified":"2018-10-01T09:59:05","modified_gmt":"2018-10-01T07:59:05","slug":"pomoc-pre-partnerov","status":"publish","type":"page","link":"https:\/\/www.safersurfing.org\/loveismore-sk\/pomoc-pre-partnerov\/","title":{"rendered":"M\u00f4j man\u017eel sleduje porno"},"content":{"rendered":"<p><div class=\"fusion-fullwidth fullwidth-box fusion-builder-row-1 fusion-flex-container nonhundred-percent-fullwidth non-hundred-percent-height-scrolling\" style=\"--awb-border-radius-top-left:0px;--awb-border-radius-top-right:0px;--awb-border-radius-bottom-right:0px;--awb-border-radius-bottom-left:0px;--awb-padding-right:15%;--awb-padding-left:15%;--awb-flex-wrap:wrap;\" ><div class=\"fusion-builder-row fusion-row fusion-flex-align-items-flex-start fusion-flex-content-wrap\" style=\"max-width:calc( 1170px + 0px );margin-left: calc(-0px \/ 2 );margin-right: calc(-0px \/ 2 );\"><div class=\"fusion-layout-column fusion_builder_column fusion-builder-column-0 fusion_builder_column_1_1 1_1 fusion-flex-column fusion-lightbox-link\" style=\"--awb-bg-size:cover;--awb-width-large:100%;--awb-margin-top-large:0px;--awb-spacing-right-large:0px;--awb-margin-bottom-large:0px;--awb-spacing-left-large:0px;--awb-width-medium:100%;--awb-spacing-right-medium:0px;--awb-spacing-left-medium:0px;--awb-width-small:100%;--awb-spacing-right-small:0px;--awb-spacing-left-small:0px;\"><div class=\"fusion-column-wrapper fusion-flex-justify-content-flex-start fusion-content-layout-column\"><div class=\"fusion-text fusion-text-1\"><h2 style=\"text-align: center;\">M\u00f4j man\u017eel sleduje porno<\/h2>\n<p style=\"text-align: center;\">Partneri \u013eud\u00ed, ktor\u00ed sa stali z\u00e1vislou na pornografii, najm\u00e4 v tejto situ\u00e1cii.<br \/>\nZranenie, sklamanie, hanba a hnev s\u00fa len zlomok em\u00f3ci\u00ed, ktor\u00e9 sa tu roz\u0161iruj\u00fa. Preto pon\u00fakame inform\u00e1cie, rady a pomoc, aby ste preuk\u00e1zali, \u017ee nie ste s\u00e1m. \u017divot po pornografii je mo\u017en\u00fd, lie\u010denie a odpustenie je mo\u017en\u00e9.<\/p>\n<\/div><\/div><\/div><\/div><\/div><div class=\"fusion-fullwidth fullwidth-box fusion-builder-row-2 fusion-flex-container nonhundred-percent-fullwidth non-hundred-percent-height-scrolling\" style=\"--awb-border-radius-top-left:0px;--awb-border-radius-top-right:0px;--awb-border-radius-bottom-right:0px;--awb-border-radius-bottom-left:0px;--awb-padding-top:35px;--awb-padding-bottom:35px;--awb-flex-wrap:wrap;\" ><div class=\"fusion-builder-row fusion-row fusion-flex-align-items-flex-start fusion-flex-content-wrap\" style=\"max-width:calc( 1170px + 0px );margin-left: calc(-0px \/ 2 );margin-right: calc(-0px \/ 2 );\"><div class=\"fusion-layout-column fusion_builder_column fusion-builder-column-1 fusion_builder_column_1_1 1_1 fusion-flex-column\" style=\"--awb-bg-size:cover;--awb-width-large:100%;--awb-margin-top-large:0px;--awb-spacing-right-large:0px;--awb-margin-bottom-large:20px;--awb-spacing-left-large:0px;--awb-width-medium:100%;--awb-spacing-right-medium:0px;--awb-spacing-left-medium:0px;--awb-width-small:100%;--awb-spacing-right-small:0px;--awb-spacing-left-small:0px;\"><div class=\"fusion-column-wrapper fusion-flex-justify-content-flex-start fusion-content-layout-column\"><div class=\"fusion-separator fusion-full-width-sep\" style=\"align-self: center;margin-left: auto;margin-right: auto;margin-top:35px;width:100%;\"><\/div><div class=\"fusion-text fusion-text-2\"><h2 style=\"text-align: center;\">Pr\u00edspevky partnerom<\/h2>\n<\/div><div class=\"fusion-separator fusion-full-width-sep\" style=\"align-self: center;margin-left: auto;margin-right: auto;margin-top:35px;width:100%;\"><\/div><div class=\"fusion-blog-shortcode fusion-blog-shortcode-1 fusion-blog-archive fusion-blog-layout-grid-wrapper fusion-blog-no fusion-blog-layout-center\"><style type=\"text\/css\">.fusion-blog-shortcode-1 .fusion-blog-layout-grid .fusion-post-grid{padding:20px;}.fusion-blog-shortcode-1 .fusion-posts-container{margin-left: -20px !important; margin-right:-20px !important;}<\/style><div class=\"fusion-posts-container fusion-posts-container-no fusion-blog-layout-grid fusion-blog-layout-grid-3 isotope fusion-blog-equal-heights\" data-pages=\"1\" data-grid-col-space=\"40\" style=\"margin: -20px -20px 0;min-height:500px;\"><article id=\"blog-1-post-3482\" class=\"fusion-post-grid post-3482 post type-post status-publish format-standard has-post-thumbnail hentry category-partner\">\n<div class=\"fusion-post-wrapper\" style=\"background-color:rgba(248,228,215,1);border:1px solid #ffffff;border-bottom-width:3px;\">\n\n\t\t\t<div class=\"fusion-flexslider flexslider fusion-flexslider-loading fusion-post-slideshow\" style=\"border-color:#ffffff;\">\n\t\t<ul class=\"slides\">\n\t\t\t\n\t\t\t\t\t\t\t\t\t\t\t\t\t\t<li><div  class=\"fusion-image-wrapper\" aria-haspopup=\"true\">\n\t\t\t\t\t\t\t<a href=\"https:\/\/www.safersurfing.org\/loveismore-sk\/destruktivna-sila-cudzolozstva\/\" aria-label=\"De\u0161trukt\u00edvna sila cudzolo\u017estva\">\n\t\t\t\t\t\t\t<img decoding=\"async\" width=\"800\" height=\"500\" src=\"https:\/\/www.safersurfing.org\/loveismore-sk\/wp-content\/uploads\/sites\/22\/2018\/09\/claudia_800_500_unsplash.jpg\" class=\"attachment-full size-full wp-post-image\" alt=\"\" srcset=\"https:\/\/www.safersurfing.org\/loveismore-sk\/wp-content\/uploads\/sites\/22\/2018\/09\/claudia_800_500_unsplash-200x125.jpg 200w, https:\/\/www.safersurfing.org\/loveismore-sk\/wp-content\/uploads\/sites\/22\/2018\/09\/claudia_800_500_unsplash-400x250.jpg 400w, https:\/\/www.safersurfing.org\/loveismore-sk\/wp-content\/uploads\/sites\/22\/2018\/09\/claudia_800_500_unsplash-600x375.jpg 600w, https:\/\/www.safersurfing.org\/loveismore-sk\/wp-content\/uploads\/sites\/22\/2018\/09\/claudia_800_500_unsplash.jpg 800w\" sizes=\"(min-width: 2200px) 100vw, (min-width: 784px) 363px, (min-width: 712px) 545px, (min-width: 640px) 712px, \" \/>\t\t\t<\/a>\n\t\t\t\t\t\t\t<\/div>\n<\/li>\n\t\t\t\n\t\t\t\n\t\t\t\t\t\t\t\t\t\t\t\t\t\t\t\t\t\t\t\t\t\t\t\t\t\t\t\t\t\t\t\t\t\t\t\t\t\t\t\t\t\t\t\t\t\t\t\t\t\t\t\t\t\t\t\t\t\t\t\t\t\t\t\t\t\t\t\t<\/ul>\n\t<\/div>\n\t<div class=\"fusion-post-content-wrapper\" style=\"padding:40px 40px 40px 40px;\"><div class=\"fusion-post-content post-content\"><h2 class=\"blog-shortcode-post-title entry-title\"><a href=\"https:\/\/www.safersurfing.org\/loveismore-sk\/destruktivna-sila-cudzolozstva\/\">De\u0161trukt\u00edvna sila cudzolo\u017estva<\/a><\/h2><div class=\"fusion-content-sep sep-none\"><\/div><div class=\"fusion-post-content-container\"><p>Sex prostredn\u00edctvom cudzolo\u017estva, zanech\u00e1va zlomen\u00e9 \u017eeny a man\u017eelstv\u00e1<\/p><\/div><\/div><div class=\"fusion-meta-info\"><div class=\"fusion-aligncenter\"><a class=\"fusion-read-more\" href=\"https:\/\/www.safersurfing.org\/loveismore-sk\/destruktivna-sila-cudzolozstva\/\" aria-label=\"More on De\u0161trukt\u00edvna sila cudzolo\u017estva\">Preberi ve\u010d<\/a><\/div><\/div><\/div><div class=\"fusion-clearfix\"><\/div><\/div>\n<\/article>\n<article id=\"blog-1-post-3479\" class=\"fusion-post-grid post-3479 post type-post status-publish format-standard has-post-thumbnail hentry category-partner\">\n<div class=\"fusion-post-wrapper\" style=\"background-color:rgba(248,228,215,1);border:1px solid #ffffff;border-bottom-width:3px;\">\n\n\t\t\t<div class=\"fusion-flexslider flexslider fusion-flexslider-loading fusion-post-slideshow\" style=\"border-color:#ffffff;\">\n\t\t<ul class=\"slides\">\n\t\t\t\n\t\t\t\t\t\t\t\t\t\t\t\t\t\t<li><div  class=\"fusion-image-wrapper\" aria-haspopup=\"true\">\n\t\t\t\t\t\t\t<a href=\"https:\/\/www.safersurfing.org\/loveismore-sk\/uzdravenie-manzeliek\/\" aria-label=\"Jazyky  Uzdravenie man\u017eeliek, ktor\u00e9 boli zranen\u00e9 cudzolo\u017estvom alebo z\u00e1vislos\u0165ou od porna\">\n\t\t\t\t\t\t\t<img decoding=\"async\" width=\"800\" height=\"500\" src=\"https:\/\/www.safersurfing.org\/loveismore-sk\/wp-content\/uploads\/sites\/22\/2018\/09\/priscilla-du-preez_800_500_unsplash.jpg\" class=\"attachment-full size-full wp-post-image\" alt=\"\" srcset=\"https:\/\/www.safersurfing.org\/loveismore-sk\/wp-content\/uploads\/sites\/22\/2018\/09\/priscilla-du-preez_800_500_unsplash-200x125.jpg 200w, https:\/\/www.safersurfing.org\/loveismore-sk\/wp-content\/uploads\/sites\/22\/2018\/09\/priscilla-du-preez_800_500_unsplash-400x250.jpg 400w, https:\/\/www.safersurfing.org\/loveismore-sk\/wp-content\/uploads\/sites\/22\/2018\/09\/priscilla-du-preez_800_500_unsplash-600x375.jpg 600w, https:\/\/www.safersurfing.org\/loveismore-sk\/wp-content\/uploads\/sites\/22\/2018\/09\/priscilla-du-preez_800_500_unsplash.jpg 800w\" sizes=\"(min-width: 2200px) 100vw, (min-width: 784px) 363px, (min-width: 712px) 545px, (min-width: 640px) 712px, \" \/>\t\t\t<\/a>\n\t\t\t\t\t\t\t<\/div>\n<\/li>\n\t\t\t\n\t\t\t\n\t\t\t\t\t\t\t\t\t\t\t\t\t\t\t\t\t\t\t\t\t\t\t\t\t\t\t\t\t\t\t\t\t\t\t\t\t\t\t\t\t\t\t\t\t\t\t\t\t\t\t\t\t\t\t\t\t\t\t\t\t\t\t\t\t\t\t\t<\/ul>\n\t<\/div>\n\t<div class=\"fusion-post-content-wrapper\" style=\"padding:40px 40px 40px 40px;\"><div class=\"fusion-post-content post-content\"><h2 class=\"blog-shortcode-post-title entry-title\"><a href=\"https:\/\/www.safersurfing.org\/loveismore-sk\/uzdravenie-manzeliek\/\">Jazyky  Uzdravenie man\u017eeliek, ktor\u00e9 boli zranen\u00e9 cudzolo\u017estvom alebo z\u00e1vislos\u0165ou od porna<\/a><\/h2><div class=\"fusion-content-sep sep-none\"><\/div><div class=\"fusion-post-content-container\"><p>Uzdravenie man\u017eeliek, ktor\u00e9 maj\u00fa man\u017eelov z\u00e1visl\u00fdch od sexu<\/p><\/div><\/div><div class=\"fusion-meta-info\"><div class=\"fusion-aligncenter\"><a class=\"fusion-read-more\" href=\"https:\/\/www.safersurfing.org\/loveismore-sk\/uzdravenie-manzeliek\/\" aria-label=\"More on Jazyky  Uzdravenie man\u017eeliek, ktor\u00e9 boli zranen\u00e9 cudzolo\u017estvom alebo z\u00e1vislos\u0165ou od porna\">Preberi ve\u010d<\/a><\/div><\/div><\/div><div class=\"fusion-clearfix\"><\/div><\/div>\n<\/article>\n<div class=\"fusion-clearfix\"><\/div><\/div><\/div><div class=\"fusion-separator fusion-full-width-sep\" style=\"align-self: center;margin-left: auto;margin-right: auto;margin-top:35px;width:100%;\"><\/div><div style=\"text-align:center;\"><a class=\"fusion-button button-flat fusion-button-default-size button-custom fusion-button-default button-1 fusion-button-default-span fusion-button-default-type\" style=\"--button_accent_color:#ffffff;--button_accent_hover_color:#ffffff;--button_border_hover_color:#ffffff;--button_gradient_top_color:#4797a0;--button_gradient_bottom_color:#4797a0;--button_gradient_top_color_hover:#4e6e88;--button_gradient_bottom_color_hover:#4e6e88;\" target=\"_self\" href=\"https:\/\/www.safersurfing.org\/loveismore-sk\/category\/partner\/\"><span class=\"fusion-button-text awb-button__text awb-button__text--default\">V\u0161etky pr\u00edspevky<\/span><\/a><\/div><\/div><\/div><\/div><\/div><div class=\"fusion-fullwidth fullwidth-box fusion-builder-row-3 fusion-flex-container nonhundred-percent-fullwidth non-hundred-percent-height-scrolling\" style=\"--awb-border-radius-top-left:0px;--awb-border-radius-top-right:0px;--awb-border-radius-bottom-right:0px;--awb-border-radius-bottom-left:0px;--awb-padding-top:65px;--awb-padding-bottom:65px;--awb-margin-top:4%;--awb-background-color:#f8e4d7;--awb-flex-wrap:wrap;\" ><div class=\"fusion-builder-row fusion-row fusion-flex-align-items-flex-start fusion-flex-content-wrap\" style=\"max-width:1216.8px;margin-left: calc(-4% \/ 2 );margin-right: calc(-4% \/ 2 );\"><div class=\"fusion-layout-column fusion_builder_column fusion-builder-column-2 fusion_builder_column_1_1 1_1 fusion-flex-column\" style=\"--awb-bg-size:cover;--awb-width-large:100%;--awb-margin-top-large:0px;--awb-spacing-right-large:1.92%;--awb-margin-bottom-large:20px;--awb-spacing-left-large:1.92%;--awb-width-medium:100%;--awb-spacing-right-medium:1.92%;--awb-spacing-left-medium:1.92%;--awb-width-small:100%;--awb-spacing-right-small:1.92%;--awb-spacing-left-small:1.92%;\"><div class=\"fusion-column-wrapper fusion-flex-justify-content-flex-start fusion-content-layout-column\"><div class=\"fusion-text fusion-text-3\"><h2 class=\"flush-top\">Prv\u00e1 pomoc<\/h2>\n<\/div><\/div><\/div><div class=\"fusion-layout-column fusion_builder_column fusion-builder-column-3 fusion_builder_column_1_3 1_3 fusion-flex-column\" style=\"--awb-bg-size:cover;--awb-width-large:33.333333333333%;--awb-margin-top-large:0px;--awb-spacing-right-large:5.76%;--awb-margin-bottom-large:20px;--awb-spacing-left-large:5.76%;--awb-width-medium:100%;--awb-spacing-right-medium:1.92%;--awb-spacing-left-medium:1.92%;--awb-width-small:100%;--awb-spacing-right-small:1.92%;--awb-spacing-left-small:1.92%;\"><div class=\"fusion-column-wrapper fusion-flex-justify-content-flex-start fusion-content-layout-column\"><div class=\"accordian fusion-accordian\" style=\"--awb-border-size:1px;--awb-icon-size:13px;--awb-content-font-size:14px;--awb-icon-alignment:right;--awb-hover-color:#ffffff;--awb-border-color:#4797a0;--awb-background-color:#ffffff;--awb-divider-color:#e0dede;--awb-divider-hover-color:#e0dede;--awb-icon-color:#ffffff;--awb-title-color:#4797a0;--awb-content-color:#484848;--awb-icon-box-color:#333333;--awb-toggle-hover-accent-color:#3f99a1;--awb-title-font-family:&quot;Fira Sans&quot;;--awb-title-font-weight:700;--awb-title-font-style:normal;--awb-title-font-size:15px;--awb-content-font-family:&quot;Roboto Condensed&quot;;--awb-content-font-style:normal;--awb-content-font-weight:400;\"><div class=\"panel-group fusion-toggle-icon-right fusion-toggle-icon-boxed\" id=\"accordion-3479-1\"><div class=\"fusion-panel panel-default panel-d5f59d423518fdc6e fusion-toggle-no-divider fusion-toggle-boxed-mode\"><div class=\"panel-heading\"><h4 class=\"panel-title toggle\" id=\"toggle_d5f59d423518fdc6e\"><a aria-expanded=\"false\" aria-controls=\"d5f59d423518fdc6e\" role=\"button\" data-toggle=\"collapse\" data-parent=\"#accordion-3479-1\" data-target=\"#d5f59d423518fdc6e\" href=\"#d5f59d423518fdc6e\"><span class=\"fusion-toggle-icon-wrapper\" aria-hidden=\"true\"><i class=\"fa-fusion-box active-icon awb-icon-minus\" aria-hidden=\"true\"><\/i><i class=\"fa-fusion-box inactive-icon awb-icon-plus\" aria-hidden=\"true\"><\/i><\/span><span class=\"fusion-toggle-heading\">Nie je to tvoja chyba<\/span><\/a><\/h4><\/div><div id=\"d5f59d423518fdc6e\" class=\"panel-collapse collapse \" aria-labelledby=\"toggle_d5f59d423518fdc6e\"><div class=\"panel-body toggle-content fusion-clearfix\">\n<p>V\u017edy sa uistite o jednej veci: nie ste zodpovedn\u00ed. Bez oh\u013eadu na to, ko\u013eko ot\u00e1zok a pochybnost\u00ed prech\u00e1dza va\u0161ou hlavou, rovnako ako v\u00e1s to ur\u00e1\u017ea: Va\u0161a hodnota zostane, budete dokonal\u00e1. Nie je to tvoja chyba!<\/p>\n<\/div><\/div><\/div><\/div><\/div><\/div><\/div><div class=\"fusion-layout-column fusion_builder_column fusion-builder-column-4 fusion_builder_column_1_3 1_3 fusion-flex-column\" style=\"--awb-bg-size:cover;--awb-width-large:33.333333333333%;--awb-margin-top-large:0px;--awb-spacing-right-large:5.76%;--awb-margin-bottom-large:20px;--awb-spacing-left-large:5.76%;--awb-width-medium:100%;--awb-spacing-right-medium:1.92%;--awb-spacing-left-medium:1.92%;--awb-width-small:100%;--awb-spacing-right-small:1.92%;--awb-spacing-left-small:1.92%;\"><div class=\"fusion-column-wrapper fusion-flex-justify-content-flex-start fusion-content-layout-column\"><div class=\"accordian fusion-accordian\" style=\"--awb-border-size:1px;--awb-icon-size:13px;--awb-content-font-size:14px;--awb-icon-alignment:right;--awb-hover-color:#ffffff;--awb-border-color:#4797a0;--awb-background-color:#ffffff;--awb-divider-color:#e0dede;--awb-divider-hover-color:#e0dede;--awb-icon-color:#ffffff;--awb-title-color:#4797a0;--awb-content-color:#484848;--awb-icon-box-color:#333333;--awb-toggle-hover-accent-color:#3f99a1;--awb-title-font-family:&quot;Fira Sans&quot;;--awb-title-font-weight:700;--awb-title-font-style:normal;--awb-title-font-size:15px;--awb-content-font-family:&quot;Roboto Condensed&quot;;--awb-content-font-style:normal;--awb-content-font-weight:400;\"><div class=\"panel-group fusion-toggle-icon-right fusion-toggle-icon-boxed\" id=\"accordion-3479-2\"><div class=\"fusion-panel panel-default panel-c0240059128903e3f fusion-toggle-no-divider fusion-toggle-boxed-mode\"><div class=\"panel-heading\"><h4 class=\"panel-title toggle\" id=\"toggle_c0240059128903e3f\"><a aria-expanded=\"false\" aria-controls=\"c0240059128903e3f\" role=\"button\" data-toggle=\"collapse\" data-parent=\"#accordion-3479-2\" data-target=\"#c0240059128903e3f\" href=\"#c0240059128903e3f\"><span class=\"fusion-toggle-icon-wrapper\" aria-hidden=\"true\"><i class=\"fa-fusion-box active-icon awb-icon-minus\" aria-hidden=\"true\"><\/i><i class=\"fa-fusion-box inactive-icon awb-icon-plus\" aria-hidden=\"true\"><\/i><\/span><span class=\"fusion-toggle-heading\">Nezost\u00e1vajte s n\u00edm sama<\/span><\/a><\/h4><\/div><div id=\"c0240059128903e3f\" class=\"panel-collapse collapse \" aria-labelledby=\"toggle_c0240059128903e3f\"><div class=\"panel-body toggle-content fusion-clearfix\">\n<h2>Nemus\u00edte bojova\u0165 s t\u00fdmto bojom s\u00e1m.<\/h2>\n<p>Obr\u00e1\u0165te sa na jednu z nasleduj\u00facich skup\u00edn vlastnej pomoci vo va\u0161ej krajine bez z\u00e1v\u00e4zku a n\u00e1jdite svojich spoluhr\u00e1\u010dov na ceste. Je tu tie\u017e mo\u017enos\u0165 za\u010da\u0165 sami nov\u00fa skupinu!<\/p>\n<h2>M\u00e1te z\u00e1ujem o zalo\u017eenie alebo \u00fa\u010das\u0165 na SHG:<\/h2>\n<p>Po\u0161lite n\u00e1m e-mail v angli\u010dtine s va\u0161\u00edm krstn\u00fdm menom, miestom a ak si m\u00f4\u017eete predstavi\u0165 vedenie skupiny alebo nie.<\/p>\n<\/div><\/div><\/div><\/div><\/div><\/div><\/div><div class=\"fusion-layout-column fusion_builder_column fusion-builder-column-5 fusion_builder_column_1_3 1_3 fusion-flex-column\" style=\"--awb-bg-size:cover;--awb-width-large:33.333333333333%;--awb-margin-top-large:0px;--awb-spacing-right-large:5.76%;--awb-margin-bottom-large:20px;--awb-spacing-left-large:5.76%;--awb-width-medium:100%;--awb-spacing-right-medium:1.92%;--awb-spacing-left-medium:1.92%;--awb-width-small:100%;--awb-spacing-right-small:1.92%;--awb-spacing-left-small:1.92%;\"><div class=\"fusion-column-wrapper fusion-flex-justify-content-flex-start fusion-content-layout-column\"><div class=\"accordian fusion-accordian\" style=\"--awb-border-size:1px;--awb-icon-size:13px;--awb-content-font-size:14px;--awb-icon-alignment:right;--awb-hover-color:#ffffff;--awb-border-color:#4797a0;--awb-background-color:#ffffff;--awb-divider-color:#e0dede;--awb-divider-hover-color:#e0dede;--awb-icon-color:#ffffff;--awb-title-color:#4797a0;--awb-content-color:#484848;--awb-icon-box-color:#333333;--awb-toggle-hover-accent-color:#3f99a1;--awb-title-font-family:&quot;Fira Sans&quot;;--awb-title-font-weight:700;--awb-title-font-style:normal;--awb-title-font-size:15px;--awb-content-font-family:&quot;Roboto Condensed&quot;;--awb-content-font-style:normal;--awb-content-font-weight:400;\"><div class=\"panel-group fusion-toggle-icon-right fusion-toggle-icon-boxed\" id=\"accordion-3479-3\"><div class=\"fusion-panel panel-default panel-c3341592877a036fb fusion-toggle-no-divider fusion-toggle-boxed-mode\"><div class=\"panel-heading\"><h4 class=\"panel-title toggle\" id=\"toggle_c3341592877a036fb\"><a aria-expanded=\"false\" aria-controls=\"c3341592877a036fb\" role=\"button\" data-toggle=\"collapse\" data-parent=\"#accordion-3479-3\" data-target=\"#c3341592877a036fb\" href=\"#c3341592877a036fb\"><span class=\"fusion-toggle-icon-wrapper\" aria-hidden=\"true\"><i class=\"fa-fusion-box active-icon awb-icon-minus\" aria-hidden=\"true\"><\/i><i class=\"fa-fusion-box inactive-icon awb-icon-plus\" aria-hidden=\"true\"><\/i><\/span><span class=\"fusion-toggle-heading\">Je tu n\u00e1dej<\/span><\/a><\/h4><\/div><div id=\"c3341592877a036fb\" class=\"panel-collapse collapse \" aria-labelledby=\"toggle_c3341592877a036fb\"><div class=\"panel-body toggle-content fusion-clearfix\">\n<p>Pam\u00e4tajte, \u017ee to nie je koniec. V\u017edy je n\u00e1dej a cesta von z tejto situ\u00e1cie. Nie ste s\u00e1m a ve\u013ea pred t\u00fdm, ako ste museli bojova\u0165 proti tomuto alebo podobn\u00e9mu boju. Ve\u013ea pr\u00edbehov o lie\u010dbe a slobode v\u00e1s sved\u010d\u00ed a povzbud\u00ed, aby ste sa e\u0161te nevzdali. Z\u00edskajte podporu a vyh\u013eadajte zdroje, ktor\u00e9 v\u00e1m pom\u00f4\u017eu. Boh miluje man\u017eelstvo a miluje tvoje man\u017eelstvo!<\/p>\n<\/div><\/div><\/div><\/div><\/div><\/div><\/div><\/div><\/div><\/p>\n","protected":false},"excerpt":{"rendered":"","protected":false},"author":1,"featured_media":0,"parent":0,"menu_order":0,"comment_status":"closed","ping_status":"open","template":"100-width.php","meta":{"footnotes":""},"class_list":["post-2930","page","type-page","status-publish","hentry"],"yoast_head":"<!-- This site is optimized with the Yoast SEO Premium plugin v27.0 (Yoast SEO v27.0) - https:\/\/yoast.com\/product\/yoast-seo-premium-wordpress\/ -->\n<title>M\u00f4j man\u017eel sleduje porno - LOVE IS MORE (Slovensk\u00fd)<\/title>\n<meta name=\"robots\" content=\"index, follow, max-snippet:-1, max-image-preview:large, max-video-preview:-1\" \/>\n<link rel=\"canonical\" href=\"https:\/\/www.safersurfing.org\/loveismore-sk\/pomoc-pre-partnerov\/\" \/>\n<meta property=\"og:locale\" content=\"sl_SI\" \/>\n<meta property=\"og:type\" content=\"article\" \/>\n<meta property=\"og:title\" content=\"M\u00f4j man\u017eel sleduje porno\" \/>\n<meta property=\"og:url\" content=\"https:\/\/www.safersurfing.org\/loveismore-sk\/pomoc-pre-partnerov\/\" \/>\n<meta property=\"og:site_name\" content=\"LOVE IS MORE (Slovensk\u00fd)\" \/>\n<meta property=\"article:publisher\" content=\"https:\/\/www.facebook.com\/loveismore.org\/\" \/>\n<meta property=\"article:modified_time\" content=\"2018-10-01T07:59:05+00:00\" \/>\n<meta name=\"twitter:card\" content=\"summary_large_image\" \/>\n<meta name=\"twitter:label1\" content=\"Est. reading time\" \/>\n\t<meta name=\"twitter:data1\" content=\"8 minut\" \/>\n<script type=\"application\/ld+json\" class=\"yoast-schema-graph\">{\"@context\":\"https:\/\/schema.org\",\"@graph\":[{\"@type\":\"WebPage\",\"@id\":\"https:\/\/www.safersurfing.org\/loveismore-sk\/pomoc-pre-partnerov\/\",\"url\":\"https:\/\/www.safersurfing.org\/loveismore-sk\/pomoc-pre-partnerov\/\",\"name\":\"M\u00f4j man\u017eel sleduje porno - LOVE IS MORE (Slovensk\u00fd)\",\"isPartOf\":{\"@id\":\"https:\/\/www.safersurfing.org\/loveismore-sk\/#website\"},\"datePublished\":\"2018-07-17T18:35:44+00:00\",\"dateModified\":\"2018-10-01T07:59:05+00:00\",\"breadcrumb\":{\"@id\":\"https:\/\/www.safersurfing.org\/loveismore-sk\/pomoc-pre-partnerov\/#breadcrumb\"},\"inLanguage\":\"sl-SI\",\"potentialAction\":[{\"@type\":\"ReadAction\",\"target\":[\"https:\/\/www.safersurfing.org\/loveismore-sk\/pomoc-pre-partnerov\/\"]}]},{\"@type\":\"BreadcrumbList\",\"@id\":\"https:\/\/www.safersurfing.org\/loveismore-sk\/pomoc-pre-partnerov\/#breadcrumb\",\"itemListElement\":[{\"@type\":\"ListItem\",\"position\":1,\"name\":\"Startseite\",\"item\":\"https:\/\/www.safersurfing.org\/loveismore-sk\/\"},{\"@type\":\"ListItem\",\"position\":2,\"name\":\"M\u00f4j man\u017eel sleduje porno\"}]},{\"@type\":\"WebSite\",\"@id\":\"https:\/\/www.safersurfing.org\/loveismore-sk\/#website\",\"url\":\"https:\/\/www.safersurfing.org\/loveismore-sk\/\",\"name\":\"Love is more\",\"description\":\"\",\"potentialAction\":[{\"@type\":\"SearchAction\",\"target\":{\"@type\":\"EntryPoint\",\"urlTemplate\":\"https:\/\/www.safersurfing.org\/loveismore-sk\/?s={search_term_string}\"},\"query-input\":{\"@type\":\"PropertyValueSpecification\",\"valueRequired\":true,\"valueName\":\"search_term_string\"}}],\"inLanguage\":\"sl-SI\"}]}<\/script>\n<!-- \/ Yoast SEO Premium plugin. -->","yoast_head_json":{"title":"M\u00f4j man\u017eel sleduje porno - LOVE IS MORE (Slovensk\u00fd)","robots":{"index":"index","follow":"follow","max-snippet":"max-snippet:-1","max-image-preview":"max-image-preview:large","max-video-preview":"max-video-preview:-1"},"canonical":"https:\/\/www.safersurfing.org\/loveismore-sk\/pomoc-pre-partnerov\/","og_locale":"sl_SI","og_type":"article","og_title":"M\u00f4j man\u017eel sleduje porno","og_url":"https:\/\/www.safersurfing.org\/loveismore-sk\/pomoc-pre-partnerov\/","og_site_name":"LOVE IS MORE (Slovensk\u00fd)","article_publisher":"https:\/\/www.facebook.com\/loveismore.org\/","article_modified_time":"2018-10-01T07:59:05+00:00","twitter_card":"summary_large_image","twitter_misc":{"Est. reading time":"8 minut"},"schema":{"@context":"https:\/\/schema.org","@graph":[{"@type":"WebPage","@id":"https:\/\/www.safersurfing.org\/loveismore-sk\/pomoc-pre-partnerov\/","url":"https:\/\/www.safersurfing.org\/loveismore-sk\/pomoc-pre-partnerov\/","name":"M\u00f4j man\u017eel sleduje porno - LOVE IS MORE (Slovensk\u00fd)","isPartOf":{"@id":"https:\/\/www.safersurfing.org\/loveismore-sk\/#website"},"datePublished":"2018-07-17T18:35:44+00:00","dateModified":"2018-10-01T07:59:05+00:00","breadcrumb":{"@id":"https:\/\/www.safersurfing.org\/loveismore-sk\/pomoc-pre-partnerov\/#breadcrumb"},"inLanguage":"sl-SI","potentialAction":[{"@type":"ReadAction","target":["https:\/\/www.safersurfing.org\/loveismore-sk\/pomoc-pre-partnerov\/"]}]},{"@type":"BreadcrumbList","@id":"https:\/\/www.safersurfing.org\/loveismore-sk\/pomoc-pre-partnerov\/#breadcrumb","itemListElement":[{"@type":"ListItem","position":1,"name":"Startseite","item":"https:\/\/www.safersurfing.org\/loveismore-sk\/"},{"@type":"ListItem","position":2,"name":"M\u00f4j man\u017eel sleduje porno"}]},{"@type":"WebSite","@id":"https:\/\/www.safersurfing.org\/loveismore-sk\/#website","url":"https:\/\/www.safersurfing.org\/loveismore-sk\/","name":"Love is more","description":"","potentialAction":[{"@type":"SearchAction","target":{"@type":"EntryPoint","urlTemplate":"https:\/\/www.safersurfing.org\/loveismore-sk\/?s={search_term_string}"},"query-input":{"@type":"PropertyValueSpecification","valueRequired":true,"valueName":"search_term_string"}}],"inLanguage":"sl-SI"}]}},"_links":{"self":[{"href":"https:\/\/www.safersurfing.org\/loveismore-sk\/wp-json\/wp\/v2\/pages\/2930","targetHints":{"allow":["GET"]}}],"collection":[{"href":"https:\/\/www.safersurfing.org\/loveismore-sk\/wp-json\/wp\/v2\/pages"}],"about":[{"href":"https:\/\/www.safersurfing.org\/loveismore-sk\/wp-json\/wp\/v2\/types\/page"}],"author":[{"embeddable":true,"href":"https:\/\/www.safersurfing.org\/loveismore-sk\/wp-json\/wp\/v2\/users\/1"}],"replies":[{"embeddable":true,"href":"https:\/\/www.safersurfing.org\/loveismore-sk\/wp-json\/wp\/v2\/comments?post=2930"}],"version-history":[{"count":0,"href":"https:\/\/www.safersurfing.org\/loveismore-sk\/wp-json\/wp\/v2\/pages\/2930\/revisions"}],"wp:attachment":[{"href":"https:\/\/www.safersurfing.org\/loveismore-sk\/wp-json\/wp\/v2\/media?parent=2930"}],"curies":[{"name":"wp","href":"https:\/\/api.w.org\/{rel}","templated":true}]}}