{"id":2868,"date":"2018-07-04T22:45:53","date_gmt":"2018-07-04T22:45:53","guid":{"rendered":"https:\/\/www.safersurfing.org\/loveismore\/?page_id=2868"},"modified":"2024-06-04T10:41:08","modified_gmt":"2024-06-04T08:41:08","slug":"spenden","status":"publish","type":"page","link":"https:\/\/www.safersurfing.org\/loveismore\/spenden\/","title":{"rendered":"Spenden"},"content":{"rendered":"<div class=\"fusion-fullwidth fullwidth-box fusion-builder-row-1 fusion-flex-container nonhundred-percent-fullwidth non-hundred-percent-height-scrolling\" style=\"--awb-border-radius-top-left:0px;--awb-border-radius-top-right:0px;--awb-border-radius-bottom-right:0px;--awb-border-radius-bottom-left:0px;--awb-flex-wrap:wrap;\" ><div class=\"fusion-builder-row fusion-row fusion-flex-align-items-flex-start fusion-flex-content-wrap\" style=\"max-width:1216.8px;margin-left: calc(-4% \/ 2 );margin-right: calc(-4% \/ 2 );\"><div class=\"fusion-layout-column fusion_builder_column fusion-builder-column-0 fusion_builder_column_1_1 1_1 fusion-flex-column\" style=\"--awb-bg-size:cover;--awb-width-large:100%;--awb-margin-top-large:0px;--awb-spacing-right-large:1.92%;--awb-margin-bottom-large:20px;--awb-spacing-left-large:1.92%;--awb-width-medium:100%;--awb-spacing-right-medium:1.92%;--awb-spacing-left-medium:1.92%;--awb-width-small:100%;--awb-spacing-right-small:1.92%;--awb-spacing-left-small:1.92%;\"><div class=\"fusion-column-wrapper fusion-flex-justify-content-flex-start fusion-content-layout-column\"><div class=\"fusion-text fusion-text-1\"><h1 class=\"entry-title\" style=\"text-align: left;\">Deine Spende wirkt!<\/h1>\n<\/div><div class=\"fusion-text fusion-text-2\"><header class=\"entry-header\">\n<p class=\"entry-title\" style=\"text-align: left;\">Hilf uns mit deiner Spende, damit wir Kinder, Jugendliche und Erwachsene im Internet vor sensiblen und gef\u00e4hrlichen Inhalten sch\u00fctzen k\u00f6nnen (Gratisbrosch\u00fcren, Lehrer- und Elternfortbildung, Selbsthilfegruppen etc.). Das Team von Safersurfing ist f\u00fcr dieses Anliegen laufend im Einsatz. Wir garantieren dir: Deine Spende wirkt!<\/p>\n<\/header>\n<div class=\"entry-content\">\n<div class=\"entry-content\">\n<p class=\"bodytext\" style=\"text-align: left;\">Herzlichen Dank f\u00fcr deine Unterst\u00fctzung!<\/p>\n<\/div>\n<\/div>\n<\/div><div class=\"fusion-text fusion-text-3\"><p style=\"text-align: center;\">\t<div id=\"give-form-2966-wrap\" class=\"give-form-wrap give-display-onpage\">\n\t\t\t\t\t<form id=\"give-form-2966-1\" class=\"give-form give-form-2966 give-form-type-set float-labels-enabled\" action=\"https:\/\/www.safersurfing.org\/loveismore\/wp-json\/wp\/v2\/pages\/2868\/?payment-mode=offline&form-id=2966\" data-id=\"2966-1\" data-currency_symbol=\"&euro;\" data-currency_code=\"EUR\" data-currency_position=\"before\" data-thousands_separator=\".\" data-decimal_separator=\",\" data-number_decimals=\"2\" data-publishable-key=\"pk_live_SMtnnvlq4TpJelMdklNha8iD\" data-account=\"acct_1CK5CyCP2chZ9OF6\" method=\"post\">\n\t\t\t\t<!-- The following field is for robots only, invisible to humans: -->\n\t\t\t\t<span class=\"give-hidden\" style=\"display: none !important;\">\n\t\t\t\t\t<label for=\"give-form-honeypot-2966\"><\/label>\n\t\t\t\t\t<input id=\"give-form-honeypot-2966\" type=\"text\" name=\"give-honeypot\"\n\t\t\t\t\t\t   class=\"give-honeypot give-hidden\"\/>\n\t\t\t\t<\/span>\n\n\t\t\t\t\t<input type=\"hidden\" name=\"give-form-id-prefix\" value=\"2966-1\"\/>\n\t<input type=\"hidden\" name=\"give-form-id\" value=\"2966\"\/>\n\t<input type=\"hidden\" name=\"give-form-title\" value=\"Spenden\"\/>\n\t<input type=\"hidden\" name=\"give-current-url\" value=\"https:\/\/www.safersurfing.org\/loveismore\/wp-json\/wp\/v2\/pages\/2868\/\"\/>\n\t<input type=\"hidden\" name=\"give-form-url\" value=\"https:\/\/www.safersurfing.org\/loveismore\/wp-json\/wp\/v2\/pages\/2868\/\"\/>\n\t\t\t<input type=\"hidden\" name=\"give-form-minimum\"\n\t\t\t   value=\"1.00\"\/>\n\t\t<input type=\"hidden\" name=\"give-form-maximum\"\n\t\t\t   value=\"999999.99\"\/>\n\t\t<input type=\"hidden\"  name=\"give-form-hash\" value=\"af846ec8aa\" data-time=\"1778497106\" data-nonce-life=\"86400\" data-donor-session=\"0\"\/>\t\t<div class=\"give-total-wrap\">\n\t\t\t<div class=\"give-donation-amount form-row-wide\">\n\t\t\t\t<span class=\"give-currency-symbol give-currency-position-before\">&euro;<\/span>\t\t\t\t<label class=\"give-hidden\" for=\"give-amount\">Spendensumme:<\/label>\n\t\t\t\t<input class=\"give-text-input give-amount-top\" id=\"give-amount\" name=\"give-amount\" type=\"text\" inputmode=\"decimal\"\n\t\t\t\t\t   placeholder=\"\" value=\"50,00\" autocomplete=\"off\">\n\t\t\t\t\t\t\t<\/div>\n\t\t<\/div>\n\t\t\t\t<p class=\"give-custom-amount-text\">Gib einen freien Betrag ein<\/p>\n\t\t<input id=\"give-stripe-payment-method-2966-1\" type=\"hidden\" name=\"give_stripe_payment_method\" value=\"\">\n\t<fieldset id=\"give-payment-mode-select\">\n\t\t\t\t<legend\n\t\t\tclass=\"give-payment-mode-label\">Zahlungsmethode ausw\u00e4hlen\t\t\t<span class=\"give-loading-text\"><span\n\t\t\t\t\tclass=\"give-loading-animation\"><\/span>\n\t\t\t<\/span>\n\t\t<\/legend>\n\n\t\t<div id=\"give-payment-mode-wrap\">\n\t\t\t\t\t\t<ul id=\"give-gateway-radio-list\">\n\t\t\t\t\t\t\t\t\t\t<li class=\"give-gateway-option-selected\">\n\t\t\t\t\t\t\t<input type=\"radio\" name=\"payment-mode\" class=\"give-gateway\"\n\t\t\t\t\t\t\t\t   id=\"give-gateway-offline-2966-1\"\n\t\t\t\t\t\t\t\t   value=\"offline\" checked='checked'>\n\t\t\t\t\t\t\t<label for=\"give-gateway-offline-2966-1\"\n\t\t\t\t\t\t\t\t   class=\"give-gateway-option\"\n\t\t\t\t\t\t\t\t   id=\"give-gateway-option-offline\"> \u00dcberweisung (in DE &amp; \u00d6 absetzbar)<\/label>\n\t\t\t\t\t\t<\/li>\n\t\t\t\t\t\t\t\t\t\t\t\t<li>\n\t\t\t\t\t\t\t<input type=\"radio\" name=\"payment-mode\" class=\"give-gateway\"\n\t\t\t\t\t\t\t\t   id=\"give-gateway-paypal-commerce-2966-1\"\n\t\t\t\t\t\t\t\t   value=\"paypal-commerce\">\n\t\t\t\t\t\t\t<label for=\"give-gateway-paypal-commerce-2966-1\"\n\t\t\t\t\t\t\t\t   class=\"give-gateway-option\"\n\t\t\t\t\t\t\t\t   id=\"give-gateway-option-paypal-commerce\"> PayPal (in \u00d6 absetzbar)<\/label>\n\t\t\t\t\t\t<\/li>\n\t\t\t\t\t\t\t\t\t\t\t\t<li>\n\t\t\t\t\t\t\t<input type=\"radio\" name=\"payment-mode\" class=\"give-gateway\"\n\t\t\t\t\t\t\t\t   id=\"give-gateway-stripe-2966-1\"\n\t\t\t\t\t\t\t\t   value=\"stripe\">\n\t\t\t\t\t\t\t<label for=\"give-gateway-stripe-2966-1\"\n\t\t\t\t\t\t\t\t   class=\"give-gateway-option\"\n\t\t\t\t\t\t\t\t   id=\"give-gateway-option-stripe\"> Kreditkarte (in \u00d6 absetzbar)<\/label>\n\t\t\t\t\t\t<\/li>\n\t\t\t\t\t\t\t\t\t<\/ul>\n\t\t\t\t\t<\/div>\n\t\t\t<\/fieldset>\n\n\t\n\t<div id=\"give_purchase_form_wrap\">\n\n\t\t\t<fieldset id=\"give_checkout_user_info\" class=\"\">\n\t\t<legend>\n\t\t\tPers\u00f6nliche Informationen\t\t<\/legend>\n\n\t\t\n        <p id=\"give-first-name-wrap\" class=\"form-row form-row-first form-row-responsive\">\n            <label class=\"give-label\" for=\"give-first\">\n                Vorname                                    <span class=\"give-required-indicator\">*<\/span>\n                                <span class=\"give-tooltip hint--top hint--medium hint--bounce\" aria-label=\"Dein Vorname wird benutzt, um deine Spendenaufzeichnung zu personalisieren.\" rel=\"tooltip\"><i class=\"give-icon give-icon-question\"><\/i><\/span>            <\/label>\n            <input\n                class=\"give-input required\"\n                type=\"text\"\n                name=\"give_first\"\n                autocomplete=\"given-name\"\n                placeholder=\"Vorname\"\n                id=\"give-first\"\n                value=\"\"\n                 required aria-required=\"true\"             \/>\n        <\/p>\n\n        <p id=\"give-last-name-wrap\" class=\"form-row form-row-last form-row-responsive\">\n            <label class=\"give-label\" for=\"give-last\">\n                Nachname                                <span class=\"give-tooltip hint--top hint--medium hint--bounce\" aria-label=\"Dein Nachname wird benutzt, um deine Spendenaufzeichnung zu personalisieren.\" rel=\"tooltip\"><i class=\"give-icon give-icon-question\"><\/i><\/span>            <\/label>\n\n            <input\n                class=\"give-input\"\n                type=\"text\"\n                name=\"give_last\"\n                autocomplete=\"family-name\"\n                id=\"give-last\"\n                placeholder=\"Nachname\"\n                value=\"\"\n                            \/>\n        <\/p>\n\n        \n                <p id=\"give-email-wrap\" class=\"form-row form-row-wide\">\n            <label class=\"give-label\" for=\"give-email\">\n                E-Mail-Adresse                                    <span class=\"give-required-indicator\">*<\/span>\n                                    <span class=\"give-tooltip hint--top hint--medium hint--bounce\" aria-label=\"Wir werden die Spendenquittung zu dieser Adresse senden.\" rel=\"tooltip\"><i class=\"give-icon give-icon-question\"><\/i><\/span>            <\/label>\n            <input\n                class=\"give-input required\"\n                type=\"email\"\n                name=\"give_email\"\n                autocomplete=\"email\"\n                placeholder=\"E-Mail-Adresse\"\n                id=\"give-email\"\n                value=\"\"\n                 required aria-required=\"true\"             \/>\n\n        <\/p>\n\n        \n\t\t\t\t\t<\/fieldset>\n\t<fieldset class='no-fields' id='give_offline_payment_info'>\n                <p>Bitte an eines der folgenden Konten \u00fcberweisen:<\/p>\n<p><strong>Deutschland<\/strong>\u00a0(steuerlich absetzbar)<br \/>\nIBAN: DE23 3702 0500 0009 4319 01<br \/>\nSWIFT\/BIC: BFSWDE33XXX, Sozialbank<br \/>\nEmpf\u00e4nger: Safersurfing e.V.<br \/>\nMit einem Dauerauftrag hilfst du uns, langfristig zu planen!<\/p>\n<p>oder<\/p>\n<p><a class=\"external-link-new-window\" title=\"Bank f\u00fcr Sozialwirtschaft\" href=\"https:\/\/secure.spendenbank.de\/form\/2203?langid=1\" target=\"_blank\" rel=\"noopener\">Online direkt Spenden<\/a><\/p>\n<p>&nbsp;<\/p>\n<p><strong>\u00d6sterreich<\/strong>\u00a0(steuerlich absetzbar)<br \/>\nIBAN: AT05 1200 0100 1525 3478<br \/>\nBIC\/SWIFT: BKAUATWWXXX,\u00a0UniCredit Bank Austria AG<br \/>\nEmpf\u00e4nger: Safersurfing<br \/>\nMit einem Dauerauftrag hilfst du uns, langfristig zu planen!<\/p>\n<p>&nbsp;<\/p>\n<p>Alle Zuwendungen werden dankbar entgegengenommen und\u00a0 sind\u00a0 in D und \u00d6 steuerlich abzugsf\u00e4hig.<\/p>\n<p>Herzlichen Dank f\u00fcr deine Unterst\u00fctzung!<\/p>\n<p>Deine Spende wirkt!<\/p>\n<p>&nbsp;<\/p>\n\n            <\/fieldset><div id=\"give-stripe-payment-errors-2966-1\"><\/div>\t<fieldset id=\"give_purchase_submit\" class=\"give-donation-submit\">\n\t\t\t<p id=\"give-final-total-wrap\" class=\"form-wrap \">\n\t\t\t\t<span class=\"give-donation-total-label\">\n\t\t\tSpendensumme:\t\t<\/span>\n\t\t<span class=\"give-final-total-amount\"\n\t\t\t  data-total=\"50,00\">\n\t\t\t&euro;50,00\t\t<\/span>\n\t\t\t<\/p>\n\t\t<input type=\"hidden\" name=\"give_action\" value=\"purchase\"\/>\n\t<input type=\"hidden\" name=\"give-gateway\" value=\"offline\"\/>\n\t\t<div class=\"give-submit-button-wrap give-clearfix\">\n\t\t<input type=\"submit\" class=\"give-submit give-btn\" id=\"give-purchase-button\" name=\"give-purchase\"\n\t\t\t   value=\"Jetzt spenden\" data-before-validation-label=\"Jetzt spenden\"\/>\n\t\t<span class=\"give-loading-animation\"><\/span>\n\t<\/div>\n\t\t<\/fieldset>\n\t\n\t<\/div>\n\n\t\t\t\t<\/form>\n\n\t\t\t\n\t<\/div><!--end #give-form-2966-->\n\t<\/p>\n<\/div><\/div><\/div><\/div><\/div>\n","protected":false},"excerpt":{"rendered":"","protected":false},"author":14,"featured_media":0,"parent":0,"menu_order":0,"comment_status":"closed","ping_status":"open","template":"","meta":{"give_campaign_id":0,"footnotes":""},"class_list":["post-2868","page","type-page","status-publish","hentry"],"yoast_head":"<!-- This site is optimized with the Yoast SEO plugin v27.0 - https:\/\/yoast.com\/product\/yoast-seo-wordpress\/ -->\n<title>Spenden - LOVE IS MORE DE<\/title>\n<meta name=\"robots\" content=\"index, follow, max-snippet:-1, max-image-preview:large, max-video-preview:-1\" \/>\n<link rel=\"canonical\" href=\"https:\/\/www.safersurfing.org\/loveismore\/spenden\/\" \/>\n<meta property=\"og:locale\" content=\"de_DE\" \/>\n<meta property=\"og:type\" content=\"article\" \/>\n<meta property=\"og:title\" content=\"Spenden - LOVE IS MORE DE\" \/>\n<meta property=\"og:url\" content=\"https:\/\/www.safersurfing.org\/loveismore\/spenden\/\" \/>\n<meta property=\"og:site_name\" content=\"LOVE IS MORE DE\" \/>\n<meta property=\"article:publisher\" content=\"https:\/\/www.facebook.com\/loveismore.org\/\" \/>\n<meta property=\"article:modified_time\" content=\"2024-06-04T08:41:08+00:00\" \/>\n<meta name=\"twitter:card\" content=\"summary_large_image\" \/>\n<meta name=\"twitter:label1\" content=\"Gesch\u00e4tzte Lesezeit\" \/>\n\t<meta name=\"twitter:data1\" content=\"1\u00a0Minute\" \/>\n<script type=\"application\/ld+json\" class=\"yoast-schema-graph\">{\"@context\":\"https:\/\/schema.org\",\"@graph\":[{\"@type\":\"WebPage\",\"@id\":\"https:\/\/www.safersurfing.org\/loveismore\/spenden\/\",\"url\":\"https:\/\/www.safersurfing.org\/loveismore\/spenden\/\",\"name\":\"Spenden - LOVE IS MORE DE\",\"isPartOf\":{\"@id\":\"https:\/\/www.safersurfing.org\/loveismore\/#website\"},\"datePublished\":\"2018-07-04T22:45:53+00:00\",\"dateModified\":\"2024-06-04T08:41:08+00:00\",\"breadcrumb\":{\"@id\":\"https:\/\/www.safersurfing.org\/loveismore\/spenden\/#breadcrumb\"},\"inLanguage\":\"de\",\"potentialAction\":[{\"@type\":\"ReadAction\",\"target\":[\"https:\/\/www.safersurfing.org\/loveismore\/spenden\/\"]}]},{\"@type\":\"BreadcrumbList\",\"@id\":\"https:\/\/www.safersurfing.org\/loveismore\/spenden\/#breadcrumb\",\"itemListElement\":[{\"@type\":\"ListItem\",\"position\":1,\"name\":\"Startseite\",\"item\":\"https:\/\/www.safersurfing.org\/loveismore\/\"},{\"@type\":\"ListItem\",\"position\":2,\"name\":\"Spenden\"}]},{\"@type\":\"WebSite\",\"@id\":\"https:\/\/www.safersurfing.org\/loveismore\/#website\",\"url\":\"https:\/\/www.safersurfing.org\/loveismore\/\",\"name\":\"LOVE IS MORE DE\",\"description\":\"Ein Leben ohne Pornografie ist m\u00f6glich\",\"publisher\":{\"@id\":\"https:\/\/www.safersurfing.org\/loveismore\/#organization\"},\"potentialAction\":[{\"@type\":\"SearchAction\",\"target\":{\"@type\":\"EntryPoint\",\"urlTemplate\":\"https:\/\/www.safersurfing.org\/loveismore\/?s={search_term_string}\"},\"query-input\":{\"@type\":\"PropertyValueSpecification\",\"valueRequired\":true,\"valueName\":\"search_term_string\"}}],\"inLanguage\":\"de\"},{\"@type\":\"Organization\",\"@id\":\"https:\/\/www.safersurfing.org\/loveismore\/#organization\",\"name\":\"LOVE IS MORE\",\"url\":\"https:\/\/www.safersurfing.org\/loveismore\/\",\"logo\":{\"@type\":\"ImageObject\",\"inLanguage\":\"de\",\"@id\":\"https:\/\/www.safersurfing.org\/loveismore\/#\/schema\/logo\/image\/\",\"url\":\"https:\/\/www.safersurfing.org\/loveismore\/wp-content\/uploads\/sites\/2\/2018\/06\/Loveismore-Logo-320px.png\",\"contentUrl\":\"https:\/\/www.safersurfing.org\/loveismore\/wp-content\/uploads\/sites\/2\/2018\/06\/Loveismore-Logo-320px.png\",\"width\":320,\"height\":31,\"caption\":\"LOVE IS MORE\"},\"image\":{\"@id\":\"https:\/\/www.safersurfing.org\/loveismore\/#\/schema\/logo\/image\/\"},\"sameAs\":[\"https:\/\/www.facebook.com\/loveismore.org\/\",\"https:\/\/www.youtube.com\/c\/loveismore\"]}]}<\/script>\n<!-- \/ Yoast SEO plugin. -->","yoast_head_json":{"title":"Spenden - LOVE IS MORE DE","robots":{"index":"index","follow":"follow","max-snippet":"max-snippet:-1","max-image-preview":"max-image-preview:large","max-video-preview":"max-video-preview:-1"},"canonical":"https:\/\/www.safersurfing.org\/loveismore\/spenden\/","og_locale":"de_DE","og_type":"article","og_title":"Spenden - LOVE IS MORE DE","og_url":"https:\/\/www.safersurfing.org\/loveismore\/spenden\/","og_site_name":"LOVE IS MORE DE","article_publisher":"https:\/\/www.facebook.com\/loveismore.org\/","article_modified_time":"2024-06-04T08:41:08+00:00","twitter_card":"summary_large_image","twitter_misc":{"Gesch\u00e4tzte Lesezeit":"1\u00a0Minute"},"schema":{"@context":"https:\/\/schema.org","@graph":[{"@type":"WebPage","@id":"https:\/\/www.safersurfing.org\/loveismore\/spenden\/","url":"https:\/\/www.safersurfing.org\/loveismore\/spenden\/","name":"Spenden - LOVE IS MORE DE","isPartOf":{"@id":"https:\/\/www.safersurfing.org\/loveismore\/#website"},"datePublished":"2018-07-04T22:45:53+00:00","dateModified":"2024-06-04T08:41:08+00:00","breadcrumb":{"@id":"https:\/\/www.safersurfing.org\/loveismore\/spenden\/#breadcrumb"},"inLanguage":"de","potentialAction":[{"@type":"ReadAction","target":["https:\/\/www.safersurfing.org\/loveismore\/spenden\/"]}]},{"@type":"BreadcrumbList","@id":"https:\/\/www.safersurfing.org\/loveismore\/spenden\/#breadcrumb","itemListElement":[{"@type":"ListItem","position":1,"name":"Startseite","item":"https:\/\/www.safersurfing.org\/loveismore\/"},{"@type":"ListItem","position":2,"name":"Spenden"}]},{"@type":"WebSite","@id":"https:\/\/www.safersurfing.org\/loveismore\/#website","url":"https:\/\/www.safersurfing.org\/loveismore\/","name":"LOVE IS MORE DE","description":"Ein Leben ohne Pornografie ist m\u00f6glich","publisher":{"@id":"https:\/\/www.safersurfing.org\/loveismore\/#organization"},"potentialAction":[{"@type":"SearchAction","target":{"@type":"EntryPoint","urlTemplate":"https:\/\/www.safersurfing.org\/loveismore\/?s={search_term_string}"},"query-input":{"@type":"PropertyValueSpecification","valueRequired":true,"valueName":"search_term_string"}}],"inLanguage":"de"},{"@type":"Organization","@id":"https:\/\/www.safersurfing.org\/loveismore\/#organization","name":"LOVE IS MORE","url":"https:\/\/www.safersurfing.org\/loveismore\/","logo":{"@type":"ImageObject","inLanguage":"de","@id":"https:\/\/www.safersurfing.org\/loveismore\/#\/schema\/logo\/image\/","url":"https:\/\/www.safersurfing.org\/loveismore\/wp-content\/uploads\/sites\/2\/2018\/06\/Loveismore-Logo-320px.png","contentUrl":"https:\/\/www.safersurfing.org\/loveismore\/wp-content\/uploads\/sites\/2\/2018\/06\/Loveismore-Logo-320px.png","width":320,"height":31,"caption":"LOVE IS MORE"},"image":{"@id":"https:\/\/www.safersurfing.org\/loveismore\/#\/schema\/logo\/image\/"},"sameAs":["https:\/\/www.facebook.com\/loveismore.org\/","https:\/\/www.youtube.com\/c\/loveismore"]}]}},"campaignId":"","_links":{"self":[{"href":"https:\/\/www.safersurfing.org\/loveismore\/wp-json\/wp\/v2\/pages\/2868","targetHints":{"allow":["GET"]}}],"collection":[{"href":"https:\/\/www.safersurfing.org\/loveismore\/wp-json\/wp\/v2\/pages"}],"about":[{"href":"https:\/\/www.safersurfing.org\/loveismore\/wp-json\/wp\/v2\/types\/page"}],"author":[{"embeddable":true,"href":"https:\/\/www.safersurfing.org\/loveismore\/wp-json\/wp\/v2\/users\/14"}],"replies":[{"embeddable":true,"href":"https:\/\/www.safersurfing.org\/loveismore\/wp-json\/wp\/v2\/comments?post=2868"}],"version-history":[{"count":0,"href":"https:\/\/www.safersurfing.org\/loveismore\/wp-json\/wp\/v2\/pages\/2868\/revisions"}],"wp:attachment":[{"href":"https:\/\/www.safersurfing.org\/loveismore\/wp-json\/wp\/v2\/media?parent=2868"}],"curies":[{"name":"wp","href":"https:\/\/api.w.org\/{rel}","templated":true}]}}