{"id":8452,"date":"2021-02-24T10:46:46","date_gmt":"2021-02-24T09:46:46","guid":{"rendered":"https:\/\/www.safersurfing.org\/loveismore\/produkt\/mit-deinen-kindern-ueber-pornos-reden\/"},"modified":"2026-03-22T18:50:02","modified_gmt":"2026-03-22T17:50:02","slug":"mit-deinen-kindern-ueber-pornos-reden","status":"publish","type":"product","link":"https:\/\/www.safersurfing.org\/loveismore\/shop\/broschueren\/mit-deinen-kindern-ueber-pornos-reden\/","title":{"rendered":"Mit deinen Kindern \u00fcber Pornos reden"},"content":{"rendered":"<p>Trotz der besten Voraussetzungen wird der Zeitpunkt kommen, an dem Ihr Kind au\u00dferhalb Ihres Einflussbereiches mit Pornografie in Ber\u00fchrung kommt.<br \/>\nDiese Brosch\u00fcre hilft Ihnen, das Thema im Zuge einer altersgerechten Aufkl\u00e4rung anzusprechen. Geben Sie Ihrem Kind einen Rahmen, um den unvermeidlichen Erstkontakt einordnen zu k\u00f6nnen und negative Auswirkungen zu vermeiden.<\/p>\n<p>Auch als Download (PDF) verf\u00fcgbar<\/p>\n","protected":false},"excerpt":{"rendered":"<p>Brosch\u00fcre mit Tipps f\u00fcr Eltern, um mit Kindern\/Jugendlichen \u00fcber das Thema Pornografie ins Gespr\u00e4ch zu kommen<\/p>\n","protected":false},"featured_media":8893,"template":"","meta":{"give_campaign_id":0},"product_brand":[],"product_cat":[47,158],"product_tag":[3381,3380],"class_list":{"0":"post-8452","1":"product","2":"type-product","3":"status-publish","4":"has-post-thumbnail","6":"product_cat-broschueren","7":"product_cat-kinderschutz","8":"product_tag-internet","9":"product_tag-kinderschutz","11":"first","12":"instock","13":"shipping-taxable","14":"purchasable","15":"product-type-simple"},"yoast_head":"<!-- This site is optimized with the Yoast SEO plugin v27.0 - https:\/\/yoast.com\/product\/yoast-seo-wordpress\/ -->\n<title>Mit deinen Kindern \u00fcber Pornos reden - LOVE IS MORE DE<\/title>\n<meta name=\"robots\" content=\"index, follow, max-snippet:-1, max-image-preview:large, max-video-preview:-1\" \/>\n<link rel=\"canonical\" href=\"https:\/\/www.safersurfing.org\/loveismore\/shop\/broschueren\/mit-deinen-kindern-ueber-pornos-reden\/\" \/>\n<meta property=\"og:locale\" content=\"de_DE\" \/>\n<meta property=\"og:type\" content=\"article\" \/>\n<meta property=\"og:title\" content=\"Mit deinen Kindern \u00fcber Pornos reden - LOVE IS MORE DE\" \/>\n<meta property=\"og:description\" content=\"Brosch\u00fcre mit Tipps f\u00fcr Eltern, um mit Kindern\/Jugendlichen \u00fcber das Thema Pornografie ins Gespr\u00e4ch zu kommen\" \/>\n<meta property=\"og:url\" content=\"https:\/\/www.safersurfing.org\/loveismore\/shop\/broschueren\/mit-deinen-kindern-ueber-pornos-reden\/\" \/>\n<meta property=\"og:site_name\" content=\"LOVE IS MORE DE\" \/>\n<meta property=\"article:publisher\" content=\"https:\/\/www.facebook.com\/loveismore.org\/\" \/>\n<meta property=\"article:modified_time\" content=\"2026-03-22T17:50:02+00:00\" \/>\n<meta property=\"og:image\" content=\"https:\/\/www.safersurfing.org\/loveismore\/wp-content\/uploads\/sites\/2\/2021\/11\/BRO_Pornogespraech_300x300.png\" \/>\n\t<meta property=\"og:image:width\" content=\"300\" \/>\n\t<meta property=\"og:image:height\" content=\"300\" \/>\n\t<meta property=\"og:image:type\" content=\"image\/png\" \/>\n<meta name=\"twitter:card\" content=\"summary_large_image\" \/>\n<meta name=\"twitter:label1\" content=\"Gesch\u00e4tzte Lesezeit\" \/>\n\t<meta name=\"twitter:data1\" content=\"1\u00a0Minute\" \/>\n<script type=\"application\/ld+json\" class=\"yoast-schema-graph\">{\"@context\":\"https:\/\/schema.org\",\"@graph\":[{\"@type\":\"WebPage\",\"@id\":\"https:\/\/www.safersurfing.org\/loveismore\/shop\/broschueren\/mit-deinen-kindern-ueber-pornos-reden\/\",\"url\":\"https:\/\/www.safersurfing.org\/loveismore\/shop\/broschueren\/mit-deinen-kindern-ueber-pornos-reden\/\",\"name\":\"Mit deinen Kindern \u00fcber Pornos reden - LOVE IS MORE DE\",\"isPartOf\":{\"@id\":\"https:\/\/www.safersurfing.org\/loveismore\/#website\"},\"primaryImageOfPage\":{\"@id\":\"https:\/\/www.safersurfing.org\/loveismore\/shop\/broschueren\/mit-deinen-kindern-ueber-pornos-reden\/#primaryimage\"},\"image\":{\"@id\":\"https:\/\/www.safersurfing.org\/loveismore\/shop\/broschueren\/mit-deinen-kindern-ueber-pornos-reden\/#primaryimage\"},\"thumbnailUrl\":\"https:\/\/www.safersurfing.org\/loveismore\/wp-content\/uploads\/sites\/2\/2021\/11\/BRO_Pornogespraech_300x300.png\",\"datePublished\":\"2021-02-24T09:46:46+00:00\",\"dateModified\":\"2026-03-22T17:50:02+00:00\",\"breadcrumb\":{\"@id\":\"https:\/\/www.safersurfing.org\/loveismore\/shop\/broschueren\/mit-deinen-kindern-ueber-pornos-reden\/#breadcrumb\"},\"inLanguage\":\"de\",\"potentialAction\":[{\"@type\":\"ReadAction\",\"target\":[\"https:\/\/www.safersurfing.org\/loveismore\/shop\/broschueren\/mit-deinen-kindern-ueber-pornos-reden\/\"]}]},{\"@type\":\"ImageObject\",\"inLanguage\":\"de\",\"@id\":\"https:\/\/www.safersurfing.org\/loveismore\/shop\/broschueren\/mit-deinen-kindern-ueber-pornos-reden\/#primaryimage\",\"url\":\"https:\/\/www.safersurfing.org\/loveismore\/wp-content\/uploads\/sites\/2\/2021\/11\/BRO_Pornogespraech_300x300.png\",\"contentUrl\":\"https:\/\/www.safersurfing.org\/loveismore\/wp-content\/uploads\/sites\/2\/2021\/11\/BRO_Pornogespraech_300x300.png\",\"width\":300,\"height\":300,\"caption\":\"Titelseite der Brosch\u00fcre\"},{\"@type\":\"BreadcrumbList\",\"@id\":\"https:\/\/www.safersurfing.org\/loveismore\/shop\/broschueren\/mit-deinen-kindern-ueber-pornos-reden\/#breadcrumb\",\"itemListElement\":[{\"@type\":\"ListItem\",\"position\":1,\"name\":\"Startseite\",\"item\":\"https:\/\/www.safersurfing.org\/loveismore\/\"},{\"@type\":\"ListItem\",\"position\":2,\"name\":\"Shop\",\"item\":\"https:\/\/www.safersurfing.org\/loveismore\/shop\/\"},{\"@type\":\"ListItem\",\"position\":3,\"name\":\"Mit deinen Kindern \u00fcber Pornos reden\"}]},{\"@type\":\"WebSite\",\"@id\":\"https:\/\/www.safersurfing.org\/loveismore\/#website\",\"url\":\"https:\/\/www.safersurfing.org\/loveismore\/\",\"name\":\"LOVE IS MORE DE\",\"description\":\"Ein Leben ohne Pornografie ist m\u00f6glich\",\"publisher\":{\"@id\":\"https:\/\/www.safersurfing.org\/loveismore\/#organization\"},\"potentialAction\":[{\"@type\":\"SearchAction\",\"target\":{\"@type\":\"EntryPoint\",\"urlTemplate\":\"https:\/\/www.safersurfing.org\/loveismore\/?s={search_term_string}\"},\"query-input\":{\"@type\":\"PropertyValueSpecification\",\"valueRequired\":true,\"valueName\":\"search_term_string\"}}],\"inLanguage\":\"de\"},{\"@type\":\"Organization\",\"@id\":\"https:\/\/www.safersurfing.org\/loveismore\/#organization\",\"name\":\"LOVE IS MORE\",\"url\":\"https:\/\/www.safersurfing.org\/loveismore\/\",\"logo\":{\"@type\":\"ImageObject\",\"inLanguage\":\"de\",\"@id\":\"https:\/\/www.safersurfing.org\/loveismore\/#\/schema\/logo\/image\/\",\"url\":\"https:\/\/www.safersurfing.org\/loveismore\/wp-content\/uploads\/sites\/2\/2018\/06\/Loveismore-Logo-320px.png\",\"contentUrl\":\"https:\/\/www.safersurfing.org\/loveismore\/wp-content\/uploads\/sites\/2\/2018\/06\/Loveismore-Logo-320px.png\",\"width\":320,\"height\":31,\"caption\":\"LOVE IS MORE\"},\"image\":{\"@id\":\"https:\/\/www.safersurfing.org\/loveismore\/#\/schema\/logo\/image\/\"},\"sameAs\":[\"https:\/\/www.facebook.com\/loveismore.org\/\",\"https:\/\/www.youtube.com\/c\/loveismore\"]}]}<\/script>\n<!-- \/ Yoast SEO plugin. -->","yoast_head_json":{"title":"Mit deinen Kindern \u00fcber Pornos reden - LOVE IS MORE DE","robots":{"index":"index","follow":"follow","max-snippet":"max-snippet:-1","max-image-preview":"max-image-preview:large","max-video-preview":"max-video-preview:-1"},"canonical":"https:\/\/www.safersurfing.org\/loveismore\/shop\/broschueren\/mit-deinen-kindern-ueber-pornos-reden\/","og_locale":"de_DE","og_type":"article","og_title":"Mit deinen Kindern \u00fcber Pornos reden - LOVE IS MORE DE","og_description":"Brosch\u00fcre mit Tipps f\u00fcr Eltern, um mit Kindern\/Jugendlichen \u00fcber das Thema Pornografie ins Gespr\u00e4ch zu kommen","og_url":"https:\/\/www.safersurfing.org\/loveismore\/shop\/broschueren\/mit-deinen-kindern-ueber-pornos-reden\/","og_site_name":"LOVE IS MORE DE","article_publisher":"https:\/\/www.facebook.com\/loveismore.org\/","article_modified_time":"2026-03-22T17:50:02+00:00","og_image":[{"width":300,"height":300,"url":"https:\/\/www.safersurfing.org\/loveismore\/wp-content\/uploads\/sites\/2\/2021\/11\/BRO_Pornogespraech_300x300.png","type":"image\/png"}],"twitter_card":"summary_large_image","twitter_misc":{"Gesch\u00e4tzte Lesezeit":"1\u00a0Minute"},"schema":{"@context":"https:\/\/schema.org","@graph":[{"@type":"WebPage","@id":"https:\/\/www.safersurfing.org\/loveismore\/shop\/broschueren\/mit-deinen-kindern-ueber-pornos-reden\/","url":"https:\/\/www.safersurfing.org\/loveismore\/shop\/broschueren\/mit-deinen-kindern-ueber-pornos-reden\/","name":"Mit deinen Kindern \u00fcber Pornos reden - LOVE IS MORE DE","isPartOf":{"@id":"https:\/\/www.safersurfing.org\/loveismore\/#website"},"primaryImageOfPage":{"@id":"https:\/\/www.safersurfing.org\/loveismore\/shop\/broschueren\/mit-deinen-kindern-ueber-pornos-reden\/#primaryimage"},"image":{"@id":"https:\/\/www.safersurfing.org\/loveismore\/shop\/broschueren\/mit-deinen-kindern-ueber-pornos-reden\/#primaryimage"},"thumbnailUrl":"https:\/\/www.safersurfing.org\/loveismore\/wp-content\/uploads\/sites\/2\/2021\/11\/BRO_Pornogespraech_300x300.png","datePublished":"2021-02-24T09:46:46+00:00","dateModified":"2026-03-22T17:50:02+00:00","breadcrumb":{"@id":"https:\/\/www.safersurfing.org\/loveismore\/shop\/broschueren\/mit-deinen-kindern-ueber-pornos-reden\/#breadcrumb"},"inLanguage":"de","potentialAction":[{"@type":"ReadAction","target":["https:\/\/www.safersurfing.org\/loveismore\/shop\/broschueren\/mit-deinen-kindern-ueber-pornos-reden\/"]}]},{"@type":"ImageObject","inLanguage":"de","@id":"https:\/\/www.safersurfing.org\/loveismore\/shop\/broschueren\/mit-deinen-kindern-ueber-pornos-reden\/#primaryimage","url":"https:\/\/www.safersurfing.org\/loveismore\/wp-content\/uploads\/sites\/2\/2021\/11\/BRO_Pornogespraech_300x300.png","contentUrl":"https:\/\/www.safersurfing.org\/loveismore\/wp-content\/uploads\/sites\/2\/2021\/11\/BRO_Pornogespraech_300x300.png","width":300,"height":300,"caption":"Titelseite der Brosch\u00fcre"},{"@type":"BreadcrumbList","@id":"https:\/\/www.safersurfing.org\/loveismore\/shop\/broschueren\/mit-deinen-kindern-ueber-pornos-reden\/#breadcrumb","itemListElement":[{"@type":"ListItem","position":1,"name":"Startseite","item":"https:\/\/www.safersurfing.org\/loveismore\/"},{"@type":"ListItem","position":2,"name":"Shop","item":"https:\/\/www.safersurfing.org\/loveismore\/shop\/"},{"@type":"ListItem","position":3,"name":"Mit deinen Kindern \u00fcber Pornos reden"}]},{"@type":"WebSite","@id":"https:\/\/www.safersurfing.org\/loveismore\/#website","url":"https:\/\/www.safersurfing.org\/loveismore\/","name":"LOVE IS MORE DE","description":"Ein Leben ohne Pornografie ist m\u00f6glich","publisher":{"@id":"https:\/\/www.safersurfing.org\/loveismore\/#organization"},"potentialAction":[{"@type":"SearchAction","target":{"@type":"EntryPoint","urlTemplate":"https:\/\/www.safersurfing.org\/loveismore\/?s={search_term_string}"},"query-input":{"@type":"PropertyValueSpecification","valueRequired":true,"valueName":"search_term_string"}}],"inLanguage":"de"},{"@type":"Organization","@id":"https:\/\/www.safersurfing.org\/loveismore\/#organization","name":"LOVE IS MORE","url":"https:\/\/www.safersurfing.org\/loveismore\/","logo":{"@type":"ImageObject","inLanguage":"de","@id":"https:\/\/www.safersurfing.org\/loveismore\/#\/schema\/logo\/image\/","url":"https:\/\/www.safersurfing.org\/loveismore\/wp-content\/uploads\/sites\/2\/2018\/06\/Loveismore-Logo-320px.png","contentUrl":"https:\/\/www.safersurfing.org\/loveismore\/wp-content\/uploads\/sites\/2\/2018\/06\/Loveismore-Logo-320px.png","width":320,"height":31,"caption":"LOVE IS MORE"},"image":{"@id":"https:\/\/www.safersurfing.org\/loveismore\/#\/schema\/logo\/image\/"},"sameAs":["https:\/\/www.facebook.com\/loveismore.org\/","https:\/\/www.youtube.com\/c\/loveismore"]}]}},"_links":{"self":[{"href":"https:\/\/www.safersurfing.org\/loveismore\/wp-json\/wp\/v2\/product\/8452","targetHints":{"allow":["GET"]}}],"collection":[{"href":"https:\/\/www.safersurfing.org\/loveismore\/wp-json\/wp\/v2\/product"}],"about":[{"href":"https:\/\/www.safersurfing.org\/loveismore\/wp-json\/wp\/v2\/types\/product"}],"wp:featuredmedia":[{"embeddable":true,"href":"https:\/\/www.safersurfing.org\/loveismore\/wp-json\/wp\/v2\/media\/8893"}],"wp:attachment":[{"href":"https:\/\/www.safersurfing.org\/loveismore\/wp-json\/wp\/v2\/media?parent=8452"}],"wp:term":[{"taxonomy":"product_brand","embeddable":true,"href":"https:\/\/www.safersurfing.org\/loveismore\/wp-json\/wp\/v2\/product_brand?post=8452"},{"taxonomy":"product_cat","embeddable":true,"href":"https:\/\/www.safersurfing.org\/loveismore\/wp-json\/wp\/v2\/product_cat?post=8452"},{"taxonomy":"product_tag","embeddable":true,"href":"https:\/\/www.safersurfing.org\/loveismore\/wp-json\/wp\/v2\/product_tag?post=8452"}],"curies":[{"name":"wp","href":"https:\/\/api.w.org\/{rel}","templated":true}]}}